{"id":12,"date":"2021-03-19T09:51:17","date_gmt":"2021-03-19T09:51:17","guid":{"rendered":"http:\/\/nicoletaghiris.ro\/?page_id=12"},"modified":"2025-11-13T09:26:14","modified_gmt":"2025-11-13T09:26:14","slug":"astrologie-vestica","status":"publish","type":"page","link":"https:\/\/nicoletaghiris.ro\/en\/astrologie-vestica\/","title":{"rendered":"Western Astrology"},"content":{"rendered":"<div class=\"brz-root__container brz-reset-all brz brz-root__container-page\">\n<section id=\"14c6fe46d1d9af55677f_ildgqhezjqdxbwjoeraliawimafnanstvsjm\" class=\"brz-section brz-css-12cvx8p brz-css-1dj8p9v\">\n<div class=\"brz-section__content brz-section--boxed brz-css-115j3tg brz-css-12z0sjx\" data-brz-custom-id=\"alsghnoyrlhbktxotjnatvuulqjldbvvbhkg\">\n<div class=\"brz-bg\">\n<div class=\"brz-bg-image\"><\/div>\n<div class=\"brz-bg-color\"><\/div>\n<\/div>\n<div class=\"brz-container brz-css-ah5bll\">\n<div id=\"\" data-brz-iteration-count=\"1\" class=\"brz-css-j3s86e brz-css-j4l1wp brz-wrapper brz-animated brz-css-91otft brz-css-1acrvv0\" data-animationid=\"eenxqcroqajzbirmcqnpnihzdxrnetylykkw\">\n<div class=\"brz-rich-text brz-rich-text__custom brz-css-2jqo6w\" data-brz-custom-id=\"plfcvejxnufhchpeybxgzzsqnjauqgovotuw\">\n<div data-brz-translate-text=\"1\">\n<h1 class=\"brz-ls-xs-im-4 brz-ls-sm-im-3 brz-ls-lg-1 brz-fs-sm-im-47 brz-fs-lg-70 brz-fs-xs-34 brz-lh-xs-1_3 brz-text-lg-center brz-text-xs-center brz-lh-lg-1 brz-lh-sm-im-1_1 brz-ff-cormorant_garamond brz-ft-google brz-fw-lg-500 brz-fw-sm-im-500 brz-fw-xs-im-500 brz-css-hio3H\"><span class=\"brz-cp-color8\">Astrologie Vestica<\/span><\/h1>\n<\/div>\n<\/div>\n<\/div>\n<\/div>\n<\/div>\n<\/section>\n<section id=\"5362089eebd93b2577df_cfbvbhluhjklldxrsagkoukqatiwczlbzexb\" class=\"brz-section brz-css-12cvx8p\">\n<div class=\"brz-section__content brz-section--boxed brz-css-115j3tg brz-css-8zvmgk\" data-brz-custom-id=\"dlrzvuwmwbvziqidcyxpoioavahbogjlnbap\">\n<div class=\"brz-container brz-css-ah5bll\">\n<div id=\"\" class=\"brz-css-j3s86e brz-wrapper\">\n<div class=\"brz-rich-text brz-rich-text__custom brz-css-2jqo6w\" data-brz-custom-id=\"xbfpanawufnwgdyvipuhdtybmjgmvoedkehh\">\n<div data-brz-translate-text=\"1\">\n<p class=\"brz-tp-lg-paragraph brz-css-gKISe\" data-generated-css=\"brz-css-y0GSb\" data-uniq-id=\"uDiYg\"><span class=\"brz-cp-color1\"> Astrologia occidental\u0103 este o \u0219tiin\u021b\u0103 care studiaz\u0103 efectele planetelor sistemului nostru solar asupra oamenilor. Practic, harta astrologic\u0103 reprezint\u0103 o radiografie a momentului \u00een care noi ne na\u0219tem..Cuv\u00e2ntul grecesc PLANETES \u00eenseamn\u0103 mi\u0219c\u0103tor, umbl\u0103tor, iar HOROSCOP: HOROS- timp \u0219i SCORPOS- observare. Harta na\u0219terii noastre este acea hart\u0103 simbolic\u0103 f\u0103cut\u0103 pentru a ar\u0103ta caracteristicile \u0219i poten\u021bialul unui om n\u0103scut \u00eentr-un anumit loc \u0219i timp pe P\u0103m\u00e2nt. De\u0219i grecii au contribuit mult la r\u0103sp\u00e2ndirea astrologiei, omenirea a \u00eenceput s\u0103 studieze cerul cu aproximativ&nbsp;8000 de ani \u00ee.H. Crez\u00e2nd \u00een faptul c\u0103 destinul este influen\u021bat de cer, asirienii, babilonienii, egiptenii \u0219i maia\u0219ii aveau astrologi califica\u021bi, care previzionau evenimente ce le influen\u021bau via\u021b\u0103 \u0219i prosperitatea. <\/span><\/p>\n<p class=\"brz-tp-lg-paragraph brz-css-k35I7\" data-generated-css=\"brz-css-wwayG\" data-uniq-id=\"oaSEc\"><span class=\"brz-cp-color1\"> <\/span><\/p>\n<p class=\"brz-tp-lg-paragraph brz-css-x0Hn3\" data-generated-css=\"brz-css-cToeV\" data-uniq-id=\"zOaSm\"><span class=\"brz-cp-color1\">Vei descoperi aici informa\u021bii din astrologia vestic\u0103 \u0219i cum \u00ee\u021bi influen\u021beaz\u0103 \u021bie \u0219i celor dragi \u021bie via\u021ba.<\/span><\/p>\n<\/div>\n<\/div>\n<\/div>\n<\/div>\n<\/div>\n<\/section>\n<section id=\"12c81a0302ebb0a9be6c_ecgebaezsjnnpuhqimyseqblfttwzvmoplsr\" class=\"brz-section brz-css-12cvx8p\">\n<div class=\"brz-section__content brz-section--boxed brz-css-115j3tg brz-css-1yeenf5\" data-brz-custom-id=\"ethsmfrdikylfffkzezrugiqkbdgjighqnki\">\n<div class=\"brz-bg\">\n<div class=\"brz-bg-color\"><\/div>\n<\/div>\n<div class=\"brz-container brz-css-ah5bll\">\n<div id=\"\" class=\"brz-css-j3s86e brz-wrapper\">\n<div class=\"brz-rich-text brz-rich-text__custom brz-css-2jqo6w\" data-brz-custom-id=\"gtitikqstizxxxpfyrjrvncwufspazsrcsir\">\n<div data-brz-translate-text=\"1\">\n<p class=\"brz-tp-heading3 brz-css-o08AA\"><span class=\"brz-cp-color1\">Most recent articles<\/span><\/p>\n<\/div>\n<\/div>\n<\/div>\n<div id=\"\" class=\"brz-css-j3s86e brz-css-191j36g brz-wrapper\">\n<div class=\"brz-posts brz-css-1uhbp1k brz-css-m26v3d\" data-brz-custom-id=\"krdbooxxqpqsrfewftnrntmrjadfkbijleiy\">\n<div class=\"brz-posts__wrapper\">\n<div class=\"brz-posts__item\">\n<div class=\"brz-columns brz-css-1vmza8l brz-css-fqcjpu\" data-brz-custom-id=\"tbcoyseallofdmkeeqbtlomzyfjiimyxpjam\">\n<div class=\"brz-bg\"><\/div>\n<div class=\"brz-column__items brz-css-1lewh0s\">\n<div id=\"\" class=\"brz-css-j3s86e brz-wrapper\">\n<div class=\"brz-image brz-css-1x8vzbr brz-css-mk7cty\" data-brz-custom-id=\"hmewmmsvifvyipcedafetpuwsbvhuyiamaco\"><img decoding=\"async\" class=\"brz-img\" src=\"https:\/\/nicoletaghiris.ro\/wp-content\/uploads\/brizy\/imgs\/Screen-Shot-2023-01-11-at-10.02.03-511x263x80x0x350x263x1673424285.jpg\" alt=\"\" loading=\"lazy\"><\/div>\n<\/div>\n<div id=\"\" class=\"brz-css-j3s86e brz-wrapper\">\n<div class=\"brz-wp-title brz-css-si39ws brz-css-18dnt6b\" data-brz-custom-id=\"keviouulvhcxwsqfjdljwcgfbpisbilapuyg\"><span class=\"brz-wp-title-content\" style=\"min-height:20px\">Anul 2025- anul \u0218arpelui de lemn<\/span><\/div>\n<\/div>\n<div class=\"brz-wrapper-clone brz-css-18vgx1j\">\n<div class=\"brz-d-xs-flex brz-flex-xs-wrap brz-css-5u0o1x brz-css-1t5tw9x\" data-brz-custom-id=\"\">\n<div class=\"brz-wrapper-clone__item\" id=\"jhecnfdgpfwskrbqkgugwhvuqqeftphyypjq\"><a class=\"brz-a brz-btn brz-css-1qff24y brz-css-1qwesl5 brz-css-1dhfjcd brz-css-1x9ykqt brz-css-1jbzmj6\" href=\"https:\/\/nicoletaghiris.ro\/en\/2025\/01\/10\/anul-2025-anul-sarpelui-de-lemn\/\" target=\"_self\" rel=\"noopener\" data-brz-link-type=\"external\" data-brz-custom-id=\"jhecnfdgpfwskrbqkgugwhvuqqeftphyypjq\"><span data-brz-translate-text=\"1\" class=\"brz-span brz-text__editor\">Continue reading<\/span><\/a><\/div>\n<\/div>\n<\/div>\n<div id=\"\" class=\"brz-css-j3s86e brz-wrapper\">\n<div class=\"brz-line brz-line-default brz-css-1cg6694 brz-css-169g9fm\" data-brz-custom-id=\"qyztqubpvwoweguveixkfwhujmosohaddpds\">\n<hr class=\"brz-hr\"><\/div>\n<\/div>\n<\/div>\n<\/div>\n<\/div>\n<div class=\"brz-posts__item\">\n<div class=\"brz-columns brz-css-1vmza8l brz-css-fqcjpu\" data-brz-custom-id=\"tbcoyseallofdmkeeqbtlomzyfjiimyxpjam\">\n<div class=\"brz-bg\"><\/div>\n<div class=\"brz-column__items brz-css-1lewh0s\">\n<div id=\"\" class=\"brz-css-j3s86e brz-wrapper\">\n<div class=\"brz-image brz-css-1x8vzbr brz-css-mk7cty\" data-brz-custom-id=\"hmewmmsvifvyipcedafetpuwsbvhuyiamaco\"><img decoding=\"async\" class=\"brz-img\" src=\"https:\/\/nicoletaghiris.ro\/wp-content\/uploads\/brizy\/imgs\/26eaf82444a8bb698f8f85b67017f4dc-394x263x22x0x350x263x1682000169.jpg\" alt=\"\" loading=\"lazy\"><\/div>\n<\/div>\n<div id=\"\" class=\"brz-css-j3s86e brz-wrapper\">\n<div class=\"brz-wp-title brz-css-si39ws brz-css-18dnt6b\" data-brz-custom-id=\"keviouulvhcxwsqfjdljwcgfbpisbilapuyg\"><span class=\"brz-wp-title-content\" style=\"min-height:20px\">Jupiter in Gemeni, o dat\u0103 la 12 ani &#8230;. impactul pentru fiecare nativ<\/span><\/div>\n<\/div>\n<div class=\"brz-wrapper-clone brz-css-18vgx1j\">\n<div class=\"brz-d-xs-flex brz-flex-xs-wrap brz-css-5u0o1x brz-css-1t5tw9x\" data-brz-custom-id=\"\">\n<div class=\"brz-wrapper-clone__item\" id=\"jhecnfdgpfwskrbqkgugwhvuqqeftphyypjq\"><a class=\"brz-a brz-btn brz-css-1qff24y brz-css-1qwesl5 brz-css-1dhfjcd brz-css-1x9ykqt brz-css-1jbzmj6\" href=\"https:\/\/nicoletaghiris.ro\/en\/2024\/05\/28\/jupiter-in-gemeni-o-data-la-12-ani-impactul-pentru-fiecare-nativ\/\" target=\"_self\" rel=\"noopener\" data-brz-link-type=\"external\" data-brz-custom-id=\"jhecnfdgpfwskrbqkgugwhvuqqeftphyypjq\"><span data-brz-translate-text=\"1\" class=\"brz-span brz-text__editor\">Continue reading<\/span><\/a><\/div>\n<\/div>\n<\/div>\n<div id=\"\" class=\"brz-css-j3s86e brz-wrapper\">\n<div class=\"brz-line brz-line-default brz-css-1cg6694 brz-css-169g9fm\" data-brz-custom-id=\"qyztqubpvwoweguveixkfwhujmosohaddpds\">\n<hr class=\"brz-hr\"><\/div>\n<\/div>\n<\/div>\n<\/div>\n<\/div>\n<div class=\"brz-posts__item\">\n<div class=\"brz-columns brz-css-1vmza8l brz-css-fqcjpu\" data-brz-custom-id=\"tbcoyseallofdmkeeqbtlomzyfjiimyxpjam\">\n<div class=\"brz-bg\"><\/div>\n<div class=\"brz-column__items brz-css-1lewh0s\">\n<div id=\"\" class=\"brz-css-j3s86e brz-wrapper\">\n<div class=\"brz-image brz-css-1x8vzbr brz-css-mk7cty\" data-brz-custom-id=\"hmewmmsvifvyipcedafetpuwsbvhuyiamaco\"><img decoding=\"async\" class=\"brz-img\" src=\"https:\/\/nicoletaghiris.ro\/wp-content\/uploads\/brizy\/imgs\/astrograma-copii-394x263x22x0x350x263x1622547037.jpeg\" alt=\"\" loading=\"lazy\"><\/div>\n<\/div>\n<div id=\"\" class=\"brz-css-j3s86e brz-wrapper\">\n<div class=\"brz-wp-title brz-css-si39ws brz-css-18dnt6b\" data-brz-custom-id=\"keviouulvhcxwsqfjdljwcgfbpisbilapuyg\"><span class=\"brz-wp-title-content\" style=\"min-height:20px\">ECLIPSA DE SOARE  8 APRILIE 2024<\/span><\/div>\n<\/div>\n<div class=\"brz-wrapper-clone brz-css-18vgx1j\">\n<div class=\"brz-d-xs-flex brz-flex-xs-wrap brz-css-5u0o1x brz-css-1t5tw9x\" data-brz-custom-id=\"\">\n<div class=\"brz-wrapper-clone__item\" id=\"jhecnfdgpfwskrbqkgugwhvuqqeftphyypjq\"><a class=\"brz-a brz-btn brz-css-1qff24y brz-css-1qwesl5 brz-css-1dhfjcd brz-css-1x9ykqt brz-css-1jbzmj6\" href=\"https:\/\/nicoletaghiris.ro\/en\/2024\/04\/08\/eclipsa-de-soare-8-aprilie-2024\/\" target=\"_self\" rel=\"noopener\" data-brz-link-type=\"external\" data-brz-custom-id=\"jhecnfdgpfwskrbqkgugwhvuqqeftphyypjq\"><span data-brz-translate-text=\"1\" class=\"brz-span brz-text__editor\">Continue reading<\/span><\/a><\/div>\n<\/div>\n<\/div>\n<div id=\"\" class=\"brz-css-j3s86e brz-wrapper\">\n<div class=\"brz-line brz-line-default brz-css-1cg6694 brz-css-169g9fm\" data-brz-custom-id=\"qyztqubpvwoweguveixkfwhujmosohaddpds\">\n<hr class=\"brz-hr\"><\/div>\n<\/div>\n<\/div>\n<\/div>\n<\/div>\n<div class=\"brz-posts__item\">\n<div class=\"brz-columns brz-css-1vmza8l brz-css-fqcjpu\" data-brz-custom-id=\"tbcoyseallofdmkeeqbtlomzyfjiimyxpjam\">\n<div class=\"brz-bg\"><\/div>\n<div class=\"brz-column__items brz-css-1lewh0s\">\n<div id=\"\" class=\"brz-css-j3s86e brz-wrapper\">\n<div class=\"brz-image brz-css-1x8vzbr brz-css-mk7cty\" data-brz-custom-id=\"hmewmmsvifvyipcedafetpuwsbvhuyiamaco\"><img decoding=\"async\" class=\"brz-img\" src=\"https:\/\/nicoletaghiris.ro\/wp-content\/uploads\/brizy\/imgs\/Screen-Shot-2023-01-11-at-10.02.03-511x263x80x0x350x263x1673424285.jpg\" alt=\"\" loading=\"lazy\"><\/div>\n<\/div>\n<div id=\"\" class=\"brz-css-j3s86e brz-wrapper\">\n<div class=\"brz-wp-title brz-css-si39ws brz-css-18dnt6b\" data-brz-custom-id=\"keviouulvhcxwsqfjdljwcgfbpisbilapuyg\"><span class=\"brz-wp-title-content\" style=\"min-height:20px\">Pluto in V\u0103rs\u0103tor si impactul in via\u021ba noastr\u0103 pe urm\u0103torii 20 de ani!<\/span><\/div>\n<\/div>\n<div class=\"brz-wrapper-clone brz-css-18vgx1j\">\n<div class=\"brz-d-xs-flex brz-flex-xs-wrap brz-css-5u0o1x brz-css-1t5tw9x\" data-brz-custom-id=\"\">\n<div class=\"brz-wrapper-clone__item\" id=\"jhecnfdgpfwskrbqkgugwhvuqqeftphyypjq\"><a class=\"brz-a brz-btn brz-css-1qff24y brz-css-1qwesl5 brz-css-1dhfjcd brz-css-1x9ykqt brz-css-1jbzmj6\" href=\"https:\/\/nicoletaghiris.ro\/en\/2024\/01\/26\/pluto-in-varsator-si-impactul-in-viata-noastra-pe-urmatorii-20-de-ani\/\" target=\"_self\" rel=\"noopener\" data-brz-link-type=\"external\" data-brz-custom-id=\"jhecnfdgpfwskrbqkgugwhvuqqeftphyypjq\"><span data-brz-translate-text=\"1\" class=\"brz-span brz-text__editor\">Continue reading<\/span><\/a><\/div>\n<\/div>\n<\/div>\n<div id=\"\" class=\"brz-css-j3s86e brz-wrapper\">\n<div class=\"brz-line brz-line-default brz-css-1cg6694 brz-css-169g9fm\" data-brz-custom-id=\"qyztqubpvwoweguveixkfwhujmosohaddpds\">\n<hr class=\"brz-hr\"><\/div>\n<\/div>\n<\/div>\n<\/div>\n<\/div>\n<div class=\"brz-posts__item\">\n<div class=\"brz-columns brz-css-1vmza8l brz-css-fqcjpu\" data-brz-custom-id=\"tbcoyseallofdmkeeqbtlomzyfjiimyxpjam\">\n<div class=\"brz-bg\"><\/div>\n<div class=\"brz-column__items brz-css-1lewh0s\">\n<div id=\"\" class=\"brz-css-j3s86e brz-wrapper\">\n<div class=\"brz-image brz-css-1x8vzbr brz-css-mk7cty\" data-brz-custom-id=\"hmewmmsvifvyipcedafetpuwsbvhuyiamaco\"><img decoding=\"async\" class=\"brz-img\" src=\"https:\/\/nicoletaghiris.ro\/wp-content\/uploads\/brizy\/imgs\/horoscop-noiembrie-472x263x61x0x350x263x1641826484.jpg\" alt=\"\" loading=\"lazy\"><\/div>\n<\/div>\n<div id=\"\" class=\"brz-css-j3s86e brz-wrapper\">\n<div class=\"brz-wp-title brz-css-si39ws brz-css-18dnt6b\" data-brz-custom-id=\"keviouulvhcxwsqfjdljwcgfbpisbilapuyg\"><span class=\"brz-wp-title-content\" style=\"min-height:20px\">Chinese year 2024 \u2013 the year of the Wooden Dragon<\/span><\/div>\n<\/div>\n<div class=\"brz-wrapper-clone brz-css-18vgx1j\">\n<div class=\"brz-d-xs-flex brz-flex-xs-wrap brz-css-5u0o1x brz-css-1t5tw9x\" data-brz-custom-id=\"\">\n<div class=\"brz-wrapper-clone__item\" id=\"jhecnfdgpfwskrbqkgugwhvuqqeftphyypjq\"><a class=\"brz-a brz-btn brz-css-1qff24y brz-css-1qwesl5 brz-css-1dhfjcd brz-css-1x9ykqt brz-css-1jbzmj6\" href=\"https:\/\/nicoletaghiris.ro\/en\/2023\/12\/18\/anul-chinezesc-2024-anul-dragonului-de-lemn\/\" target=\"_self\" rel=\"noopener\" data-brz-link-type=\"external\" data-brz-custom-id=\"jhecnfdgpfwskrbqkgugwhvuqqeftphyypjq\"><span data-brz-translate-text=\"1\" class=\"brz-span brz-text__editor\">Continue reading<\/span><\/a><\/div>\n<\/div>\n<\/div>\n<div id=\"\" class=\"brz-css-j3s86e brz-wrapper\">\n<div class=\"brz-line brz-line-default brz-css-1cg6694 brz-css-169g9fm\" data-brz-custom-id=\"qyztqubpvwoweguveixkfwhujmosohaddpds\">\n<hr class=\"brz-hr\"><\/div>\n<\/div>\n<\/div>\n<\/div>\n<\/div>\n<div class=\"brz-posts__item\">\n<div class=\"brz-columns brz-css-1vmza8l brz-css-fqcjpu\" data-brz-custom-id=\"tbcoyseallofdmkeeqbtlomzyfjiimyxpjam\">\n<div class=\"brz-bg\"><\/div>\n<div class=\"brz-column__items brz-css-1lewh0s\">\n<div id=\"\" class=\"brz-css-j3s86e brz-wrapper\">\n<div class=\"brz-image brz-css-1x8vzbr brz-css-mk7cty\" data-brz-custom-id=\"hmewmmsvifvyipcedafetpuwsbvhuyiamaco\"><img decoding=\"async\" class=\"brz-img\" src=\"https:\/\/nicoletaghiris.ro\/wp-content\/uploads\/brizy\/imgs\/photo-1624117987059-f1b8c83edfaa_38531500-395x263x22x0x350x263x1633607885.webp\" alt=\"\" loading=\"lazy\"><\/div>\n<\/div>\n<div id=\"\" class=\"brz-css-j3s86e brz-wrapper\">\n<div class=\"brz-wp-title brz-css-si39ws brz-css-18dnt6b\" data-brz-custom-id=\"keviouulvhcxwsqfjdljwcgfbpisbilapuyg\"><span class=\"brz-wp-title-content\" style=\"min-height:20px\">Guide to Enhancing or Avoiding Certain Energies in the Home\/Office in 2024<\/span><\/div>\n<\/div>\n<div class=\"brz-wrapper-clone brz-css-18vgx1j\">\n<div class=\"brz-d-xs-flex brz-flex-xs-wrap brz-css-5u0o1x brz-css-1t5tw9x\" data-brz-custom-id=\"\">\n<div class=\"brz-wrapper-clone__item\" id=\"jhecnfdgpfwskrbqkgugwhvuqqeftphyypjq\"><a class=\"brz-a brz-btn brz-css-1qff24y brz-css-1qwesl5 brz-css-1dhfjcd brz-css-1x9ykqt brz-css-1jbzmj6\" href=\"https:\/\/nicoletaghiris.ro\/en\/2023\/12\/05\/ghid-pentru-a-potenta-sau-a-evita-anumite-energii-in-anul-2024-la-noi-in-casa-birou\/\" target=\"_self\" rel=\"noopener\" data-brz-link-type=\"external\" data-brz-custom-id=\"jhecnfdgpfwskrbqkgugwhvuqqeftphyypjq\"><span data-brz-translate-text=\"1\" class=\"brz-span brz-text__editor\">Continue reading<\/span><\/a><\/div>\n<\/div>\n<\/div>\n<div id=\"\" class=\"brz-css-j3s86e brz-wrapper\">\n<div class=\"brz-line brz-line-default brz-css-1cg6694 brz-css-169g9fm\" data-brz-custom-id=\"qyztqubpvwoweguveixkfwhujmosohaddpds\">\n<hr class=\"brz-hr\"><\/div>\n<\/div>\n<\/div>\n<\/div>\n<\/div>\n<div class=\"brz-posts__item\">\n<div class=\"brz-columns brz-css-1vmza8l brz-css-fqcjpu\" data-brz-custom-id=\"tbcoyseallofdmkeeqbtlomzyfjiimyxpjam\">\n<div class=\"brz-bg\"><\/div>\n<div class=\"brz-column__items brz-css-1lewh0s\">\n<div id=\"\" class=\"brz-css-j3s86e brz-wrapper\">\n<div class=\"brz-image brz-css-1x8vzbr brz-css-mk7cty\" data-brz-custom-id=\"hmewmmsvifvyipcedafetpuwsbvhuyiamaco\"><img decoding=\"async\" class=\"brz-img\" src=\"https:\/\/nicoletaghiris.ro\/wp-content\/uploads\/brizy\/imgs\/26eaf82444a8bb698f8f85b67017f4dc-394x263x22x0x350x263x1682000169.jpg\" alt=\"\" loading=\"lazy\"><\/div>\n<\/div>\n<div id=\"\" class=\"brz-css-j3s86e brz-wrapper\">\n<div class=\"brz-wp-title brz-css-si39ws brz-css-18dnt6b\" data-brz-custom-id=\"keviouulvhcxwsqfjdljwcgfbpisbilapuyg\"><span class=\"brz-wp-title-content\" style=\"min-height:20px\">New energy period 9, for 2024-2044<\/span><\/div>\n<\/div>\n<div class=\"brz-wrapper-clone brz-css-18vgx1j\">\n<div class=\"brz-d-xs-flex brz-flex-xs-wrap brz-css-5u0o1x brz-css-1t5tw9x\" data-brz-custom-id=\"\">\n<div class=\"brz-wrapper-clone__item\" id=\"jhecnfdgpfwskrbqkgugwhvuqqeftphyypjq\"><a class=\"brz-a brz-btn brz-css-1qff24y brz-css-1qwesl5 brz-css-1dhfjcd brz-css-1x9ykqt brz-css-1jbzmj6\" href=\"https:\/\/nicoletaghiris.ro\/en\/2023\/11\/29\/perioada-noua-energetica-9-perioada-2024-2044\/\" target=\"_self\" rel=\"noopener\" data-brz-link-type=\"external\" data-brz-custom-id=\"jhecnfdgpfwskrbqkgugwhvuqqeftphyypjq\"><span data-brz-translate-text=\"1\" class=\"brz-span brz-text__editor\">Continue reading<\/span><\/a><\/div>\n<\/div>\n<\/div>\n<div id=\"\" class=\"brz-css-j3s86e brz-wrapper\">\n<div class=\"brz-line brz-line-default brz-css-1cg6694 brz-css-169g9fm\" data-brz-custom-id=\"qyztqubpvwoweguveixkfwhujmosohaddpds\">\n<hr class=\"brz-hr\"><\/div>\n<\/div>\n<\/div>\n<\/div>\n<\/div>\n<div class=\"brz-posts__item\">\n<div class=\"brz-columns brz-css-1vmza8l brz-css-fqcjpu\" data-brz-custom-id=\"tbcoyseallofdmkeeqbtlomzyfjiimyxpjam\">\n<div class=\"brz-bg\"><\/div>\n<div class=\"brz-column__items brz-css-1lewh0s\">\n<div id=\"\" class=\"brz-css-j3s86e brz-wrapper\">\n<div class=\"brz-image brz-css-1x8vzbr brz-css-mk7cty\" data-brz-custom-id=\"hmewmmsvifvyipcedafetpuwsbvhuyiamaco\"><img decoding=\"async\" class=\"brz-img\" src=\"https:\/\/nicoletaghiris.ro\/wp-content\/uploads\/brizy\/imgs\/Water-Rabbit-451x263x50x0x350x263x1669390712.jpg\" alt=\"\" loading=\"lazy\"><\/div>\n<\/div>\n<div id=\"\" class=\"brz-css-j3s86e brz-wrapper\">\n<div class=\"brz-wp-title brz-css-si39ws brz-css-18dnt6b\" data-brz-custom-id=\"keviouulvhcxwsqfjdljwcgfbpisbilapuyg\"><span class=\"brz-wp-title-content\" style=\"min-height:20px\">Anul chinezesc 2023 \u2013 anul Iepurelui de Apa<\/span><\/div>\n<\/div>\n<div class=\"brz-wrapper-clone brz-css-18vgx1j\">\n<div class=\"brz-d-xs-flex brz-flex-xs-wrap brz-css-5u0o1x brz-css-1t5tw9x\" data-brz-custom-id=\"\">\n<div class=\"brz-wrapper-clone__item\" id=\"jhecnfdgpfwskrbqkgugwhvuqqeftphyypjq\"><a class=\"brz-a brz-btn brz-css-1qff24y brz-css-1qwesl5 brz-css-1dhfjcd brz-css-1x9ykqt brz-css-1jbzmj6\" href=\"https:\/\/nicoletaghiris.ro\/en\/2022\/11\/25\/anul-chinezesc-2023-anul-iepurelui-de-apa\/\" target=\"_self\" rel=\"noopener\" data-brz-link-type=\"external\" data-brz-custom-id=\"jhecnfdgpfwskrbqkgugwhvuqqeftphyypjq\"><span data-brz-translate-text=\"1\" class=\"brz-span brz-text__editor\">Continue reading<\/span><\/a><\/div>\n<\/div>\n<\/div>\n<div id=\"\" class=\"brz-css-j3s86e brz-wrapper\">\n<div class=\"brz-line brz-line-default brz-css-1cg6694 brz-css-169g9fm\" data-brz-custom-id=\"qyztqubpvwoweguveixkfwhujmosohaddpds\">\n<hr class=\"brz-hr\"><\/div>\n<\/div>\n<\/div>\n<\/div>\n<\/div>\n<div class=\"brz-posts__item\">\n<div class=\"brz-columns brz-css-1vmza8l brz-css-fqcjpu\" data-brz-custom-id=\"tbcoyseallofdmkeeqbtlomzyfjiimyxpjam\">\n<div class=\"brz-bg\"><\/div>\n<div class=\"brz-column__items brz-css-1lewh0s\">\n<div id=\"\" class=\"brz-css-j3s86e brz-wrapper\">\n<div class=\"brz-image brz-css-1x8vzbr brz-css-mk7cty\" data-brz-custom-id=\"hmewmmsvifvyipcedafetpuwsbvhuyiamaco\"><img decoding=\"async\" class=\"brz-img\" src=\"https:\/\/nicoletaghiris.ro\/wp-content\/uploads\/brizy\/imgs\/STW0529-526x526-1-350x350x0x43x350x263x1651484134.jpg\" alt=\"\" loading=\"lazy\"><\/div>\n<\/div>\n<div id=\"\" class=\"brz-css-j3s86e brz-wrapper\">\n<div class=\"brz-wp-title brz-css-si39ws brz-css-18dnt6b\" data-brz-custom-id=\"keviouulvhcxwsqfjdljwcgfbpisbilapuyg\"><span class=\"brz-wp-title-content\" style=\"min-height:20px\">Perioada 1 Mai- 30 Mai 2022\u00a0\u00a0focus pe o energie de c\u00e2\u0219tiguri<\/span><\/div>\n<\/div>\n<div class=\"brz-wrapper-clone brz-css-18vgx1j\">\n<div class=\"brz-d-xs-flex brz-flex-xs-wrap brz-css-5u0o1x brz-css-1t5tw9x\" data-brz-custom-id=\"\">\n<div class=\"brz-wrapper-clone__item\" id=\"jhecnfdgpfwskrbqkgugwhvuqqeftphyypjq\"><a class=\"brz-a brz-btn brz-css-1qff24y brz-css-1qwesl5 brz-css-1dhfjcd brz-css-1x9ykqt brz-css-1jbzmj6\" href=\"https:\/\/nicoletaghiris.ro\/en\/2022\/05\/02\/perioada-1-mai-30-mai-2022-focus-pe-o-energie-de-castiguri\/\" target=\"_self\" rel=\"noopener\" data-brz-link-type=\"external\" data-brz-custom-id=\"jhecnfdgpfwskrbqkgugwhvuqqeftphyypjq\"><span data-brz-translate-text=\"1\" class=\"brz-span brz-text__editor\">Continue reading<\/span><\/a><\/div>\n<\/div>\n<\/div>\n<div id=\"\" class=\"brz-css-j3s86e brz-wrapper\">\n<div class=\"brz-line brz-line-default brz-css-1cg6694 brz-css-169g9fm\" data-brz-custom-id=\"qyztqubpvwoweguveixkfwhujmosohaddpds\">\n<hr class=\"brz-hr\"><\/div>\n<\/div>\n<\/div>\n<\/div>\n<\/div>\n<\/div>\n<div class=\"brz-posts__pagination\">\n<ul class='page-numbers'>\n<li><span aria-label=\"Pagin\u0103 1\" aria-current=\"page\" class=\"page-numbers current\">1<\/span><\/li>\n<li><a aria-label=\"Pagin\u0103 2\" class=\"page-numbers\" href=\"https:\/\/nicoletaghiris.ro\/wp-admin\/admin-ajax.php\/bpage\/2\/?action=brizy_update_item&#038;version=307-wp&#038;hash=8790c77c7e\">2<\/a><\/li>\n<li><a aria-label=\"Pagin\u0103 3\" class=\"page-numbers\" href=\"https:\/\/nicoletaghiris.ro\/wp-admin\/admin-ajax.php\/bpage\/3\/?action=brizy_update_item&#038;version=307-wp&#038;hash=8790c77c7e\">3<\/a><\/li>\n<\/ul>\n<\/div>\n<\/div>\n<\/div>\n<\/div>\n<\/div>\n<\/section>\n<\/div>\n<p>    <!-- version:1740832297 --><\/p>","protected":false},"excerpt":{"rendered":"<p>Astrologie Vestica Astrologia occidental\u0103 este o \u0219tiin\u021b\u0103 care studiaz\u0103 efectele planetelor sistemului nostru solar asupra oamenilor. Practic, harta astrologic\u0103 reprezint\u0103 o radiografie a momentului \u00een care noi ne na\u0219tem..Cuv\u00e2ntul grecesc PLANETES \u00eenseamn\u0103 mi\u0219c\u0103tor, umbl\u0103tor, iar HOROSCOP: HOROS- timp \u0219i SCORPOS- observare. Harta na\u0219terii noastre este acea hart\u0103 simbolic\u0103 f\u0103cut\u0103 pentru a ar\u0103ta caracteristicile \u0219i poten\u021bialul [&hellip;]<\/p>","protected":false},"author":1,"featured_media":0,"parent":0,"menu_order":0,"comment_status":"closed","ping_status":"closed","template":"brizy-blank-template.php","meta":{"_monsterinsights_skip_tracking":false,"_monsterinsights_sitenote_active":false,"_monsterinsights_sitenote_note":"","_monsterinsights_sitenote_category":0,"footnotes":""},"class_list":["post-12","page","type-page","status-publish","hentry","wpbf-post"],"brizy_media":[{"id":166,"url":"https:\/\/nicoletaghiris.ro\/wp-content\/uploads\/2021\/03\/starry-sky-1-scaled.jpeg","name":"starry-sky-1.jpeg","meta":{"brizy_attachment_uid":"wp-fab3a14706fd424133fe5a90c3c6c3aa.jpeg","brizy_post_uid":["054eb9a87a224df228246e673a6e6c9f","d51083c892d646756e2b009f01a9d95a"]}},{"id":412,"url":"https:\/\/nicoletaghiris.ro\/wp-content\/uploads\/2021\/03\/astrologie-1.jpeg","name":"astrologie-1.jpeg","meta":{"brizy_attachment_uid":"wp-ea8fd00946a1a64a4c71e8bc848e447c.jpeg","brizy_post_uid":["75220f2fa0ea81877fa33ded03100e82","d51083c892d646756e2b009f01a9d95a","fb5ada5b95d14730395d49fe58eb4832","60cd44db679f883e0fb29a162a28315c","484ddd5b20f4d03206fa5123547bef5c","a096dbb501b9aca63f144bf41f6b8c1d"]}},{"id":854,"url":"https:\/\/nicoletaghiris.ro\/wp-content\/uploads\/2021\/05\/MG_2575.jpeg","name":"MG_2575.jpeg","meta":{"brizy_attachment_uid":"wp-926dc025d6c28c5a97bfa222df866eb5.jpeg","brizy_post_uid":["301287f03e4f26c7640c66b1330393c8","9bbbd8754db58cceab0e34d04a16b88a","d51083c892d646756e2b009f01a9d95a","75220f2fa0ea81877fa33ded03100e82"]}}],"post_mailing_queue_ids":[],"_links":{"self":[{"href":"https:\/\/nicoletaghiris.ro\/en\/wp-json\/wp\/v2\/pages\/12","targetHints":{"allow":["GET"]}}],"collection":[{"href":"https:\/\/nicoletaghiris.ro\/en\/wp-json\/wp\/v2\/pages"}],"about":[{"href":"https:\/\/nicoletaghiris.ro\/en\/wp-json\/wp\/v2\/types\/page"}],"author":[{"embeddable":true,"href":"https:\/\/nicoletaghiris.ro\/en\/wp-json\/wp\/v2\/users\/1"}],"replies":[{"embeddable":true,"href":"https:\/\/nicoletaghiris.ro\/en\/wp-json\/wp\/v2\/comments?post=12"}],"version-history":[{"count":30,"href":"https:\/\/nicoletaghiris.ro\/en\/wp-json\/wp\/v2\/pages\/12\/revisions"}],"predecessor-version":[{"id":12966,"href":"https:\/\/nicoletaghiris.ro\/en\/wp-json\/wp\/v2\/pages\/12\/revisions\/12966"}],"wp:attachment":[{"href":"https:\/\/nicoletaghiris.ro\/en\/wp-json\/wp\/v2\/media?parent=12"}],"curies":[{"name":"wp","href":"https:\/\/api.w.org\/{rel}","templated":true}]}}