{"id":13028,"date":"2025-03-20T13:01:49","date_gmt":"2025-03-20T13:01:49","guid":{"rendered":"https:\/\/nicoletaghiris.ro\/?page_id=13028"},"modified":"2025-11-13T21:29:35","modified_gmt":"2025-11-13T21:29:35","slug":"the-art-of-femininity-vibratii-de-iubire-and-love2connect-spiritual","status":"publish","type":"page","link":"https:\/\/nicoletaghiris.ro\/en\/the-art-of-femininity-vibratii-de-iubire-and-love2connect-spiritual\/","title":{"rendered":"The Art of Femininity &#8211; Vibra\u021bii de Iubire And Love2Connect Spiritual"},"content":{"rendered":"<div class=\"brz-root__container brz-reset-all brz brz-root__container-page\">\n<section id=\"fd9c0d0c784723b94a3d_sOr3FbUPAvXw\" class=\"brz-section brz-css-1kwlrpy\">\n<div class=\"brz-section__content brz-section--boxed brz-css-7wur47\" data-brz-custom-id=\"dJcNNk4r_b4t\">\n<div class=\"brz-container brz-css-4e5mjf\">\n<div class=\"brz-row__container brz-css-1hosp6o\" data-brz-custom-id=\"n9flsDrk3ZcE\">\n<div class=\"brz-bg\"><\/div>\n<div class=\"brz-row brz-css-17eqxd0 brz-css-4mjeo3\">\n<div class=\"brz-columns brz-css-11u6iqp\" data-brz-custom-id=\"lj5dCHtURsLT\">\n<div class=\"brz-bg\"><\/div>\n<div class=\"brz-column__items brz-css-1w4okng brz-css-rjdc9m\">\n<div id=\"\" class=\"brz-css-154ynzi brz-css-lx3vjh brz-wrapper\">\n<div class=\"brz-image brz-css-arkifi\" data-brz-custom-id=\"udWAf3k32Kkm\"><img decoding=\"async\" class=\"brz-img\" src=\"https:\/\/nicoletaghiris.ro\/wp-content\/uploads\/brizy\/imgs\/the-art-of-femininity-661x440x38x25x585x390x1742473419.jpeg\" alt=\"\" loading=\"lazy\"><\/div>\n<\/div>\n<\/div>\n<\/div>\n<div class=\"brz-columns brz-css-11u6iqp\" data-brz-custom-id=\"hDYzeFCdMeBV\">\n<div class=\"brz-bg\"><\/div>\n<div class=\"brz-column__items brz-css-1w4okng\">\n<div id=\"\" class=\"brz-css-154ynzi brz-css-1bq2hxi brz-wrapper\">\n<div class=\"brz-rich-text brz-rich-text__custom brz-css-1vupnr2\" data-brz-custom-id=\"qldcnZHPhjC9\">\n<div data-brz-translate-text=\"1\">\n<h4 class=\"brz-tp-lg-heading4 brz-text-lg-left brz-css-udJ3w\" data-uniq-id=\"xATjr\" data-generated-css=\"brz-css-f5yP_\"><strong>The Art of Femininity<\/strong> \u2013 Un eveniment dedicat feminit\u0103\u021bii autentice<\/h4>\n<\/div>\n<\/div>\n<\/div>\n<div id=\"\" class=\"brz-css-154ynzi brz-css-1bt3hmm brz-wrapper\">\n<div class=\"brz-rich-text brz-rich-text__custom brz-css-1vupnr2\" data-brz-custom-id=\"qiSwLR0yBXIc\">\n<div data-brz-translate-text=\"1\">\n<p class=\"brz-tp-lg-paragraph brz-css-eKQ4H\" data-generated-css=\"brz-css-gand9\" data-uniq-id=\"ixm7o\"><span class=\"brz-cp-color1\">Pe 12 aprilie, \u00eentre orele 12:00 &#8211; 18:00, te invit\u0103m la <\/span><strong class=\"brz-cp-color1\">The Art of Femininity<\/strong><span class=\"brz-cp-color1\">, un eveniment special organizat \u00een colaborare de &#8222;<\/span><strong class=\"brz-cp-color1\">Vibra\u021bii de Iubire si Love2Connect Spiritual<\/strong><span class=\"brz-cp-color1\">&#8221; , desf\u0103\u0219urat \u00een spa\u021biul elegant Unda.Open Possibilities, Sos Straulesti 4, Bucuresti<\/span><\/p>\n<\/div>\n<\/div>\n<\/div>\n<div id=\"\" class=\"brz-css-154ynzi brz-css-f672jx brz-wrapper\">\n<div class=\"brz-rich-text brz-rich-text__custom brz-css-1vupnr2\" data-brz-custom-id=\"s1bDL8oa9Itx\">\n<div data-brz-translate-text=\"1\">\n<p class=\"brz-tp-lg-paragraph brz-css-apzOh\" data-uniq-id=\"cYh9y\" data-generated-css=\"brz-css-xa8uA\"><span class=\"brz-cp-color1\">O zi dedicat\u0103 rafinamentului, reconect\u0103rii cu esen\u021ba feminin\u0103 \u0219i artei de a tr\u0103i \u00een armonie cu sine. Te vei bucura de un brunch delicios, open bar \u0219i experien\u021be de neuitat al\u0103turi de femei minunate.<\/span><\/p>\n<\/div>\n<\/div>\n<\/div>\n<div id=\"\" class=\"brz-css-154ynzi brz-css-rptk1q brz-wrapper\">\n<div class=\"brz-rich-text brz-rich-text__custom brz-css-1vupnr2\" data-brz-custom-id=\"rY9zedlbjDac\">\n<div data-brz-translate-text=\"1\">\n<p class=\"brz-tp-lg-paragraph brz-css-yXWVZ\" data-uniq-id=\"aRACT\" data-generated-css=\"brz-css-ubx0T\"><span class=\"brz-cp-color1\">Surpriza final\u0103 poart\u0103 semn\u0103tura <\/span><strong class=\"brz-cp-color1\">Nicoletei Ghiri\u0219 \u2013 astrolog \u0219i numerolog<\/strong><span class=\"brz-cp-color1\">. Ne va ghida prin tainele compatibilit\u0103\u021bii \u00eentre zodii, ne ofer\u0103 tips &amp; tricks, remedii utile \u0219i, \u00een plus, organizeaz\u0103 o loterie cu premiu: acces la cursul ALEG, disponibil pe site-ul ei.<\/span><\/p>\n<\/div>\n<\/div>\n<\/div>\n<\/div>\n<\/div>\n<\/div>\n<\/div>\n<div class=\"brz-row__container brz-css-1hosp6o\" data-brz-custom-id=\"kN_L6Cgf4mpr\">\n<div class=\"brz-bg\"><\/div>\n<div class=\"brz-row brz-css-17eqxd0 brz-css-jcvtgf\">\n<div class=\"brz-columns brz-css-11u6iqp brz-css-c3d11l\" data-brz-custom-id=\"obKR1bimcJm3\">\n<div class=\"brz-bg\">\n<div class=\"brz-bg-color\"><\/div>\n<\/div>\n<div class=\"brz-column__items brz-css-1w4okng brz-css-1rgsac8\">\n<div id=\"\" class=\"brz-css-154ynzi brz-wrapper\">\n<div class=\"brz-rich-text brz-rich-text__custom brz-css-1vupnr2\" data-brz-custom-id=\"qcdSSBD21eEl\">\n<div data-brz-translate-text=\"1\">\n<h5 data-generated-css=\"brz-css-r63lK\" data-uniq-id=\"reE0_\" class=\"brz-tp-lg-heading5 brz-css-iqrSN\"><span class=\"brz-cp-color8\">PROMO: Cump\u0103r\u0103 participarea pentru dou\u0103 persoane \u0219i beneficiezi de o reducere special\u0103!<\/span><\/h5>\n<\/div>\n<\/div>\n<\/div>\n<div id=\"\" class=\"brz-css-154ynzi brz-wrapper\">\n<div class=\"brz-rich-text brz-rich-text__custom brz-css-1vupnr2\" data-brz-custom-id=\"dizcg33fKJEj\">\n<div data-brz-translate-text=\"1\">\n<h5 class=\"brz-tp-lg-heading5 brz-css-jpk2x\" data-generated-css=\"brz-css-vzREV\" data-uniq-id=\"dh9bu\"><strong class=\"brz-cp-color8\">Pre\u021b Normal: <\/strong><span class=\"brz-cp-color8\">998 RON\/Persoan\u0103<\/span><\/h5>\n<p data-generated-css=\"brz-css-tsCEH\" data-uniq-id=\"opQLG\" class=\"brz-tp-lg-empty brz-ff-cormorant_garamond brz-ft-google brz-fs-lg-24 brz-fss-lg-px brz-fw-lg-700 brz-ls-lg-0 brz-lh-lg-1_5 brz-vfw-lg-400 brz-fwdth-lg-100 brz-fsft-lg-0 brz-css-e49VF\"><strong class=\"brz-cp-color8\">Pre\u021b Redus: <\/strong><span class=\"brz-cp-color8\">1788 RON\/2 Persoane (Redus de la <\/span><s class=\"brz-cp-color8 brz-strike-true\">1996 RON<\/s><span class=\"brz-cp-color8\">)<\/span><\/p>\n<\/div>\n<\/div>\n<\/div>\n<\/div>\n<\/div>\n<\/div>\n<\/div>\n<div class=\"brz-wrapper-clone brz-css-1mjtw5v\">\n<div class=\"brz-d-xs-flex brz-flex-xs-wrap brz-css-1ftgecf\" data-brz-custom-id=\"\">\n<div class=\"brz-wrapper-clone__item\" id=\"lF4KxEIfej7h\"><a class=\"brz-a brz-btn brz-css-18p54rh brz-css-1nuox0w brz-css-aez8pf brz-css-mlt50j\" href=\"?add-to-cart=13150\" target=\"_self\" rel=\"noopener\" data-brz-link-type=\"external\" data-brz-custom-id=\"lF4KxEIfej7h\"><span data-brz-translate-text=\"1\" class=\"brz-span brz-text__editor\">O PERSOANA<\/span><\/a><\/div>\n<div class=\"brz-wrapper-clone__item\" id=\"rlzPYpJCg57T\"><a class=\"brz-a brz-btn brz-css-18p54rh brz-css-1qhuuek brz-css-aez8pf brz-css-1ah1tku\" href=\"?add-to-cart=13151\" target=\"_self\" rel=\"noopener\" data-brz-link-type=\"external\" data-brz-custom-id=\"rlzPYpJCg57T\"><span data-brz-translate-text=\"1\" class=\"brz-span brz-text__editor\">DOUA PERSOANE<\/span><\/a><\/div>\n<\/div>\n<\/div>\n<div id=\"\" class=\"brz-css-154ynzi brz-css-1knpwe2 brz-wrapper\">\n<div class=\"brz-rich-text brz-rich-text__custom brz-css-1vupnr2\" data-brz-custom-id=\"k0LoTn6j7dCJ\">\n<div data-brz-translate-text=\"1\">\n<h5 data-uniq-id=\"ojb__\" data-generated-css=\"brz-css-lry49\" class=\"brz-tp-lg-heading5 brz-css-pyvmj\"><span class=\"brz-cp-color1\">Programul evenimentului:<\/span><\/h5>\n<\/div>\n<\/div>\n<\/div>\n<div id=\"\" class=\"brz-css-154ynzi brz-css-ikqk30 brz-wrapper\">\n<div class=\"brz-rich-text brz-rich-text__custom brz-css-1vupnr2\" data-brz-custom-id=\"mG8ji8RBFZh1\">\n<div data-brz-translate-text=\"1\">\n<p class=\"brz-tp-lg-paragraph brz-css-ogLpp\" data-uniq-id=\"ml32P\" data-generated-css=\"brz-css-ldkQK\"><strong class=\"brz-cp-color1\">12:00 \u2013 \u00cent\u00e2mpinarea invita\u021bilor &amp; Photocorner  <\/strong><\/p>\n<p class=\"brz-tp-lg-paragraph brz-css-ltYda\" data-uniq-id=\"kuaSg\" data-generated-css=\"brz-css-aBm51\"><span class=\"brz-cp-color1\">Te a\u0219tept\u0103m cu bra\u021bele deschise pentru a \u00eencepe aceast\u0103 experien\u021b\u0103 \u00eentr-un cadru relaxant, unde te po\u021bi bucura de un moment de networking \u0219i de capturarea unor amintiri frumoase.<\/span><\/p>\n<\/div>\n<\/div>\n<\/div>\n<div id=\"\" class=\"brz-css-154ynzi brz-css-cfqij8 brz-wrapper\">\n<div class=\"brz-rich-text brz-rich-text__custom brz-css-1vupnr2\" data-brz-custom-id=\"o9xg68ulK26N\">\n<div data-brz-translate-text=\"1\">\n<p class=\"brz-tp-lg-paragraph brz-css-be02W\" data-uniq-id=\"xxwVb\" data-generated-css=\"brz-css-dCQeb\"><strong class=\"brz-cp-color1\">13:00 \u2013 Workshop \u201eJuicy Woman\u201d cu Andreea Silvia Ioni\u021b\u0103 (SuntUnCopac Growth)  <\/strong><\/p>\n<p class=\"brz-tp-lg-paragraph brz-css-iqMOT\" data-uniq-id=\"fHBLP\" data-generated-css=\"brz-css-m2CQg\"><span class=\"brz-cp-color1\">Un workshop profund de reconectare cu energia ta feminin\u0103. Vei \u00eenv\u0103\u021ba s\u0103 \u00ee\u021bi onorezi feminitatea, s\u0103 \u00ee\u021bi \u00eembr\u0103\u021bi\u0219ezi autenticitatea \u0219i s\u0103 \u00ee\u021bi accesezi puterea interioar\u0103 prin tehnici de Theta Healing, introspec\u021bii ghidate \u0219i activ\u0103ri esen\u021biale.<\/span><\/p>\n<\/div>\n<\/div>\n<\/div>\n<div id=\"\" class=\"brz-css-154ynzi brz-css-1v0uu8l brz-wrapper\">\n<div class=\"brz-rich-text brz-rich-text__custom brz-css-1vupnr2\" data-brz-custom-id=\"ld1bWu2j7jzz\">\n<div data-brz-translate-text=\"1\">\n<p class=\"brz-tp-lg-paragraph brz-css-rXFmt\" data-uniq-id=\"kZ_gr\" data-generated-css=\"brz-css-m3UA9\"><strong class=\"brz-cp-color1\">14:30 \u2013 Pauz\u0103 de socializare &amp; schimb de experien\u021b\u0103  <\/strong><\/p>\n<p class=\"brz-tp-lg-paragraph brz-css-mAu3Z\" data-uniq-id=\"pzUQJ\" data-generated-css=\"brz-css-b2jwG\"><span class=\"brz-cp-color1\">Un moment dedicat conexiunilor autentice, \u00een care vei avea ocazia s\u0103 interac\u021bionezi \u0219i s\u0103 explorezi noi oportunit\u0103\u021bi pe plan personal \u0219i profesional.<\/span><\/p>\n<\/div>\n<\/div>\n<\/div>\n<div id=\"\" class=\"brz-css-154ynzi brz-css-1rfoqa8 brz-wrapper\">\n<div class=\"brz-rich-text brz-rich-text__custom brz-css-1vupnr2\" data-brz-custom-id=\"l4RxnKk_7aQR\">\n<div data-brz-translate-text=\"1\">\n<p class=\"brz-tp-lg-paragraph brz-css-k0JjD\" data-uniq-id=\"wHRtc\" data-generated-css=\"brz-css-xVpMm\"><strong class=\"brz-cp-color1\">15:00 \u2013 Workshop de analiz\u0103 cromatic\u0103 cu Mariana Romanic\u0103  <\/strong><\/p>\n<p class=\"brz-tp-lg-paragraph brz-css-m0Ym7\" data-uniq-id=\"h9UGS\" data-generated-css=\"brz-css-cvHUT\"><span class=\"brz-cp-color1\">Consultant de imagine \u0219i trainer \u00een analiza cromatic\u0103, Mariana \u00ee\u021bi va dezv\u0103lui cum s\u0103 \u00ee\u021bi alegi culorile potrivite pentru tenul t\u0103u, astfel \u00eenc\u00e2t s\u0103 \u00ee\u021bi pui \u00een valoare frumuse\u021bea natural\u0103 \u0219i stilul personal.<\/span><\/p>\n<\/div>\n<\/div>\n<\/div>\n<div id=\"\" class=\"brz-css-154ynzi brz-css-12pywl3 brz-wrapper\">\n<div class=\"brz-rich-text brz-rich-text__custom brz-css-1vupnr2\" data-brz-custom-id=\"is70D1iUgyFH\">\n<div data-brz-translate-text=\"1\">\n<p class=\"brz-tp-lg-paragraph brz-css-tajnL\" data-uniq-id=\"pRNoI\" data-generated-css=\"brz-css-lFCoA\"><strong class=\"brz-cp-color1\">16:00 \u2013 Workshop de aranjamente florale cu Ioana Uretu (C\u0103r\u021bi, Dulciuri \u0219i Flori)  <\/strong><\/p>\n<p class=\"brz-tp-lg-paragraph brz-css-kmUYn\" data-uniq-id=\"oEgu3\" data-generated-css=\"brz-css-tXGAx\"><span class=\"brz-cp-color1\">Un moment creativ \u0219i relaxant \u00een care 10 participante vor avea ocazia s\u0103 \u00eenve\u021be s\u0103 creeze propriile aranjamente florale \u0219i s\u0103 plece acas\u0103 cu ele.<\/span><\/p>\n<\/div>\n<\/div>\n<\/div>\n<div id=\"\" class=\"brz-css-154ynzi brz-css-1m29pg brz-wrapper\">\n<div class=\"brz-rich-text brz-rich-text__custom brz-css-1vupnr2\" data-brz-custom-id=\"uAlaMsd4W6Tq\">\n<div data-brz-translate-text=\"1\">\n<p class=\"brz-tp-lg-paragraph brz-css-iAJRp\" data-uniq-id=\"dbhYx\" data-generated-css=\"brz-css-fMR73\"><strong class=\"brz-cp-color1\">17:00 \u2013 Surpriz\u0103 special\u0103: Prezentare de mod\u0103 Clara Rotescu  <\/strong><\/p>\n<p class=\"brz-tp-lg-paragraph brz-css-eDJE1\" data-uniq-id=\"hkdLg\" data-generated-css=\"brz-css-eeSNk\"><span class=\"brz-cp-color1\">Creatoarea de mod\u0103 Clara Rotescu ne va \u00eenc\u00e2nta cu o prezentare exclusiv\u0103 a colec\u021biei prim\u0103var\u0103-var\u0103 2025, un spectacol al elegan\u021bei \u0219i al feminit\u0103\u021bii autentice.<\/span><\/p>\n<\/div>\n<\/div>\n<\/div>\n<div id=\"\" class=\"brz-css-154ynzi brz-css-1sfs4fh brz-wrapper\">\n<div class=\"brz-rich-text brz-rich-text__custom brz-css-1vupnr2\" data-brz-custom-id=\"sT_Sz6F6OFLR\">\n<div data-brz-translate-text=\"1\">\n<p class=\"brz-tp-lg-paragraph brz-css-kusMF\" data-generated-css=\"brz-css-cx9vZ\" data-uniq-id=\"cR3xd\"><span class=\"brz-cp-color1\">\u00cen paralel, ne vom bucura \u0219i de o expozi\u021bie de fotografie semnat\u0103 de PhotoArt by Ralf (Raluca Alina Florecu), iar toate participantele vor primi goodie bags \u0219i alte surprize speciale din partea partenerilor no\u0219tri.<\/span><\/p>\n<\/div>\n<\/div>\n<\/div>\n<div id=\"\" class=\"brz-css-154ynzi brz-css-14zcda3 brz-wrapper\">\n<div class=\"brz-rich-text brz-rich-text__custom brz-css-1vupnr2\" data-brz-custom-id=\"zKvPHtry4F8k\">\n<div data-brz-translate-text=\"1\">\n<p class=\"brz-tp-lg-paragraph brz-css-isr55\" data-uniq-id=\"frYp_\" data-generated-css=\"brz-css-c1U1i\"><span class=\"brz-cp-color1\">O zi dinamic\u0103, cu un vibe pozitiv \u0219i femei minunate care iubesc arta \u0219i frumosul!<\/span><\/p>\n<\/div>\n<\/div>\n<\/div>\n<div id=\"\" class=\"brz-css-154ynzi brz-css-1o8mz86 brz-wrapper\">\n<div class=\"brz-rich-text brz-rich-text__custom brz-css-1vupnr2\" data-brz-custom-id=\"f9QqYcYb0UPw\">\n<div data-brz-translate-text=\"1\">\n<p class=\"brz-tp-lg-paragraph brz-css-j1XTV\" data-generated-css=\"brz-css-ypES3\" data-uniq-id=\"oGHQy\"><span class=\"brz-cp-color1\">\u00censcrie-te acum \u0219i rezerv\u0103-\u021bi locul pentru aceast\u0103 experien\u021b\u0103 unic\u0103!<\/span><\/p>\n<\/div>\n<\/div>\n<\/div>\n<div class=\"brz-wrapper-clone brz-css-1mjtw5v\">\n<div class=\"brz-d-xs-flex brz-flex-xs-wrap brz-css-1ftgecf\" data-brz-custom-id=\"\">\n<div class=\"brz-wrapper-clone__item\" id=\"aM9c8BVvNz9l\"><a class=\"brz-a brz-btn brz-css-18p54rh brz-css-7d2blh brz-css-aez8pf brz-css-1i7j9v4\" href=\"?add-to-cart=13150\" target=\"_self\" rel=\"noopener\" data-brz-link-type=\"external\" data-brz-custom-id=\"aM9c8BVvNz9l\"><span data-brz-translate-text=\"1\" class=\"brz-span brz-text__editor\">O PERSOANA<\/span><\/a><\/div>\n<div class=\"brz-wrapper-clone__item\" id=\"mkweZWOwUOCr\"><a class=\"brz-a brz-btn brz-css-18p54rh brz-css-1oc21t brz-css-aez8pf brz-css-1orslhk\" href=\"?add-to-cart=13151\" target=\"_self\" rel=\"noopener\" data-brz-link-type=\"external\" data-brz-custom-id=\"mkweZWOwUOCr\"><span data-brz-translate-text=\"1\" class=\"brz-span brz-text__editor\">DOUA PERSOANE<\/span><\/a><\/div>\n<\/div>\n<\/div>\n<\/div>\n<\/div>\n<\/section>\n<\/div>\n<p>    <!-- version:1744013042 --><\/p>","protected":false},"excerpt":{"rendered":"<p>The Art of Femininity \u2013 Un eveniment dedicat feminit\u0103\u021bii autentice Pe 12 aprilie, \u00eentre orele 12:00 &#8211; 18:00, te invit\u0103m la The Art of Femininity, un eveniment special organizat \u00een colaborare de &#8222;Vibra\u021bii de Iubire si Love2Connect Spiritual&#8221; , desf\u0103\u0219urat \u00een spa\u021biul elegant Unda.Open Possibilities, Sos Straulesti 4, Bucuresti O zi dedicat\u0103 rafinamentului, reconect\u0103rii cu [&hellip;]<\/p>","protected":false},"author":1,"featured_media":0,"parent":0,"menu_order":0,"comment_status":"closed","ping_status":"closed","template":"brizy-blank-template.php","meta":{"_monsterinsights_skip_tracking":false,"_monsterinsights_sitenote_active":false,"_monsterinsights_sitenote_note":"","_monsterinsights_sitenote_category":0,"footnotes":""},"class_list":["post-13028","page","type-page","status-publish","hentry","wpbf-post"],"brizy_media":[{"id":13022,"url":"https:\/\/nicoletaghiris.ro\/wp-content\/uploads\/2025\/03\/the-art-of-femininity.jpeg","name":"the-art-of-femininity.jpeg","meta":{"brizy_attachment_uid":"wp-80ae6f36b82c365b4ecf367d21690fc0.jpeg","brizy_post_uid":["fb5ada5b95d14730395d49fe58eb4832","ca149707fdd89e03c9c9f3943f93f7e6"]}}],"post_mailing_queue_ids":[],"_links":{"self":[{"href":"https:\/\/nicoletaghiris.ro\/en\/wp-json\/wp\/v2\/pages\/13028","targetHints":{"allow":["GET"]}}],"collection":[{"href":"https:\/\/nicoletaghiris.ro\/en\/wp-json\/wp\/v2\/pages"}],"about":[{"href":"https:\/\/nicoletaghiris.ro\/en\/wp-json\/wp\/v2\/types\/page"}],"author":[{"embeddable":true,"href":"https:\/\/nicoletaghiris.ro\/en\/wp-json\/wp\/v2\/users\/1"}],"replies":[{"embeddable":true,"href":"https:\/\/nicoletaghiris.ro\/en\/wp-json\/wp\/v2\/comments?post=13028"}],"version-history":[{"count":10,"href":"https:\/\/nicoletaghiris.ro\/en\/wp-json\/wp\/v2\/pages\/13028\/revisions"}],"predecessor-version":[{"id":13168,"href":"https:\/\/nicoletaghiris.ro\/en\/wp-json\/wp\/v2\/pages\/13028\/revisions\/13168"}],"wp:attachment":[{"href":"https:\/\/nicoletaghiris.ro\/en\/wp-json\/wp\/v2\/media?parent=13028"}],"curies":[{"name":"wp","href":"https:\/\/api.w.org\/{rel}","templated":true}]}}