{"id":13056,"date":"2025-03-27T12:42:32","date_gmt":"2025-03-27T12:42:32","guid":{"rendered":"https:\/\/nicoletaghiris.ro\/?page_id=13056"},"modified":"2025-11-13T16:18:13","modified_gmt":"2025-11-13T16:18:13","slug":"workshop-10-mai-calatoria-sufletului-relatiile-din-perspectiva-astrologica","status":"publish","type":"page","link":"https:\/\/nicoletaghiris.ro\/en\/evenimente\/workshop-10-mai-calatoria-sufletului-relatiile-din-perspectiva-astrologica\/","title":{"rendered":"Workshop: 10 mai &#8211; C\u0103l\u0103toria Sufletului \u2013 Rela\u021biile din Perspectiv\u0103 Astrologic\u0103"},"content":{"rendered":"<div class=\"brz-root__container brz-reset-all brz brz-root__container-page\">\n<section id=\"e14e0e6f738bb7fbd2ec_hbjNhlvhP6nc\" class=\"brz-section brz-css-doj7mo brz-css-1qkyt94\">\n<div class=\"brz-section__content brz-section--boxed brz-css-12kqthm brz-css-1iwhapq\" data-brz-custom-id=\"nJgvoSY9ciW8\">\n<div class=\"brz-bg\">\n<div class=\"brz-bg-image\"><\/div>\n<div class=\"brz-bg-color\"><\/div>\n<\/div>\n<div class=\"brz-container brz-css-l5bbg6\">\n<div id=\"\" data-brz-iteration-count=\"1\" class=\"brz-css-12m2ko7 brz-css-w2dpr3 brz-wrapper brz-animated brz-css-1pfnjk8 brz-css-1cr0zgo\" data-animationid=\"zbFP36QUNcMZ\">\n<div class=\"brz-rich-text brz-rich-text__custom brz-css-826l1s\" data-brz-custom-id=\"xJeKznHfOkxc\">\n<div data-brz-translate-text=\"1\">\n<h4 class=\"brz-fw-xs-500 brz-fw-sm-500 brz-fw-lg-500 brz-ft-google brz-ff-cormorant_garamond brz-lh-sm-1_1 brz-lh-lg-1 brz-text-xs-center brz-text-lg-center brz-lh-xs-1_3 brz-fs-xs-34 brz-fs-lg-70 brz-fs-sm-47 brz-ls-lg-1 brz-ls-sm-3 brz-ls-xs-4 brz-tp-lg-heading4 brz-css-phlLB\" data-uniq-id=\"wFJJa\" data-generated-css=\"brz-css-kKoGW\"><span class=\"brz-cp-color8\">Workshop &#8211; 10 Mai<\/span><\/h4>\n<\/div>\n<\/div>\n<\/div>\n<div id=\"\" data-brz-iteration-count=\"1\" class=\"brz-css-12m2ko7 brz-css-1f82vrc brz-wrapper brz-animated brz-css-1pfnjk8 brz-css-1ecm2to\" data-animationid=\"u4zbd5FJLPWo\">\n<div class=\"brz-rich-text brz-rich-text__custom brz-css-826l1s\" data-brz-custom-id=\"ytFUkN9h_7wa\">\n<div data-brz-translate-text=\"1\">\n<h1 class=\"brz-ls-xs-4 brz-ls-sm-3 brz-ls-lg-1 brz-fs-sm-47 brz-fs-lg-70 brz-fs-xs-34 brz-lh-xs-1_3 brz-text-lg-center brz-text-xs-center brz-lh-lg-1 brz-lh-sm-1_1 brz-ff-cormorant_garamond brz-ft-google brz-fw-lg-500 brz-fw-sm-500 brz-fw-xs-500 brz-css-vc13A\" data-generated-css=\"brz-css-km_y7\" data-uniq-id=\"lfq9J\"><span class=\"brz-cp-color8\">C\u0103l\u0103toria Sufletului \u2013 Rela\u021biile din Perspectiv\u0103 Astrologic\u0103<\/span><\/h1>\n<\/div>\n<\/div>\n<\/div>\n<div id=\"\" class=\"brz-css-12m2ko7 brz-css-2cnl0u brz-wrapper\">\n<div class=\"brz-spacer brz-css-wtgnro brz-css-1xo3x4\"><\/div>\n<\/div>\n<\/div>\n<\/div>\n<\/section>\n<section id=\"5341ebe8c76448cb2a5b_h6F_uF1ry3nD\" class=\"brz-section brz-css-doj7mo\">\n<div class=\"brz-section__content brz-section--boxed brz-css-12kqthm\" data-brz-custom-id=\"aqmW_jk2pV6c\">\n<div class=\"brz-container brz-css-l5bbg6\">\n<div class=\"brz-row__container brz-css-1356zf7\" data-brz-custom-id=\"wHVSw0nCHQRd\">\n<div class=\"brz-bg\"><\/div>\n<div class=\"brz-row brz-css-149menb brz-css-sr0423\">\n<div class=\"brz-columns brz-css-1ktfji3\" data-brz-custom-id=\"gwnPV7fPMBMQ\">\n<div class=\"brz-bg\"><\/div>\n<div class=\"brz-column__items brz-css-gkw9lb brz-css-tuou93\">\n<div id=\"\" class=\"brz-css-12m2ko7 brz-css-yr85du brz-wrapper\">\n<div class=\"brz-image brz-css-1ok7ngx\" data-brz-custom-id=\"dfcifGzhRA8W\"><img decoding=\"async\" class=\"brz-img\" src=\"https:\/\/nicoletaghiris.ro\/wp-content\/uploads\/2025\/03\/Astrologie.jpg\" alt=\"\" loading=\"lazy\"><\/div>\n<\/div>\n<div id=\"\" class=\"brz-css-12m2ko7 brz-wrapper\">\n<div class=\"brz-rich-text brz-rich-text__custom brz-css-826l1s\" data-brz-custom-id=\"aqyMBvXMt6Pw\">\n<div data-brz-translate-text=\"1\">\n<h3 class=\"brz-tp-lg-heading3 brz-text-lg-center brz-css-zQZpp\" data-generated-css=\"brz-css-znS7F\" data-uniq-id=\"l_wjw\"><strong class=\"brz-cp-color2\">Pre\u021b:<\/strong><span class=\"brz-cp-color2\"> 888 RON<\/span><\/h3>\n<\/div>\n<\/div>\n<\/div>\n<\/div>\n<\/div>\n<div class=\"brz-columns brz-css-1ktfji3\" data-brz-custom-id=\"kKXiBbWSMVmp\">\n<div class=\"brz-bg\"><\/div>\n<div class=\"brz-column__items brz-css-gkw9lb brz-css-15cbw66\">\n<div id=\"\" class=\"brz-css-12m2ko7 brz-css-7i2y9x brz-wrapper\">\n<div class=\"brz-rich-text brz-rich-text__custom brz-css-826l1s\" data-brz-custom-id=\"fsbh7MPozvHG\">\n<div data-brz-translate-text=\"1\">\n<p class=\"brz-tp-lg-paragraph brz-css-rH7bX\" data-generated-css=\"brz-css-rsyYI\" data-uniq-id=\"qXhUV\"><strong class=\"brz-cp-color1\">Pagina inscriere: <\/strong><a class=\"brz-cp-color3 link--external\" href=\"https:\/\/go.elysionview.ro\/calatoria-sufletului\" data-brz-link-type=\"external\" target=\"_blank\">https:\/\/go.elysionview.ro\/calatoria-sufletului<\/a><\/p>\n<\/div>\n<\/div>\n<\/div>\n<div id=\"\" class=\"brz-css-12m2ko7 brz-css-7d8op2 brz-wrapper\">\n<div class=\"brz-rich-text brz-rich-text__custom brz-css-826l1s\" data-brz-custom-id=\"xz9mEZH13ZLE\">\n<div data-brz-translate-text=\"1\">\n<p class=\"brz-tp-lg-paragraph brz-css-ndJVB\" data-uniq-id=\"um6vi\" data-generated-css=\"brz-css-j1AMZ\"><strong class=\"brz-cp-color1,color3\">Titlu: <\/strong><span class=\"brz-cp-color1,color3\">C\u0103l\u0103toria Sufletului \u2013 Rela\u021biile din Perspectiv\u0103 Astrologic\u0103<\/span><\/p>\n<\/div>\n<\/div>\n<\/div>\n<div id=\"\" class=\"brz-css-12m2ko7 brz-css-18708m7 brz-wrapper\">\n<div class=\"brz-rich-text brz-rich-text__custom brz-css-826l1s\" data-brz-custom-id=\"rAYlefxXjAO9\">\n<div data-brz-translate-text=\"1\">\n<p class=\"brz-tp-lg-paragraph brz-css-qpNy6\" data-generated-css=\"brz-css-e9gfi\" data-uniq-id=\"z6l64\"><strong class=\"brz-cp-color1,color3\">Data \u0219i ora \u00eenceperii<\/strong><span class=\"brz-cp-color1,color3\">: 10 Mai, ora 10:30<\/span><\/p>\n<\/div>\n<\/div>\n<\/div>\n<div id=\"\" class=\"brz-css-12m2ko7 brz-css-17ofnpz brz-wrapper\">\n<div class=\"brz-rich-text brz-rich-text__custom brz-css-826l1s\" data-brz-custom-id=\"g5fPr4CUlN3L\">\n<div data-brz-translate-text=\"1\">\n<p class=\"brz-tp-lg-paragraph brz-css-mW0__\" data-generated-css=\"brz-css-viqNH\" data-uniq-id=\"dxX1G\"><strong class=\"brz-cp-color1,color3\">Unde are loc<\/strong><span class=\"brz-cp-color1,color3\">: Elysion View, strada Lebedei nr. 1, Gostilele, jud. C\u0103l\u0103ra\u0219i &#8211; <\/span><a class=\"brz-cp-color1,color3 link--external\" href=\"https:\/\/www.google.ro\/maps\/place\/Elysion+View\/@44.5012274,26.5044385,17z\/data=!3m1!4b1!4m6!3m5!1s0x40b1ef332ced651f:0xb6d479c08da3cf47!8m2!3d44.5012236!4d26.5070134!16s%2Fg%2F11n5yxwkjx?entry=ttu&amp;g_ep=EgoyMDI1MDMxNi4wIKXMDSoASAFQAw%3D%3D\" data-brz-link-type=\"external\" target=\"_blank\">link Google maps<\/a><\/p>\n<\/div>\n<\/div>\n<\/div>\n<div id=\"\" class=\"brz-css-12m2ko7 brz-css-1ro4dw8 brz-wrapper\">\n<div class=\"brz-rich-text brz-rich-text__custom brz-css-826l1s\" data-brz-custom-id=\"zULzMZPQOzCI\">\n<div data-brz-translate-text=\"1\">\n<p class=\"brz-tp-lg-paragraph brz-css-vImhK\" data-uniq-id=\"xzlfw\" data-generated-css=\"brz-css-udA2Q\"><strong class=\"brz-cp-color1,color3\">Organizator:<\/strong><span class=\"brz-cp-color1,color3\"> Good Story \u2013 Good Story este o agen\u021bie de marketing \u0219i Evenimente care de\u021bine \u0219i administreaza spa\u021biul de Evenimente Elysion View.<\/span><\/p>\n<\/div>\n<\/div>\n<\/div>\n<div id=\"\" class=\"brz-css-12m2ko7 brz-css-1j2kqm4 brz-wrapper\">\n<div class=\"brz-rich-text brz-rich-text__custom brz-css-826l1s\" data-brz-custom-id=\"rmeiJXhl_tBa\">\n<div data-brz-translate-text=\"1\">\n<p class=\"brz-tp-lg-paragraph brz-css-nPgXt\" data-generated-css=\"brz-css-cHwUh\" data-uniq-id=\"mQQFv\"><strong class=\"brz-cp-color1,color3\">Descriere:<\/strong><\/p>\n<p class=\"brz-tp-lg-paragraph brz-css-vddHb\" data-generated-css=\"brz-css-j0eJx\" data-uniq-id=\"mjShv\"><span class=\"brz-cp-color1,color3\">Rela\u021biile din Perspectiv\u0103 Astrologic\u0103 este un workshop special desf\u0103\u0219urat pe 10 mai 2025 la Elysion View, o loca\u021bie pe malul lacului Gostilele unde te po\u021bi bucura de intimitate, natur\u0103, apusuri instagramabile, o panoram\u0103 superb\u0103, aer proasp\u0103t, activit\u0103\u021bi la piscin\u0103 \u0219i o stare de bine care-\u021bi va da un plus de energie pozitiv\u0103.<\/span><\/p>\n<p class=\"brz-tp-lg-paragraph brz-css-rtk3D\" data-generated-css=\"brz-css-c7zfl\" data-uniq-id=\"zG74K\"><span class=\"brz-cp-color1,color3\"> <\/span><\/p>\n<p class=\"brz-tp-lg-paragraph brz-css-qEZPw\" data-generated-css=\"brz-css-nF8sm\" data-uniq-id=\"pyCJI\"><span class=\"brz-cp-color1,color3\">Workshop-ul este sus\u021binut de Nicoleta Ghiri\u0219, astrolog profesionist cu expertiz\u0103 \u00een astrologie occidental\u0103, metafizic\u0103 chinez\u0103 \u0219i numerologie. Acest eveniment \u00ee\u021bi ofer\u0103 ocazia de a \u00een\u021belege dinamica rela\u021biilor prin prisma astrologiei \u2013 de la compatibilitate zodiacal\u0103, influen\u021ba planetelor asupra vie\u021bii sentimentale, la lec\u021biile karmice care ne ghideaz\u0103 rela\u021biile.<\/span><\/p>\n<p class=\"brz-tp-lg-paragraph brz-css-s4nKg\" data-generated-css=\"brz-css-hfNfE\" data-uniq-id=\"w7288\"><span class=\"brz-cp-color1,color3\"> <\/span><\/p>\n<p class=\"brz-tp-lg-paragraph brz-css-ldOEx\" data-generated-css=\"brz-css-s_pfh\" data-uniq-id=\"y4Gal\"><span class=\"brz-cp-color1,color3\">Workshop-ul \u00eencepe printr-o prezentare detaliat\u0103 a influen\u021belor astrologice asupra rela\u021biilor \u0219i continu\u0103 cu interpretarea h\u0103r\u021bii astrologice personale. Nicoleta Ghiri\u0219 va oferi sfaturi personalizate pentru \u00eembun\u0103t\u0103\u021birea rela\u021biilor romantice \u0219i interpersonale, explic\u00e2nd cum s\u0103 \u00ee\u021bi identifici lec\u021biile sufletului \u0219i s\u0103 \u00ee\u021bi descoperi compatibilit\u0103\u021bile astrale.<\/span><\/p>\n<p class=\"brz-tp-lg-paragraph brz-css-whSZV\" data-generated-css=\"brz-css-s_pfh\" data-uniq-id=\"y4Gal\"><span class=\"brz-cp-color1,color3\"> <\/span><\/p>\n<p class=\"brz-tp-lg-paragraph brz-css-ezvKA\" data-generated-css=\"brz-css-s_pfh\" data-uniq-id=\"y4Gal\"><strong class=\"brz-cp-color1,color3\">Audien\u021b\u0103:<\/strong><span class=\"brz-cp-color1,color3\"> Potrivit pentru \u00eencep\u0103tori \u0219i pasiona\u021bi de astrologie care vor s\u0103 \u00ee\u0219i \u00een\u021beleag\u0103 mai bine rela\u021biile \u0219i s\u0103 \u00ee\u0219i descopere lec\u021biile karmice. <\/span><\/p>\n<\/div>\n<\/div>\n<\/div>\n<\/div>\n<\/div>\n<\/div>\n<\/div>\n<div class=\"brz-row__container brz-css-1356zf7\" data-brz-custom-id=\"gjcWjFCbB3AG\">\n<div class=\"brz-bg\"><\/div>\n<div class=\"brz-row brz-css-149menb\">\n<div class=\"brz-columns brz-css-1ktfji3\" data-brz-custom-id=\"wC3yHag62Hk7\">\n<div class=\"brz-bg\"><\/div>\n<div class=\"brz-column__items brz-css-gkw9lb\">\n<div id=\"\" class=\"brz-css-12m2ko7 brz-css-1ttl5jj brz-wrapper\">\n<div class=\"brz-rich-text brz-rich-text__custom brz-css-826l1s\" data-brz-custom-id=\"w8SYbTm1f8Sb\">\n<div data-brz-translate-text=\"1\">\n<p class=\"brz-tp-lg-paragraph brz-css-n5QEC\" data-generated-css=\"brz-css-dDGRu\" data-uniq-id=\"sMtT8\"><strong class=\"brz-cp-color1,color3\">\u00cen cadrul workshop-ului, vei \u00eenv\u0103\u021ba:<\/strong><\/p>\n<ul>\n<li class=\"brz-tp-lg-paragraph brz-bcp-color1,color3 brz-css-tDa8c\" data-generated-css=\"brz-css-o__TA\" data-uniq-id=\"vuMxi\"><span class=\"brz-cp-color1,color3\">Cum s\u0103 \u00ee\u021bi cite\u0219ti harta rela\u021bional\u0103 \u0219i s\u0103 \u00een\u021belegi lec\u021biile karmice din rela\u021biile tale<\/span><\/li>\n<li class=\"brz-tp-lg-paragraph brz-bcp-color1,color3 brz-css-i7eQw\" data-generated-css=\"brz-css-u782Y\" data-uniq-id=\"c8rYj\"><span class=\"brz-cp-color1,color3\">Influen\u021ba planetelor asupra personalit\u0103\u021bii \u0219i compatibilit\u0103\u021bilor tale<\/span><\/li>\n<li class=\"brz-tp-lg-paragraph brz-bcp-color1,color3 brz-css-jOEvD\" data-generated-css=\"brz-css-ljJgW\" data-uniq-id=\"aEyDu\"><span class=\"brz-cp-color1,color3\">Cum s\u0103 \u00ee\u021bi gestionezi rela\u021biile \u00een func\u021bie de ciclurile astrologice<\/span><\/li>\n<li class=\"brz-tp-lg-paragraph brz-bcp-color1,color3 brz-css-byA7C\" data-generated-css=\"brz-css-i7DYX\" data-uniq-id=\"gK3RY\"><span class=\"brz-cp-color1,color3\">Cum s\u0103 interpretezi semnele zodiacale \u0219i ascendentul pentru rela\u021bii armonioase<\/span><\/li>\n<\/ul>\n<\/div>\n<\/div>\n<\/div>\n<\/div>\n<\/div>\n<div class=\"brz-columns brz-css-1ktfji3\" data-brz-custom-id=\"utUOb3t819yt\">\n<div class=\"brz-bg\"><\/div>\n<div class=\"brz-column__items brz-css-gkw9lb\">\n<div id=\"\" class=\"brz-css-12m2ko7 brz-css-nbbs5u brz-wrapper\">\n<div class=\"brz-rich-text brz-rich-text__custom brz-css-826l1s\" data-brz-custom-id=\"zRC90rgCVlrP\">\n<div data-brz-translate-text=\"1\">\n<p class=\"brz-tp-lg-paragraph brz-css-rZbOF\" data-generated-css=\"brz-css-bp5Eq\" data-uniq-id=\"lKM5z\"><strong class=\"brz-cp-color1,color3\">Ce include:<\/strong><\/p>\n<ul>\n<li class=\"brz-tp-lg-paragraph brz-bcp-color1,color3 brz-css-lpNqL\" data-generated-css=\"brz-css-zKEAf\" data-uniq-id=\"z_u2i\"><span class=\"brz-cp-color1,color3\">Workshop intensiv despre astrologia rela\u021biilor \u0219i dinamica compatibilit\u0103\u021bii<\/span><\/li>\n<li class=\"brz-tp-lg-paragraph brz-bcp-color1,color3 brz-css-lHUmi\" data-generated-css=\"brz-css-swgjQ\" data-uniq-id=\"w5_Ke\"><span class=\"brz-cp-color1,color3\">Hart\u0103 rela\u021bional\u0103 personalizat\u0103<\/span><\/li>\n<li class=\"brz-tp-lg-paragraph brz-bcp-color1,color3 brz-css-qAv3v\" data-generated-css=\"brz-css-ylAFE\" data-uniq-id=\"cQXJS\"><span class=\"brz-cp-color1,color3\">Delicii culinare \u00eentr-o mas\u0103 de pr\u00e2nz complet\u0103<\/span><\/li>\n<li class=\"brz-tp-lg-paragraph brz-bcp-color1,color3 brz-css-htO39\" data-generated-css=\"brz-css-e24e4\" data-uniq-id=\"huSxL\"><span class=\"brz-cp-color1,color3\">Lemonade bar \u0219i prosecco bar disponibile pe tot parcursul zilei<\/span><\/li>\n<li class=\"brz-tp-lg-paragraph brz-bcp-color1,color3 brz-css-rJ38e\" data-generated-css=\"brz-css-rXOs_\" data-uniq-id=\"r5z6Z\"><span class=\"brz-cp-color1,color3\">Photo corner pentru amintiri frumoase<\/span><\/li>\n<li class=\"brz-tp-lg-paragraph brz-bcp-color1,color3 brz-css-u8HQd\" data-generated-css=\"brz-css-yh8P8\" data-uniq-id=\"gCMec\"><span class=\"brz-cp-color1,color3\">O zi de relaxare \u0219i auto-descoperire \u00eentr-un cadru natural de lux<\/span><\/li>\n<\/ul>\n<\/div>\n<\/div>\n<\/div>\n<\/div>\n<\/div>\n<\/div>\n<\/div>\n<\/div>\n<\/div>\n<\/section>\n<\/div>\n<p>    <!-- version:1743079984 --><\/p>","protected":false},"excerpt":{"rendered":"<p>Workshop &#8211; 10 Mai C\u0103l\u0103toria Sufletului \u2013 Rela\u021biile din Perspectiv\u0103 Astrologic\u0103 Pre\u021b: 888 RON Pagina inscriere: https:\/\/go.elysionview.ro\/calatoria-sufletului Titlu: C\u0103l\u0103toria Sufletului \u2013 Rela\u021biile din Perspectiv\u0103 Astrologic\u0103 Data \u0219i ora \u00eenceperii: 10 Mai, ora 10:30 Unde are loc: Elysion View, strada Lebedei nr. 1, Gostilele, jud. C\u0103l\u0103ra\u0219i &#8211; link Google maps Organizator: Good Story \u2013 Good Story [&hellip;]<\/p>","protected":false},"author":1,"featured_media":0,"parent":18,"menu_order":0,"comment_status":"closed","ping_status":"closed","template":"brizy-blank-template.php","meta":{"_monsterinsights_skip_tracking":false,"_monsterinsights_sitenote_active":false,"_monsterinsights_sitenote_note":"","_monsterinsights_sitenote_category":0,"footnotes":""},"class_list":["post-13056","page","type-page","status-publish","hentry","wpbf-post"],"brizy_media":[{"id":13070,"url":"https:\/\/nicoletaghiris.ro\/wp-content\/uploads\/2025\/03\/Astrologie.jpg","name":"Astrologie.jpg","meta":{"brizy_attachment_uid":"wp-daae06567b9465dcdf3565b480e77787.jpg","brizy_post_uid":["147b22ebb847f2b0592c0193d0b8120b","fb5ada5b95d14730395d49fe58eb4832"]}},{"id":13333,"url":"https:\/\/nicoletaghiris.ro\/wp-content\/uploads\/2025\/06\/sub-protectia-triunghului-1.jpeg","name":"sub-protectia-triunghului-1.jpeg","meta":{"brizy_attachment_uid":"wp-a1b594bcec7f81a06f82d59fcbc64e31.jpeg","brizy_post_uid":["147b22ebb847f2b0592c0193d0b8120b","fb5ada5b95d14730395d49fe58eb4832"]}},{"id":13334,"url":"https:\/\/nicoletaghiris.ro\/wp-content\/uploads\/2025\/06\/sub-protectia-triunghului-2.jpeg","name":"sub-protectia-triunghului-2.jpeg","meta":{"brizy_attachment_uid":"wp-b1e8335ac00b31407f5f8949e4609fd6.jpeg","brizy_post_uid":["147b22ebb847f2b0592c0193d0b8120b"]}},{"id":13412,"url":"https:\/\/nicoletaghiris.ro\/wp-content\/uploads\/2025\/06\/caldarusani.jpeg","name":"caldarusani.jpeg","meta":{"brizy_attachment_uid":"wp-20a1a70f243bd053114792e51c946f59.jpeg","brizy_post_uid":["147b22ebb847f2b0592c0193d0b8120b"]}},{"id":13413,"url":"https:\/\/nicoletaghiris.ro\/wp-content\/uploads\/2025\/06\/draganescu.jpeg","name":"draganescu.jpeg","meta":{"brizy_attachment_uid":"wp-f8aecc6ee826b7ec9fe3d3f16f798be3.jpeg","brizy_post_uid":["147b22ebb847f2b0592c0193d0b8120b"]}},{"id":13414,"url":"https:\/\/nicoletaghiris.ro\/wp-content\/uploads\/2025\/06\/manastirea-pasarea.jpeg","name":"manastirea-pasarea.jpeg","meta":{"brizy_attachment_uid":"wp-96bd1fe799b00d78a0f92993881dd030.jpeg","brizy_post_uid":["147b22ebb847f2b0592c0193d0b8120b"]}}],"post_mailing_queue_ids":[],"_links":{"self":[{"href":"https:\/\/nicoletaghiris.ro\/en\/wp-json\/wp\/v2\/pages\/13056","targetHints":{"allow":["GET"]}}],"collection":[{"href":"https:\/\/nicoletaghiris.ro\/en\/wp-json\/wp\/v2\/pages"}],"about":[{"href":"https:\/\/nicoletaghiris.ro\/en\/wp-json\/wp\/v2\/types\/page"}],"author":[{"embeddable":true,"href":"https:\/\/nicoletaghiris.ro\/en\/wp-json\/wp\/v2\/users\/1"}],"replies":[{"embeddable":true,"href":"https:\/\/nicoletaghiris.ro\/en\/wp-json\/wp\/v2\/comments?post=13056"}],"version-history":[{"count":5,"href":"https:\/\/nicoletaghiris.ro\/en\/wp-json\/wp\/v2\/pages\/13056\/revisions"}],"predecessor-version":[{"id":13134,"href":"https:\/\/nicoletaghiris.ro\/en\/wp-json\/wp\/v2\/pages\/13056\/revisions\/13134"}],"up":[{"embeddable":true,"href":"https:\/\/nicoletaghiris.ro\/en\/wp-json\/wp\/v2\/pages\/18"}],"wp:attachment":[{"href":"https:\/\/nicoletaghiris.ro\/en\/wp-json\/wp\/v2\/media?parent=13056"}],"curies":[{"name":"wp","href":"https:\/\/api.w.org\/{rel}","templated":true}]}}