{"id":13254,"date":"2025-06-10T10:02:37","date_gmt":"2025-06-10T10:02:37","guid":{"rendered":"https:\/\/nicoletaghiris.ro\/?page_id=13254"},"modified":"2025-11-13T12:06:40","modified_gmt":"2025-11-13T12:06:40","slug":"salt-vibrational-excursie-in-triunghiul-energetic-de-langa-pitesti-21-iunie-2025","status":"publish","type":"page","link":"https:\/\/nicoletaghiris.ro\/en\/evenimente\/salt-vibrational-excursie-in-triunghiul-energetic-de-langa-pitesti-21-iunie-2025\/","title":{"rendered":"Salt vibra\u021bional &#8211; Excursie \u00een triunghiul energetic de l\u00e2ng\u0103 Pite\u0219ti 21 iunie 2025"},"content":{"rendered":"<div class=\"brz-root__container brz-reset-all brz brz-root__container-page\">\n<section id=\"ecc4506283c1a6f34abc_hbjNhlvhP6nc\" class=\"brz-section brz-css-doj7mo brz-css-1todkf5\">\n<div class=\"brz-section__content brz-section--boxed brz-css-kulawx brz-css-9pf9di\" data-brz-custom-id=\"nJgvoSY9ciW8\">\n<div class=\"brz-bg\">\n<div class=\"brz-bg-image\"><\/div>\n<div class=\"brz-bg-color\"><\/div>\n<\/div>\n<div class=\"brz-container brz-css-l5bbg6 brz-css-3fvohb\">\n<div id=\"\" data-brz-iteration-count=\"1\" class=\"brz-css-12m2ko7 brz-css-wxgnbm brz-wrapper brz-animated brz-css-1pfnjk8 brz-css-1hprj79\" data-animationid=\"zbFP36QUNcMZ\">\n<div class=\"brz-rich-text brz-rich-text__custom brz-css-826l1s brz-css-1tp7zdz\" data-brz-custom-id=\"xJeKznHfOkxc\">\n<div data-brz-translate-text=\"1\">\n<h4 class=\"brz-tp-lg-heading4 brz-ls-xs-4 brz-ls-sm-3 brz-ls-lg-1 brz-fs-sm-47 brz-fs-lg-70 brz-fs-xs-34 brz-lh-xs-1_3 brz-text-lg-center brz-text-xs-center brz-lh-lg-1 brz-lh-sm-1_1 brz-ff-cormorant_garamond brz-ft-google brz-fw-lg-500 brz-fw-sm-500 brz-fw-xs-500 brz-css-tLZ2E\" data-generated-css=\"brz-css-kG1cV\" data-uniq-id=\"lzUzd\"><span class=\"brz-cp-color8\">Workshop &#8211; 21-22 Iunie 2025<\/span><\/h4>\n<\/div>\n<\/div>\n<\/div>\n<div id=\"\" data-brz-iteration-count=\"1\" class=\"brz-css-12m2ko7 brz-css-mankem brz-wrapper brz-animated brz-css-1pfnjk8 brz-css-1kfsbq0\" data-animationid=\"u4zbd5FJLPWo\">\n<div class=\"brz-rich-text brz-rich-text__custom brz-css-826l1s brz-css-qj5r5\" data-brz-custom-id=\"ytFUkN9h_7wa\">\n<div data-brz-translate-text=\"1\">\n<h1 class=\"brz-ls-xs-4 brz-ls-sm-3 brz-ls-lg-1 brz-fs-sm-47 brz-fs-lg-70 brz-fs-xs-34 brz-lh-xs-1_3 brz-text-lg-center brz-text-xs-center brz-lh-lg-1 brz-lh-sm-1_1 brz-ff-cormorant_garamond brz-ft-google brz-fw-lg-500 brz-fw-sm-500 brz-fw-xs-500 brz-css-uCbOr\" data-generated-css=\"brz-css-cZjys\" data-uniq-id=\"flRVm\"><span class=\"brz-cp-color8\">Sub protec\u021bia Triunghiului Energetic<\/span><\/h1>\n<\/div>\n<\/div>\n<\/div>\n<div id=\"\" class=\"brz-css-12m2ko7 brz-css-2cnl0u brz-css-1p9t3gd brz-wrapper\">\n<div class=\"brz-spacer brz-css-wtgnro brz-css-4dabtt\"><\/div>\n<\/div>\n<\/div>\n<\/div>\n<\/section>\n<section id=\"ff3f6d65552b1df513c4_h6F_uF1ry3nD\" class=\"brz-section brz-css-doj7mo brz-css-9i73ue\">\n<div class=\"brz-section__content brz-section--boxed brz-css-kulawx brz-css-63khu8\" data-brz-custom-id=\"aqmW_jk2pV6c\">\n<div class=\"brz-container brz-css-l5bbg6 brz-css-1e6ic8w\">\n<div class=\"brz-row__container brz-css-1s9m1i5 brz-css-1s4d5hv\" data-brz-custom-id=\"wHVSw0nCHQRd\">\n<div class=\"brz-row brz-css-149menb brz-css-3c1snf\">\n<div class=\"brz-columns brz-css-lc1rfz brz-css-1vfa9a0\" data-brz-custom-id=\"gwnPV7fPMBMQ\">\n<div class=\"brz-column__items brz-css-gkw9lb brz-css-174711p\">\n<div id=\"\" class=\"brz-css-12m2ko7 brz-css-1udt8ps brz-wrapper\">\n<div class=\"brz-image brz-css-kuxxba brz-css-rjutgk\" data-brz-custom-id=\"dfcifGzhRA8W\"><img decoding=\"async\" class=\"brz-img\" src=\"https:\/\/nicoletaghiris.ro\/wp-content\/uploads\/2025\/06\/sub-protectia-triunghului-1.jpeg\" alt=\"\" title=\"sub-protectia-triunghului-1\" loading=\"lazy\"><\/div>\n<\/div>\n<div id=\"\" class=\"brz-css-12m2ko7 brz-css-1qbpk8d brz-wrapper\">\n<div class=\"brz-image brz-css-19p1ii5 brz-css-g2w6ez\" data-brz-custom-id=\"ocU00T_vZMmb\"><img decoding=\"async\" class=\"brz-img\" src=\"https:\/\/nicoletaghiris.ro\/wp-content\/uploads\/2025\/06\/sub-protectia-triunghului-2.jpeg\" alt=\"\" title=\"sub-protectia-triunghului-2\" loading=\"lazy\"><\/div>\n<\/div>\n<\/div>\n<\/div>\n<div class=\"brz-columns brz-css-lc1rfz brz-css-159xfuc\" data-brz-custom-id=\"kKXiBbWSMVmp\">\n<div class=\"brz-column__items brz-css-gkw9lb brz-css-1glb2zs\">\n<div id=\"\" class=\"brz-css-12m2ko7 brz-css-hpdni brz-wrapper\">\n<div class=\"brz-rich-text brz-rich-text__custom brz-css-826l1s brz-css-61hvil\" data-brz-custom-id=\"nSZekgSIwpgP\">\n<div data-brz-translate-text=\"1\">\n<p class=\"brz-tp-lg-paragraph brz-css-nP647\" data-uniq-id=\"aSTYa\" data-generated-css=\"brz-css-mAbb0\"><strong class=\"brz-cp-color1\">21\u201322 iunie 2025<\/strong><\/p>\n<p class=\"brz-tp-lg-paragraph brz-css-fNSVu\" data-uniq-id=\"v_7hE\" data-generated-css=\"brz-css-hpgKC\"><span class=\"brz-cp-color1\">Cet\u0103\u021buia Negru Vod\u0103 \u2013 N\u0103m\u0103ie\u0219ti \u2013 Corbii de Piatr\u0103<\/span><\/p>\n<p class=\"brz-tp-lg-paragraph brz-css-rHU7c\" data-uniq-id=\"hkzGy\" data-generated-css=\"brz-css-hYAQ5\"><span class=\"brz-cp-color1\">\u00censo\u021bite de Nicoleta Ghiri\u0219 \u2013 ghid spiritual \u0219i Lumini\u021ba \u2013 ghid energetic<\/span><\/p>\n<p class=\"brz-tp-lg-paragraph brz-css-o7i8R\" data-uniq-id=\"rOPnb\" data-generated-css=\"brz-css-pop7S\"><\/p>\n<p class=\"brz-tp-lg-paragraph brz-css-jZob4\" data-uniq-id=\"pbmx0\" data-generated-css=\"brz-css-hr4jo\"><strong class=\"brz-cp-color1\">Plec\u0103m s\u00e2mb\u0103t\u0103, 21 iunie, la ora 08:00, <\/strong><span class=\"brz-cp-color1\">din Pia\u021ba Universit\u0103\u021bii (platoul cu statui).<\/span><\/p>\n<p class=\"brz-tp-lg-paragraph brz-css-akfjH\" data-uniq-id=\"l_exh\" data-generated-css=\"brz-css-nqzva\"><span class=\"brz-cp-color1\">Duminic\u0103, 22 iunie, plec\u0103m spre Bucure\u0219ti la ora 12:00, cu sosire estimat\u0103 \u00een func\u021bie de trafic.<\/span><\/p>\n<p class=\"brz-tp-lg-paragraph brz-css-qE3WU\" data-uniq-id=\"uDSS6\" data-generated-css=\"brz-css-prC4A\"><\/p>\n<p class=\"brz-tp-lg-paragraph brz-css-yJ6yT\" data-uniq-id=\"jwFol\" data-generated-css=\"brz-css-zdiyP\"><strong class=\"brz-cp-color1\">Traseul include:<\/strong><\/p>\n<ul>\n<li data-uniq-id=\"bVvwH\" data-generated-css=\"brz-css-pHOcO\" class=\"brz-tp-lg-paragraph brz-bcp-color1 brz-css-qErHA\"><span class=\"brz-cp-color1\">M\u0103n\u0103stirea Cet\u0103\u021buia Negru Vod\u0103 \u2013 construit\u0103 pe o st\u00e2nc\u0103 la 881 m altitudine, accesibil\u0103 pe jos \u00een aprox. o or\u0103. Loc de reculegere \u0219i energie profund\u0103, asociat cu Negru Vod\u0103.<\/span><\/li>\n<li data-uniq-id=\"t0Cv8\" data-generated-css=\"brz-css-bSZiI\" class=\"brz-tp-lg-paragraph brz-bcp-color1 brz-css-fKCvt\"><span class=\"brz-cp-color1\">M\u0103n\u0103stirea N\u0103m\u0103ie\u0219ti \u2013 s\u0103pat\u0103 \u00een st\u00e2nc\u0103, dat\u00e2nd din sec. al XVI-lea, p\u0103streaz\u0103 o icoan\u0103 f\u0103c\u0103toare de minuni.<\/span><\/li>\n<li data-uniq-id=\"oXNa8\" data-generated-css=\"brz-css-e3ZjP\" class=\"brz-tp-lg-paragraph brz-bcp-color1 brz-css-gE7UC\"><span class=\"brz-cp-color1\">M\u0103n\u0103stirea Corbii de Piatr\u0103 \u2013 loca\u0219 rupestru cu pictur\u0103 din sec. al XIV-lea, cea mai veche din \u021aara Rom\u00e2neasc\u0103.<\/span><\/li>\n<\/ul>\n<p class=\"brz-tp-lg-paragraph brz-css-mZmX4\" data-uniq-id=\"ehsBH\" data-generated-css=\"brz-css-bZzSY\"><\/p>\n<p class=\"brz-tp-lg-paragraph brz-css-h9z5G\" data-uniq-id=\"ojOtj\" data-generated-css=\"brz-css-bwqZJ\"><strong class=\"brz-cp-color1\">Vom petrece o noapte \u00een zona Corbi (jude\u021bul Arge\u0219), la pensiune.<\/strong><\/p>\n<\/div>\n<\/div>\n<\/div>\n<\/div>\n<\/div>\n<\/div>\n<\/div>\n<div id=\"\" class=\"brz-css-12m2ko7 brz-css-15q8052 brz-wrapper\">\n<div class=\"brz-rich-text brz-rich-text__custom brz-css-826l1s brz-css-1hp7ozn\" data-brz-custom-id=\"eSRpL7KEIPVP\">\n<div data-brz-translate-text=\"1\">\n<h4 data-generated-css=\"brz-css-erZTb\" data-uniq-id=\"fmzty\" class=\"brz-tp-lg-heading4 brz-css-cnQZM\"><span class=\"brz-cp-color1\">Variante de participare:<\/span><\/h4>\n<\/div>\n<\/div>\n<\/div>\n<div class=\"brz-row__container brz-css-1s9m1i5 brz-css-ia1238\" data-brz-custom-id=\"gjcWjFCbB3AG\">\n<div class=\"brz-row brz-css-149menb brz-css-ip9tgo\">\n<div class=\"brz-columns brz-css-lc1rfz brz-css-686sgg\" data-brz-custom-id=\"wC3yHag62Hk7\">\n<div class=\"brz-column__items brz-css-gkw9lb brz-css-1bv9gw5\">\n<div id=\"\" class=\"brz-css-12m2ko7 brz-css-17spvgq brz-wrapper\">\n<div class=\"brz-rich-text brz-rich-text__custom brz-css-826l1s brz-css-17w3aw3\" data-brz-custom-id=\"umLcNMVoekj5\">\n<div data-brz-translate-text=\"1\">\n<h5 data-generated-css=\"brz-css-l69d9\" data-uniq-id=\"oom5t\" class=\"brz-tp-lg-heading5 brz-css-nZM_l\"><span class=\"brz-cp-color1\">Pachet complet (cu transport \u0219i cazare):<\/span><\/h5>\n<\/div>\n<\/div>\n<\/div>\n<div id=\"\" class=\"brz-css-12m2ko7 brz-css-rrnllb brz-wrapper\">\n<div class=\"brz-rich-text brz-rich-text__custom brz-css-826l1s brz-css-1adltir\" data-brz-custom-id=\"m4xNlR7JIqjH\">\n<div data-brz-translate-text=\"1\">\n<h5 class=\"brz-tp-lg-heading5 brz-css-maFsF\" data-generated-css=\"brz-css-fJkGk\" data-uniq-id=\"l3Io6\"><span class=\"brz-cp-color1\">598 lei \/ persoan\u0103<\/span><\/h5>\n<\/div>\n<\/div>\n<\/div>\n<div id=\"\" class=\"brz-css-12m2ko7 brz-css-1b2c8bk brz-wrapper\">\n<div class=\"brz-rich-text brz-rich-text__custom brz-css-826l1s brz-css-1ozrh2w\" data-brz-custom-id=\"w8SYbTm1f8Sb\">\n<div data-brz-translate-text=\"1\">\n<p class=\"brz-tp-lg-paragraph brz-css-mIaq2\" data-generated-css=\"brz-css-cQhtN\" data-uniq-id=\"xn2R2\"><strong class=\"brz-cp-color1,color3\">Include:<\/strong><\/p>\n<ul>\n<li class=\"brz-tp-lg-paragraph brz-bcp-color1,color3 brz-css-lJxUZ\" data-generated-css=\"brz-css-krtKj\" data-uniq-id=\"coFJw\"><span class=\"brz-cp-color1,color3\">Transport cu autocar clasificat<\/span><\/li>\n<li class=\"brz-tp-lg-paragraph brz-bcp-color1,color3 brz-css-u2Q7l\" data-generated-css=\"brz-css-yGL1Z\" data-uniq-id=\"q8pR2\"><span class=\"brz-cp-color1,color3\">Cazare 1 noapte la pensiune \u00een zona Corbi<\/span><\/li>\n<li class=\"brz-tp-lg-paragraph brz-bcp-color1,color3 brz-css-yLEjc\" data-generated-css=\"brz-css-eZoTZ\" data-uniq-id=\"cvM0f\"><span class=\"brz-cp-color1,color3\">Ghidare spiritual\u0103 \u0219i energetic\u0103<\/span><\/li>\n<li class=\"brz-tp-lg-paragraph brz-bcp-color1,color3 brz-css-rRxAD\" data-generated-css=\"brz-css-qsM1h\" data-uniq-id=\"cOhkw\"><span class=\"brz-cp-color1,color3\">Masa, parc\u0103rile, intr\u0103rile la obiective turistice \u0219i alte cheltuieli personale nu sunt incluse \u2013 acestea se achit\u0103 individual.<\/span><\/li>\n<li class=\"brz-tp-lg-paragraph brz-bcp-color1,color3 brz-css-vRCJ3\" data-generated-css=\"brz-css-ekBSM\" data-uniq-id=\"mAINQ\"><span class=\"brz-cp-color1,color3\">Copiii care ocup\u0103 loc \u00een autocar pl\u0103tesc tarif \u00eentreg.<\/span><\/li>\n<\/ul>\n<\/div>\n<\/div>\n<\/div>\n<div class=\"brz-wrapper-clone brz-flex-xs-wrap brz-css-1cd0xq9 brz-css-1rggf6p\" data-brz-custom-id=\"nXBKcvFFQILf\"><a class=\"brz-a brz-btn brz-css-13zjzeq brz-css-1nv388x brz-css-1jgve4t brz-css-vguala\" href=\"https:\/\/nicoletaghiris.ro\/en\/product\/sub-protectia-triunghiului-energetic-pachet-complet\/\" target=\"_self\" rel=\"noopener\" data-brz-link-type=\"external\" data-brz-custom-id=\"vJWRQucfjcP9\"><span data-brz-translate-text=\"1\" class=\"brz-span brz-text__editor\">CUMPARA ACUM<\/span><\/a><\/div>\n<\/div>\n<\/div>\n<div class=\"brz-columns brz-css-lc1rfz brz-css-9qul5t\" data-brz-custom-id=\"pL_iJ7s_cwqE\">\n<div class=\"brz-column__items brz-css-gkw9lb brz-css-78qg0s\">\n<div id=\"\" class=\"brz-css-12m2ko7 brz-css-1q5q4o7 brz-wrapper\">\n<div class=\"brz-rich-text brz-rich-text__custom brz-css-826l1s brz-css-12g2ndf\" data-brz-custom-id=\"oa5B6k1MgrmP\">\n<div data-brz-translate-text=\"1\">\n<h5 class=\"brz-tp-lg-heading5 brz-css-i34Wv\" data-uniq-id=\"p6RvB\" data-generated-css=\"brz-css-dep54\"><span class=\"brz-cp-color1\">Pachet f\u0103r\u0103 transport \u0219i cazare (cu ma\u0219in\u0103 proprie):<\/span><\/h5>\n<\/div>\n<\/div>\n<\/div>\n<div id=\"\" class=\"brz-css-12m2ko7 brz-css-ycce5r brz-wrapper\">\n<div class=\"brz-rich-text brz-rich-text__custom brz-css-826l1s brz-css-owni2v\" data-brz-custom-id=\"a5ey5NOjNyBb\">\n<div data-brz-translate-text=\"1\">\n<h5 class=\"brz-tp-lg-heading5 brz-css-hyjxc\" data-uniq-id=\"wSRia\" data-generated-css=\"brz-css-bPQap\"><span class=\"brz-cp-color1\">248 lei \/ persoan\u0103<\/span><\/h5>\n<\/div>\n<\/div>\n<\/div>\n<div id=\"\" class=\"brz-css-12m2ko7 brz-css-qrm1tf brz-wrapper\">\n<div class=\"brz-rich-text brz-rich-text__custom brz-css-826l1s brz-css-xn16gw\" data-brz-custom-id=\"ogOdNRs2yxpW\">\n<div data-brz-translate-text=\"1\">\n<p class=\"brz-tp-lg-paragraph brz-css-fEWEB\" data-uniq-id=\"o4Zid\" data-generated-css=\"brz-css-gTYWk\"><strong class=\"brz-cp-color1,color3\">Include:<\/strong><\/p>\n<ul>\n<li class=\"brz-tp-lg-paragraph brz-bcp-color1,color3 brz-css-tlzXP\" data-uniq-id=\"a6ABd\" data-generated-css=\"brz-css-vyaz0\"><span class=\"brz-cp-color1,color3\">Participare la traseu \u0219i ghidare energetic\u0103 \u0219i spiritual\u0103<\/span><\/li>\n<\/ul>\n<\/div>\n<\/div>\n<\/div>\n<div id=\"\" class=\"brz-css-12m2ko7 brz-css-7edpug brz-wrapper\">\n<div class=\"brz-rich-text brz-rich-text__custom brz-css-826l1s brz-css-jhn5xa\" data-brz-custom-id=\"g783UdCq4OV4\">\n<div data-brz-translate-text=\"1\">\n<p class=\"brz-tp-lg-paragraph brz-css-liuqR\" data-uniq-id=\"kyCuy\" data-generated-css=\"brz-css-fOJqQ\"><strong class=\"brz-cp-color1,color3\">Nu Include:<\/strong><\/p>\n<ul>\n<li class=\"brz-tp-lg-paragraph brz-bcp-color1,color3 brz-css-xir1H\" data-uniq-id=\"b_2EJ\" data-generated-css=\"brz-css-kHNh6\"><span class=\"brz-cp-color1,color3\">Transport, cazare, mas\u0103, parc\u0103ri, intr\u0103ri la obiective turistice sau alte cheltuieli personale.<\/span><\/li>\n<\/ul>\n<\/div>\n<\/div>\n<\/div>\n<div class=\"brz-wrapper-clone brz-flex-xs-wrap brz-css-1cd0xq9 brz-css-f8kdny\" data-brz-custom-id=\"e1twmP0uoPvb\"><a class=\"brz-a brz-btn brz-css-13zjzeq brz-css-6jcwfl brz-css-1jgve4t brz-css-fpoj7n\" href=\"https:\/\/nicoletaghiris.ro\/en\/product\/sub-protectia-triunghiului-energetic-pachet-fara-transport-si-cazare\/\" target=\"_self\" rel=\"noopener\" data-brz-link-type=\"external\" data-brz-custom-id=\"x2hIwr5MhWH0\"><span data-brz-translate-text=\"1\" class=\"brz-span brz-text__editor\">CUMPARA ACUM<\/span><\/a><\/div>\n<\/div>\n<\/div>\n<\/div>\n<\/div>\n<\/div>\n<\/div>\n<\/section>\n<\/div>\n<p>    <!-- version:1749560152 --><\/p>","protected":false},"excerpt":{"rendered":"<p>Workshop &#8211; 21-22 Iunie 2025 Sub protec\u021bia Triunghiului Energetic 21\u201322 iunie 2025 Cet\u0103\u021buia Negru Vod\u0103 \u2013 N\u0103m\u0103ie\u0219ti \u2013 Corbii de Piatr\u0103 \u00censo\u021bite de Nicoleta Ghiri\u0219 \u2013 ghid spiritual \u0219i Lumini\u021ba \u2013 ghid energetic Plec\u0103m s\u00e2mb\u0103t\u0103, 21 iunie, la ora 08:00, din Pia\u021ba Universit\u0103\u021bii (platoul cu statui). Duminic\u0103, 22 iunie, plec\u0103m spre Bucure\u0219ti la ora 12:00, [&hellip;]<\/p>","protected":false},"author":1,"featured_media":0,"parent":18,"menu_order":0,"comment_status":"closed","ping_status":"closed","template":"brizy-blank-template.php","meta":{"_monsterinsights_skip_tracking":false,"_monsterinsights_sitenote_active":false,"_monsterinsights_sitenote_note":"","_monsterinsights_sitenote_category":0,"footnotes":""},"class_list":["post-13254","page","type-page","status-publish","hentry","wpbf-post"],"brizy_media":[{"id":13070,"url":"https:\/\/nicoletaghiris.ro\/wp-content\/uploads\/2025\/03\/Astrologie.jpg","name":"Astrologie.jpg","meta":{"brizy_attachment_uid":"wp-daae06567b9465dcdf3565b480e77787.jpg","brizy_post_uid":["147b22ebb847f2b0592c0193d0b8120b","fb5ada5b95d14730395d49fe58eb4832"]}},{"id":13333,"url":"https:\/\/nicoletaghiris.ro\/wp-content\/uploads\/2025\/06\/sub-protectia-triunghului-1.jpeg","name":"sub-protectia-triunghului-1.jpeg","meta":{"brizy_attachment_uid":"wp-a1b594bcec7f81a06f82d59fcbc64e31.jpeg","brizy_post_uid":["147b22ebb847f2b0592c0193d0b8120b","fb5ada5b95d14730395d49fe58eb4832"]}},{"id":13334,"url":"https:\/\/nicoletaghiris.ro\/wp-content\/uploads\/2025\/06\/sub-protectia-triunghului-2.jpeg","name":"sub-protectia-triunghului-2.jpeg","meta":{"brizy_attachment_uid":"wp-b1e8335ac00b31407f5f8949e4609fd6.jpeg","brizy_post_uid":["147b22ebb847f2b0592c0193d0b8120b"]}},{"id":13412,"url":"https:\/\/nicoletaghiris.ro\/wp-content\/uploads\/2025\/06\/caldarusani.jpeg","name":"caldarusani.jpeg","meta":{"brizy_attachment_uid":"wp-20a1a70f243bd053114792e51c946f59.jpeg","brizy_post_uid":["147b22ebb847f2b0592c0193d0b8120b"]}},{"id":13413,"url":"https:\/\/nicoletaghiris.ro\/wp-content\/uploads\/2025\/06\/draganescu.jpeg","name":"draganescu.jpeg","meta":{"brizy_attachment_uid":"wp-f8aecc6ee826b7ec9fe3d3f16f798be3.jpeg","brizy_post_uid":["147b22ebb847f2b0592c0193d0b8120b"]}},{"id":13414,"url":"https:\/\/nicoletaghiris.ro\/wp-content\/uploads\/2025\/06\/manastirea-pasarea.jpeg","name":"manastirea-pasarea.jpeg","meta":{"brizy_attachment_uid":"wp-96bd1fe799b00d78a0f92993881dd030.jpeg","brizy_post_uid":["147b22ebb847f2b0592c0193d0b8120b"]}}],"post_mailing_queue_ids":[],"_links":{"self":[{"href":"https:\/\/nicoletaghiris.ro\/en\/wp-json\/wp\/v2\/pages\/13254","targetHints":{"allow":["GET"]}}],"collection":[{"href":"https:\/\/nicoletaghiris.ro\/en\/wp-json\/wp\/v2\/pages"}],"about":[{"href":"https:\/\/nicoletaghiris.ro\/en\/wp-json\/wp\/v2\/types\/page"}],"author":[{"embeddable":true,"href":"https:\/\/nicoletaghiris.ro\/en\/wp-json\/wp\/v2\/users\/1"}],"replies":[{"embeddable":true,"href":"https:\/\/nicoletaghiris.ro\/en\/wp-json\/wp\/v2\/comments?post=13254"}],"version-history":[{"count":6,"href":"https:\/\/nicoletaghiris.ro\/en\/wp-json\/wp\/v2\/pages\/13254\/revisions"}],"predecessor-version":[{"id":13338,"href":"https:\/\/nicoletaghiris.ro\/en\/wp-json\/wp\/v2\/pages\/13254\/revisions\/13338"}],"up":[{"embeddable":true,"href":"https:\/\/nicoletaghiris.ro\/en\/wp-json\/wp\/v2\/pages\/18"}],"wp:attachment":[{"href":"https:\/\/nicoletaghiris.ro\/en\/wp-json\/wp\/v2\/media?parent=13254"}],"curies":[{"name":"wp","href":"https:\/\/api.w.org\/{rel}","templated":true}]}}