{"id":13373,"date":"2025-06-24T12:17:09","date_gmt":"2025-06-24T12:17:09","guid":{"rendered":"https:\/\/nicoletaghiris.ro\/?page_id=13373"},"modified":"2025-11-13T09:57:36","modified_gmt":"2025-11-13T09:57:36","slug":"triunghiul-energetic-maica-domnului-calatorie-spirituala-si-salt-interior-sambata-12-iulie-2025","status":"publish","type":"page","link":"https:\/\/nicoletaghiris.ro\/en\/evenimente\/triunghiul-energetic-maica-domnului-calatorie-spirituala-si-salt-interior-sambata-12-iulie-2025\/","title":{"rendered":"Triunghiul Energetic Maica Domnului \u2013 C\u0103l\u0103torie Spiritual\u0103 \u0219i Salt Interior &#8211; S\u00e2mb\u0103t\u0103, 12 iulie 2025"},"content":{"rendered":"<div class=\"brz-root__container brz-reset-all brz brz-root__container-page\">\n<section id=\"bc180b76c75d6dc523fe_hbjNhlvhP6nc\" class=\"brz-section brz-css-doj7mo brz-css-1todkf5\">\n<div class=\"brz-section__content brz-section--boxed brz-css-kulawx brz-css-1xj4umc\" data-brz-custom-id=\"nJgvoSY9ciW8\">\n<div class=\"brz-bg\">\n<div class=\"brz-bg-image\"><\/div>\n<div class=\"brz-bg-color\"><\/div>\n<\/div>\n<div class=\"brz-container brz-css-l5bbg6 brz-css-3fvohb\">\n<div id=\"\" data-brz-iteration-count=\"1\" class=\"brz-css-12m2ko7 brz-css-wxgnbm brz-wrapper brz-animated brz-css-1pfnjk8 brz-css-1hprj79\" data-animationid=\"zbFP36QUNcMZ\">\n<div class=\"brz-rich-text brz-rich-text__custom brz-css-826l1s brz-css-1tp7zdz\" data-brz-custom-id=\"xJeKznHfOkxc\">\n<div data-brz-translate-text=\"1\">\n<h3 class=\"brz-ls-xs-4 brz-ls-sm-3 brz-ls-lg-1 brz-fs-sm-47 brz-fs-lg-70 brz-fs-xs-34 brz-lh-xs-1_3 brz-text-lg-center brz-text-xs-center brz-lh-lg-1 brz-lh-sm-1_1 brz-ff-cormorant_garamond brz-ft-google brz-fw-lg-500 brz-fw-sm-500 brz-fw-xs-500 brz-tp-lg-heading3 brz-css-wUH4t\" data-generated-css=\"brz-css-fieyz\" data-uniq-id=\"sFWAq\"><span class=\"brz-cp-color8\">S\u00e2mb\u0103t\u0103, 12 iulie 2025<\/span><\/h3>\n<\/div>\n<\/div>\n<\/div>\n<div id=\"\" data-brz-iteration-count=\"1\" class=\"brz-css-12m2ko7 brz-css-mankem brz-wrapper brz-animated brz-css-1pfnjk8 brz-css-1kfsbq0\" data-animationid=\"u4zbd5FJLPWo\">\n<div class=\"brz-rich-text brz-rich-text__custom brz-css-826l1s brz-css-qj5r5\" data-brz-custom-id=\"ytFUkN9h_7wa\">\n<div data-brz-translate-text=\"1\">\n<h1 data-generated-css=\"brz-css-zv_Ob\" data-uniq-id=\"xvqVu\" class=\"brz-ls-xs-4 brz-ls-sm-3 brz-ls-lg-1 brz-fs-sm-47 brz-fs-lg-70 brz-fs-xs-34 brz-lh-xs-1_3 brz-text-lg-center brz-text-xs-center brz-lh-lg-1 brz-lh-sm-1_1 brz-ff-cormorant_garamond brz-ft-google brz-fw-lg-500 brz-fw-sm-500 brz-fw-xs-500 brz-tp-lg-heading1 brz-css-v2Cxm\"><span class=\"brz-cp-color8\">Triunghiul Energetic Maica Domnului<\/span><\/h1>\n<\/div>\n<\/div>\n<\/div>\n<div id=\"\" data-brz-iteration-count=\"1\" class=\"brz-css-12m2ko7 brz-css-1iflc2p brz-wrapper brz-animated brz-css-1pfnjk8 brz-css-6a372t\" data-animationid=\"oXfPLnrYnDoI\">\n<div class=\"brz-rich-text brz-rich-text__custom brz-css-826l1s brz-css-1welc2k\" data-brz-custom-id=\"ezqj_utDTwgA\">\n<div data-brz-translate-text=\"1\">\n<h2 class=\"brz-ls-xs-4 brz-ls-sm-3 brz-ls-lg-1 brz-fs-sm-47 brz-fs-lg-70 brz-fs-xs-34 brz-lh-xs-1_3 brz-text-lg-center brz-text-xs-center brz-lh-lg-1 brz-lh-sm-1_1 brz-ff-cormorant_garamond brz-ft-google brz-fw-lg-500 brz-fw-sm-500 brz-fw-xs-500 brz-tp-lg-heading2 brz-css-cNO5F\" data-generated-css=\"brz-css-ae0Yj\" data-uniq-id=\"rvYgs\"><span class=\"brz-cp-color8\">C\u0103l\u0103torie Spiritual\u0103 \u0219i Salt Interior<\/span><\/h2>\n<\/div>\n<\/div>\n<\/div>\n<div id=\"\" data-brz-iteration-count=\"1\" class=\"brz-css-12m2ko7 brz-css-1jz6fj0 brz-wrapper brz-animated brz-css-1pfnjk8 brz-css-bvptvx\" data-animationid=\"tkpPAP_cniLI\">\n<div class=\"brz-rich-text brz-rich-text__custom brz-css-826l1s brz-css-15rfxkg\" data-brz-custom-id=\"hCRdpJntX7th\">\n<div data-brz-translate-text=\"1\">\n<h3 class=\"brz-tp-lg-heading3 brz-fw-xs-500 brz-fw-sm-500 brz-fw-lg-500 brz-ft-google brz-ff-cormorant_garamond brz-lh-sm-1_1 brz-lh-lg-1 brz-text-xs-center brz-text-lg-center brz-lh-xs-1_3 brz-fs-xs-34 brz-fs-lg-70 brz-fs-sm-47 brz-ls-lg-1 brz-ls-sm-3 brz-ls-xs-4 brz-css-sc7On\" data-uniq-id=\"vvyLJ\" data-generated-css=\"brz-css-kw93l\"><span class=\"brz-cp-color8\">C\u0103ld\u0103ru\u0219ani \u2013 Dr\u0103g\u0103nescu \u2013 P\u0103s\u0103rea<\/span><\/h3>\n<h3 class=\"brz-tp-lg-heading3 brz-fw-xs-500 brz-fw-sm-500 brz-fw-lg-500 brz-ft-google brz-ff-cormorant_garamond brz-lh-sm-1_1 brz-lh-lg-1 brz-text-xs-center brz-text-lg-center brz-lh-xs-1_3 brz-fs-xs-34 brz-fs-lg-70 brz-fs-sm-47 brz-ls-lg-1 brz-ls-sm-3 brz-ls-xs-4 brz-css-odUs4\" data-uniq-id=\"vvyLJ\" data-generated-css=\"brz-css-kw93l\"><span class=\"brz-cp-color8\">(Vecinatatea Bucuresti) <\/span><\/h3>\n<\/div>\n<\/div>\n<\/div>\n<div id=\"\" class=\"brz-css-12m2ko7 brz-css-2cnl0u brz-css-1p9t3gd brz-wrapper\">\n<div class=\"brz-spacer brz-css-wtgnro brz-css-4dabtt\"><\/div>\n<\/div>\n<\/div>\n<\/div>\n<\/section>\n<section id=\"bd00fe5cada18136b6d4_h6F_uF1ry3nD\" class=\"brz-section brz-css-doj7mo brz-css-9i73ue\">\n<div class=\"brz-section__content brz-section--boxed brz-css-kulawx brz-css-63khu8\" data-brz-custom-id=\"aqmW_jk2pV6c\">\n<div class=\"brz-container brz-css-l5bbg6 brz-css-1e6ic8w\">\n<div class=\"brz-row__container brz-css-1s9m1i5 brz-css-1s4d5hv\" data-brz-custom-id=\"wHVSw0nCHQRd\">\n<div class=\"brz-row brz-css-149menb brz-css-3c1snf\">\n<div class=\"brz-columns brz-css-lc1rfz brz-css-1j8go63\" data-brz-custom-id=\"gwnPV7fPMBMQ\">\n<div class=\"brz-column__items brz-css-gkw9lb brz-css-1m4r5rj\">\n<div id=\"\" class=\"brz-css-12m2ko7 brz-css-1sv8dii brz-wrapper\">\n<div class=\"brz-image brz-css-skafar brz-css-1lght8m\" data-brz-custom-id=\"vJHsE0xSzFJo\"><img decoding=\"async\" class=\"brz-img\" src=\"https:\/\/nicoletaghiris.ro\/wp-content\/uploads\/2025\/06\/caldarusani.jpeg\" alt=\"\" title=\"caldarusani\" loading=\"lazy\"><\/div>\n<\/div>\n<div id=\"\" class=\"brz-css-12m2ko7 brz-css-1mbba0b brz-wrapper\">\n<div class=\"brz-image brz-css-1phcm8l brz-css-1qjt52a\" data-brz-custom-id=\"ocU00T_vZMmb\"><img decoding=\"async\" class=\"brz-img\" src=\"https:\/\/nicoletaghiris.ro\/wp-content\/uploads\/brizy\/imgs\/draganescu-527x322x0x18x527x254x1750779843.jpeg\" alt=\"\" title=\"draganescu\" loading=\"lazy\"><\/div>\n<\/div>\n<div id=\"\" class=\"brz-css-12m2ko7 brz-css-w9vsn3 brz-wrapper\">\n<div class=\"brz-image brz-css-ttai6m brz-css-1173afi\" data-brz-custom-id=\"dfcifGzhRA8W\"><img decoding=\"async\" class=\"brz-img\" src=\"https:\/\/nicoletaghiris.ro\/wp-content\/uploads\/brizy\/imgs\/manastirea-pasarea-527x317x0x0x527x292x1750779845.jpeg\" alt=\"\" title=\"manastirea-pasarea\" loading=\"lazy\"><\/div>\n<\/div>\n<\/div>\n<\/div>\n<div class=\"brz-columns brz-css-lc1rfz brz-css-159xfuc\" data-brz-custom-id=\"kKXiBbWSMVmp\">\n<div class=\"brz-column__items brz-css-gkw9lb brz-css-1glb2zs\">\n<div id=\"\" class=\"brz-css-12m2ko7 brz-css-hpdni brz-wrapper\">\n<div class=\"brz-rich-text brz-rich-text__custom brz-css-826l1s brz-css-61hvil\" data-brz-custom-id=\"nSZekgSIwpgP\">\n<div data-brz-translate-text=\"1\">\n<p class=\"brz-tp-lg-paragraph brz-css-chPBO\" data-uniq-id=\"o8J0c\" data-generated-css=\"brz-css-yszaT\"><strong class=\"brz-cp-color1\">Dragi suflete dragi,<\/strong><\/p>\n<p class=\"brz-tp-lg-paragraph brz-css-galLa\" data-uniq-id=\"rlroU\" data-generated-css=\"brz-css-e2vLl\"><\/p>\n<p class=\"brz-tp-lg-paragraph brz-css-fuyrv\" data-uniq-id=\"jbUN0\" data-generated-css=\"brz-css-dmBTb\"><span class=\"brz-cp-color1\">Pe 12 iulie, o zi cu puternic\u0103 semnifica\u021bie spiritual\u0103, c\u00e2nd este cinstit\u0103 icoana f\u0103c\u0103toare de minuni a Maicii Domnului \u2013 \u201eProdromi\u021ba\u201d \u0219i Sf\u00e2nta Veronica, femeia care a fost vindecat\u0103 de Iisus dup\u0103 12 ani de suferin\u021b\u0103 \u0219i care I-a \u0219ters cu credin\u021b\u0103 fa\u021ba pe drumul Crucii, v\u0103 invit\u0103m cu toat\u0103 inima \u00eentr-o c\u0103l\u0103torie printr-un triunghi energetic format din locuri alese cu sufletul \u2013 o zi dedicat\u0103 rug\u0103ciunii, lini\u0219tii \u0219i reconect\u0103rii interioare.<\/span><\/p>\n<\/div>\n<\/div>\n<\/div>\n<div id=\"\" class=\"brz-css-12m2ko7 brz-css-g0nwh9 brz-wrapper\">\n<div class=\"brz-rich-text brz-rich-text__custom brz-css-826l1s brz-css-ejblos\" data-brz-custom-id=\"hz5uO4N87pjx\">\n<div data-brz-translate-text=\"1\">\n<h5 data-generated-css=\"brz-css-zIX3w\" data-uniq-id=\"yAc4A\" class=\"brz-tp-lg-heading5 brz-css-tXcYt\"><span class=\"brz-cp-color1\">Itinerariu spiritual:<\/span><\/h5>\n<\/div>\n<\/div>\n<\/div>\n<div id=\"\" class=\"brz-css-12m2ko7 brz-css-1xjvhkv brz-wrapper\">\n<div class=\"brz-rich-text brz-rich-text__custom brz-css-826l1s brz-css-iq9gd6\" data-brz-custom-id=\"bppJadqPjFN5\">\n<div data-brz-translate-text=\"1\">\n<h6 data-uniq-id=\"wxK6k\" data-generated-css=\"brz-css-ivZV_\" class=\"brz-tp-lg-heading6 brz-css-s6BSr\"><strong class=\"brz-cp-color1\">C\u0103ld\u0103ru\u0219ani<\/strong><\/h6>\n<p data-uniq-id=\"vOke1\" data-generated-css=\"brz-css-fV7Bw\" class=\"brz-tp-lg-paragraph brz-css-qfLlF\"><span class=\"brz-cp-color1\">M\u0103n\u0103stire veche, cu o atmosfer\u0103 de ad\u00e2nc\u0103 pace, unde se p\u0103streaz\u0103 un fragment din Sf\u00e2nta Cruce. Locul ofer\u0103 o stare profund\u0103 de lini\u0219te \u0219i deschidere sufleteasc\u0103.<\/span><\/p>\n<\/div>\n<\/div>\n<\/div>\n<div id=\"\" class=\"brz-css-12m2ko7 brz-css-h3ufxp brz-wrapper\">\n<div class=\"brz-rich-text brz-rich-text__custom brz-css-826l1s brz-css-y9utlu\" data-brz-custom-id=\"lHsjRZ8NxFsk\">\n<div data-brz-translate-text=\"1\">\n<h6 class=\"brz-tp-lg-heading6 brz-css-gSaZi\" data-generated-css=\"brz-css-v6NYR\" data-uniq-id=\"n4Q2D\"><strong class=\"brz-cp-color1\">Dr\u0103g\u0103nescu <\/strong><\/h6>\n<p class=\"brz-tp-lg-paragraph brz-css-h5Nlk\" data-generated-css=\"brz-css-e87aQ\" data-uniq-id=\"csC60\"><span class=\"brz-cp-color1\">Biseric\u0103 pictat\u0103 de P\u0103rintele Arsenie Boca, plin\u0103 de simboluri, mesaje spirituale \u0219i o icoan\u0103 f\u0103c\u0103toare de minuni. Un loc cu vibra\u021bie unic\u0103, \u00eenc\u0103rcat de lucrarea duhovniceasc\u0103 a P\u0103rintelui.<\/span><\/p>\n<\/div>\n<\/div>\n<\/div>\n<div id=\"\" class=\"brz-css-12m2ko7 brz-css-1jujee brz-wrapper\">\n<div class=\"brz-rich-text brz-rich-text__custom brz-css-826l1s brz-css-11r1e52\" data-brz-custom-id=\"m7QG60WEpHQ8\">\n<div data-brz-translate-text=\"1\">\n<h6 class=\"brz-tp-lg-heading6 brz-css-c7uBW\" data-uniq-id=\"ztKzG\" data-generated-css=\"brz-css-kjxXQ\"><strong class=\"brz-cp-color1\">P\u0103s\u0103rea <\/strong><\/h6>\n<p class=\"brz-tp-lg-paragraph brz-css-hBhbQ\" data-uniq-id=\"s1uP2\" data-generated-css=\"brz-css-rnxKH\"><span class=\"brz-cp-color1\">M\u0103n\u0103stire aflat\u0103 la marginea lacului, \u00eenconjurat\u0103 de natur\u0103. \u00cen incint\u0103 se afl\u0103 dou\u0103 biserici: una \u00eenchinat\u0103 Adormirii Maicii Domnului (biserica mare, ctitorit\u0103 de Sf. Calinic de la Cernica) \u0219i una mai veche, cu hramul Sf\u00e2nta Treime.<\/span><\/p>\n<\/div>\n<\/div>\n<\/div>\n<div id=\"\" class=\"brz-css-12m2ko7 brz-css-1799s1l brz-wrapper\">\n<div class=\"brz-rich-text brz-rich-text__custom brz-css-826l1s brz-css-1btu675\" data-brz-custom-id=\"bHsF9NtH8VbS\">\n<div data-brz-translate-text=\"1\">\n<p class=\"brz-tp-lg-paragraph brz-css-x8qbX\" data-uniq-id=\"oRzfE\" data-generated-css=\"brz-css-i_kCI\"><span class=\"brz-cp-color1\">La intrare, pelerinii se opresc adesea l\u00e2ng\u0103 un stejar b\u0103tr\u00e2n, cunoscut ca \u201ccopacul dorin\u021belor\u201d, unde mul\u021bi \u00ee\u0219i spun \u00een g\u00e2nd rug\u0103ciunile \u0219i dorin\u021bele cu speran\u021b\u0103 \u0219i credin\u021b\u0103.<\/span><\/p>\n<p class=\"brz-tp-lg-paragraph brz-css-tKRxv\" data-uniq-id=\"rTUV6\" data-generated-css=\"brz-css-eK500\"><\/p>\n<p class=\"brz-tp-lg-paragraph brz-css-jOgUH\" data-uniq-id=\"cmvSC\" data-generated-css=\"brz-css-bLQfm\"><span class=\"brz-cp-color1\">Vom lua masa la <\/span><strong class=\"brz-cp-color1\">Casa Pustnicul<\/strong><span class=\"brz-cp-color1\">, terasa aflat\u0103 chiar pe malul lacului. (Masa nu este inclus\u0103 \u00een pre\u021b.)<\/span><\/p>\n<p class=\"brz-tp-lg-paragraph brz-css-m4N44\" data-uniq-id=\"cmvSC\" data-generated-css=\"brz-css-bLQfm\"><span class=\"brz-cp-color1\"> <\/span><\/p>\n<p class=\"brz-tp-lg-paragraph brz-css-mshL9\" data-uniq-id=\"aByyy\" data-generated-css=\"brz-css-jRU8C\"><span class=\"brz-cp-color1\">Dup\u0103 aceast\u0103 oprire, vom reveni la <\/span><strong class=\"brz-cp-color1\">C\u0103ld\u0103ru\u0219ani<\/strong><span class=\"brz-cp-color1\">, pentru a \u00eenchide simbolic \u0219i energetic Triunghiul, \u00eencheind aceast\u0103 zi cu recuno\u0219tin\u021b\u0103 \u0219i inimile deschise.<\/span><span class=\"brz-cp-color1\"> <\/span><\/p>\n<\/div>\n<\/div>\n<\/div>\n<\/div>\n<\/div>\n<\/div>\n<\/div>\n<div class=\"brz-row__container brz-css-1s9m1i5 brz-css-1v6y41d\" data-brz-custom-id=\"uCt_iVQTln2H\">\n<div class=\"brz-row brz-css-149menb brz-css-lm7u1q\">\n<div class=\"brz-columns brz-css-lc1rfz brz-css-1d1j3yu\" data-brz-custom-id=\"mlDLbtSFUigC\">\n<div class=\"brz-column__items brz-css-gkw9lb brz-css-19462g0\">\n<div id=\"\" class=\"brz-css-12m2ko7 brz-css-1kcehw0 brz-wrapper\">\n<div class=\"brz-rich-text brz-rich-text__custom brz-css-826l1s brz-css-5qlz5d\" data-brz-custom-id=\"l9fvuC7DRtuR\">\n<div data-brz-translate-text=\"1\">\n<p class=\"brz-tp-lg-paragraph brz-css-etKwr\" data-generated-css=\"brz-css-kthgB\" data-uniq-id=\"xUtxV\"><strong class=\"brz-cp-color1\">Nicoleta Ghiris<\/strong><span class=\"brz-cp-color1\">, astrolog cu har \u0219i ghidul nostru spiritual \u00een aceast\u0103 c\u0103l\u0103torie, ne va \u00eenso\u021bi de-a lungul zilei cu mesaje intuitive, reflec\u021bii energetice, interpret\u0103ri simbolice \u0219i ghidaj inspirat de st\u0103rile subtile ale grupului.<\/span><\/p>\n<p class=\"brz-tp-lg-paragraph brz-css-uu4lz\" data-generated-css=\"brz-css-xNppn\" data-uniq-id=\"ymHo5\"><\/p>\n<p class=\"brz-tp-lg-paragraph brz-css-epJtL\" data-generated-css=\"brz-css-erUjq\" data-uniq-id=\"d_qPB\"><span class=\"brz-cp-color1\">Cu o conexiune profund\u0103 la lumea nev\u0103zut\u0103, Nicoleta faciliteaz\u0103 deschiderea c\u0103tre vise premonitorii, tr\u0103iri sincronistice \u0219i semne interioare, ajut\u00e2ndu-ne s\u0103 sim\u021bim \u0219i s\u0103 \u00een\u021belegem ce ne transmite sufletul nostru prin acest drum sacru.<\/span><\/p>\n<\/div>\n<\/div>\n<\/div>\n<div id=\"\" class=\"brz-css-12m2ko7 brz-css-7ax2lz brz-wrapper\">\n<div class=\"brz-rich-text brz-rich-text__custom brz-css-826l1s brz-css-vsk6ty\" data-brz-custom-id=\"vPjGCKFn6heE\">\n<div data-brz-translate-text=\"1\">\n<p class=\"brz-tp-lg-paragraph brz-css-an3K1\" data-uniq-id=\"nIw6o\" data-generated-css=\"brz-css-k57Js\"><span class=\"brz-cp-color1\">Aceast\u0103 experien\u021b\u0103 este mai mult dec\u00e2t o excursie \u2013 este un pelerinaj al inimii, un salt \u00een lumin\u0103, sens \u0219i reg\u0103sire interioar\u0103.<\/span><\/p>\n<p class=\"brz-tp-lg-paragraph brz-css-xoyAz\" data-uniq-id=\"nIw6o\" data-generated-css=\"brz-css-k57Js\"><span class=\"brz-cp-color1\"> <\/span><\/p>\n<p class=\"brz-tp-lg-paragraph brz-css-zXnHu\" data-uniq-id=\"r4Crk\" data-generated-css=\"brz-css-kn6Zs\"><span class=\"brz-cp-color1\">V\u0103 a\u0219tept\u0103m cu drag \u0219i lumin\u0103, s\u0103 tr\u0103im \u00eempreun\u0103 aceast\u0103 zi binecuv\u00e2ntat\u0103!<\/span><\/p>\n<\/div>\n<\/div>\n<\/div>\n<div class=\"brz-row__container brz-css-1s9m1i5 brz-css-15a94i2\" data-brz-custom-id=\"hKZ6qgdFJh8i\">\n<div class=\"brz-row brz-row--inner brz-css-149menb brz-css-13npkea brz-css-1d8l42u\">\n<div class=\"brz-columns brz-css-lc1rfz brz-css-dq6s81\" data-brz-custom-id=\"s2nyOzjQYxdP\">\n<div class=\"brz-bg\">\n<div class=\"brz-bg-color\"><\/div>\n<\/div>\n<div class=\"brz-column__items brz-css-gkw9lb brz-css-w3wa0c\">\n<div id=\"\" class=\"brz-css-12m2ko7 brz-css-fw77wc brz-wrapper\">\n<div class=\"brz-icon-text brz-css-1ie80ka brz-css-u3xm3m\" data-brz-custom-id=\"iwlU2eps7ICA\">\n<div class=\"brz-icon__container\" data-brz-custom-id=\"myE3WJr9Zd9E\"><span class=\"brz-icon brz-span brz-css-hnx1mc brz-css-oudrw\"><\/span><\/div>\n<div class=\"brz-text-btn\">\n<div class=\"brz-rich-text brz-rich-text__custom brz-css-826l1s brz-css-rkq4t5\" data-brz-custom-id=\"c5HwN2gMOd1N\">\n<div data-brz-translate-text=\"1\">\n<p class=\"brz-tp-lg-paragraph brz-css-qipHL\" data-generated-css=\"brz-css-dXrj5\" data-uniq-id=\"xVjGF\"><span class=\"brz-cp-color8\">\u00ce\u021bi mul\u021bumesc pentru interes.<\/span><\/p>\n<p class=\"brz-tp-lg-paragraph brz-css-vrY6p\" data-generated-css=\"brz-css-ndc3w\" data-uniq-id=\"tp5mh\"><span class=\"brz-cp-color8\">Din p\u0103cate nu mai sunt locuri disponibile pentru acest eveniment.<\/span><\/p>\n<\/div>\n<\/div>\n<\/div>\n<\/div>\n<\/div>\n<\/div>\n<\/div>\n<\/div>\n<\/div>\n<\/div>\n<\/div>\n<\/div>\n<\/div>\n<\/div>\n<\/div>\n<\/section>\n<\/div>\n<p>    <!-- version:1752308063 --><\/p>","protected":false},"excerpt":{"rendered":"<p>S\u00e2mb\u0103t\u0103, 12 iulie 2025 Triunghiul Energetic Maica Domnului C\u0103l\u0103torie Spiritual\u0103 \u0219i Salt Interior C\u0103ld\u0103ru\u0219ani \u2013 Dr\u0103g\u0103nescu \u2013 P\u0103s\u0103rea (Vecinatatea Bucuresti) Dragi suflete dragi, Pe 12 iulie, o zi cu puternic\u0103 semnifica\u021bie spiritual\u0103, c\u00e2nd este cinstit\u0103 icoana f\u0103c\u0103toare de minuni a Maicii Domnului \u2013 \u201eProdromi\u021ba\u201d \u0219i Sf\u00e2nta Veronica, femeia care a fost vindecat\u0103 de Iisus dup\u0103 [&hellip;]<\/p>","protected":false},"author":1,"featured_media":0,"parent":18,"menu_order":0,"comment_status":"closed","ping_status":"closed","template":"brizy-blank-template.php","meta":{"_monsterinsights_skip_tracking":false,"_monsterinsights_sitenote_active":false,"_monsterinsights_sitenote_note":"","_monsterinsights_sitenote_category":0,"footnotes":""},"class_list":["post-13373","page","type-page","status-publish","hentry","wpbf-post"],"brizy_media":[{"id":13070,"url":"https:\/\/nicoletaghiris.ro\/wp-content\/uploads\/2025\/03\/Astrologie.jpg","name":"Astrologie.jpg","meta":{"brizy_attachment_uid":"wp-daae06567b9465dcdf3565b480e77787.jpg","brizy_post_uid":["147b22ebb847f2b0592c0193d0b8120b","fb5ada5b95d14730395d49fe58eb4832"]}},{"id":13333,"url":"https:\/\/nicoletaghiris.ro\/wp-content\/uploads\/2025\/06\/sub-protectia-triunghului-1.jpeg","name":"sub-protectia-triunghului-1.jpeg","meta":{"brizy_attachment_uid":"wp-a1b594bcec7f81a06f82d59fcbc64e31.jpeg","brizy_post_uid":["147b22ebb847f2b0592c0193d0b8120b","fb5ada5b95d14730395d49fe58eb4832"]}},{"id":13334,"url":"https:\/\/nicoletaghiris.ro\/wp-content\/uploads\/2025\/06\/sub-protectia-triunghului-2.jpeg","name":"sub-protectia-triunghului-2.jpeg","meta":{"brizy_attachment_uid":"wp-b1e8335ac00b31407f5f8949e4609fd6.jpeg","brizy_post_uid":["147b22ebb847f2b0592c0193d0b8120b"]}},{"id":13412,"url":"https:\/\/nicoletaghiris.ro\/wp-content\/uploads\/2025\/06\/caldarusani.jpeg","name":"caldarusani.jpeg","meta":{"brizy_attachment_uid":"wp-20a1a70f243bd053114792e51c946f59.jpeg","brizy_post_uid":["147b22ebb847f2b0592c0193d0b8120b"]}},{"id":13413,"url":"https:\/\/nicoletaghiris.ro\/wp-content\/uploads\/2025\/06\/draganescu.jpeg","name":"draganescu.jpeg","meta":{"brizy_attachment_uid":"wp-f8aecc6ee826b7ec9fe3d3f16f798be3.jpeg","brizy_post_uid":["147b22ebb847f2b0592c0193d0b8120b"]}},{"id":13414,"url":"https:\/\/nicoletaghiris.ro\/wp-content\/uploads\/2025\/06\/manastirea-pasarea.jpeg","name":"manastirea-pasarea.jpeg","meta":{"brizy_attachment_uid":"wp-96bd1fe799b00d78a0f92993881dd030.jpeg","brizy_post_uid":["147b22ebb847f2b0592c0193d0b8120b"]}}],"post_mailing_queue_ids":[],"_links":{"self":[{"href":"https:\/\/nicoletaghiris.ro\/en\/wp-json\/wp\/v2\/pages\/13373","targetHints":{"allow":["GET"]}}],"collection":[{"href":"https:\/\/nicoletaghiris.ro\/en\/wp-json\/wp\/v2\/pages"}],"about":[{"href":"https:\/\/nicoletaghiris.ro\/en\/wp-json\/wp\/v2\/types\/page"}],"author":[{"embeddable":true,"href":"https:\/\/nicoletaghiris.ro\/en\/wp-json\/wp\/v2\/users\/1"}],"replies":[{"embeddable":true,"href":"https:\/\/nicoletaghiris.ro\/en\/wp-json\/wp\/v2\/comments?post=13373"}],"version-history":[{"count":10,"href":"https:\/\/nicoletaghiris.ro\/en\/wp-json\/wp\/v2\/pages\/13373\/revisions"}],"predecessor-version":[{"id":13538,"href":"https:\/\/nicoletaghiris.ro\/en\/wp-json\/wp\/v2\/pages\/13373\/revisions\/13538"}],"up":[{"embeddable":true,"href":"https:\/\/nicoletaghiris.ro\/en\/wp-json\/wp\/v2\/pages\/18"}],"wp:attachment":[{"href":"https:\/\/nicoletaghiris.ro\/en\/wp-json\/wp\/v2\/media?parent=13373"}],"curies":[{"name":"wp","href":"https:\/\/api.w.org\/{rel}","templated":true}]}}