{"id":1671,"date":"2021-05-31T11:03:43","date_gmt":"2021-05-31T11:03:43","guid":{"rendered":"http:\/\/nicoletaghiris.ro\/?page_id=1671"},"modified":"2025-11-13T09:26:13","modified_gmt":"2025-11-13T09:26:13","slug":"articole","status":"publish","type":"page","link":"https:\/\/nicoletaghiris.ro\/en\/articole\/","title":{"rendered":"Articles"},"content":{"rendered":"<div class=\"brz-root__container brz-reset-all brz brz-root__container-page\">\n<section id=\"263ffe2f80c42be7fc5c_ildgqhezjqdxbwjoeraliawimafnanstvsjm\" class=\"brz-section brz-css-12cvx8p brz-css-1dj8p9v\">\n<div class=\"brz-section__content brz-section--boxed brz-css-115j3tg brz-css-9ja4fk\" data-brz-custom-id=\"alsghnoyrlhbktxotjnatvuulqjldbvvbhkg\">\n<div class=\"brz-bg\">\n<div class=\"brz-bg-image\"><\/div>\n<div class=\"brz-bg-color\"><\/div>\n<\/div>\n<div class=\"brz-container brz-css-ah5bll\">\n<div id=\"\" data-brz-iteration-count=\"1\" class=\"brz-css-j3s86e brz-css-j4l1wp brz-wrapper brz-animated brz-css-91otft brz-css-1acrvv0\" data-animationid=\"eenxqcroqajzbirmcqnpnihzdxrnetylykkw\">\n<div class=\"brz-rich-text brz-rich-text__custom brz-css-2jqo6w\" data-brz-custom-id=\"plfcvejxnufhchpeybxgzzsqnjauqgovotuw\">\n<div data-brz-translate-text=\"1\">\n<h1 class=\"brz-fw-xs-im-500 brz-fw-sm-im-500 brz-fw-lg-500 brz-ft-google brz-ff-cormorant_garamond brz-lh-sm-im-1_1 brz-lh-lg-1 brz-text-xs-center brz-text-lg-center brz-lh-xs-1_3 brz-fs-xs-34 brz-fs-lg-70 brz-fs-sm-im-47 brz-ls-lg-1 brz-ls-sm-im-3 brz-ls-xs-im-4 brz-css-zXcjd\"><span class=\"brz-cp-color8\">Articles<\/span><\/h1>\n<\/div>\n<\/div>\n<\/div>\n<\/div>\n<\/div>\n<\/section>\n<section id=\"d44ea1f82d8ad365c31b_ecgebaezsjnnpuhqimyseqblfttwzvmoplsr\" class=\"brz-section brz-css-12cvx8p\">\n<div class=\"brz-section__content brz-section--boxed brz-css-115j3tg brz-css-1gcf9ag\" data-brz-custom-id=\"ethsmfrdikylfffkzezrugiqkbdgjighqnki\">\n<div class=\"brz-bg\">\n<div class=\"brz-bg-color\"><\/div>\n<\/div>\n<div class=\"brz-container brz-css-ah5bll\">\n<div id=\"\" class=\"brz-css-j3s86e brz-wrapper\">\n<div class=\"brz-rich-text brz-rich-text__custom brz-css-2jqo6w\" data-brz-custom-id=\"gtitikqstizxxxpfyrjrvncwufspazsrcsir\">\n<div data-brz-translate-text=\"1\">\n<p class=\"brz-tp-lg-heading3 brz-css-rGhrK\" data-uniq-id=\"v4V9b\" data-generated-css=\"brz-css-soK1D\"><span class=\"brz-cp-color1\">Most recent articles<\/span><\/p>\n<\/div>\n<\/div>\n<\/div>\n<div id=\"\" class=\"brz-css-j3s86e brz-css-191j36g brz-wrapper\">\n<div class=\"brz-posts brz-css-1uhbp1k brz-css-m26v3d\" data-brz-custom-id=\"krdbooxxqpqsrfewftnrntmrjadfkbijleiy\">\n<div class=\"brz-posts__wrapper\">\n<div class=\"brz-posts__item\">\n<div class=\"brz-columns brz-css-1vmza8l brz-css-fqcjpu\" data-brz-custom-id=\"tbcoyseallofdmkeeqbtlomzyfjiimyxpjam\">\n<div class=\"brz-bg\"><\/div>\n<div class=\"brz-column__items brz-css-1lewh0s\">\n<div id=\"\" class=\"brz-css-j3s86e brz-wrapper\">\n<div class=\"brz-image brz-css-1x8vzbr brz-css-mk7cty\" data-brz-custom-id=\"hmewmmsvifvyipcedafetpuwsbvhuyiamaco\"><img decoding=\"async\" class=\"brz-img\" src=\"https:\/\/nicoletaghiris.ro\/wp-content\/uploads\/brizy\/imgs\/Screen-Shot-2023-01-11-at-10.02.03-511x263x80x0x350x263x1673424285.jpg\" alt=\"\" loading=\"lazy\"><\/div>\n<\/div>\n<div id=\"\" class=\"brz-css-j3s86e brz-wrapper\">\n<div class=\"brz-wp-title brz-css-si39ws brz-css-18dnt6b\" data-brz-custom-id=\"keviouulvhcxwsqfjdljwcgfbpisbilapuyg\"><span class=\"brz-wp-title-content\" style=\"min-height:20px\">Anul 2025- anul \u0218arpelui de lemn<\/span><\/div>\n<\/div>\n<div class=\"brz-wrapper-clone brz-css-18vgx1j\">\n<div class=\"brz-d-xs-flex brz-flex-xs-wrap brz-css-5u0o1x brz-css-1t5tw9x\" data-brz-custom-id=\"\">\n<div class=\"brz-wrapper-clone__item\" id=\"jhecnfdgpfwskrbqkgugwhvuqqeftphyypjq\"><a class=\"brz-a brz-btn brz-css-1qff24y brz-css-1qwesl5 brz-css-1dhfjcd brz-css-1x9ykqt brz-css-1jbzmj6\" href=\"https:\/\/nicoletaghiris.ro\/en\/2025\/01\/10\/anul-2025-anul-sarpelui-de-lemn\/\" target=\"_self\" rel=\"noopener\" data-brz-link-type=\"external\" data-brz-custom-id=\"jhecnfdgpfwskrbqkgugwhvuqqeftphyypjq\"><span data-brz-translate-text=\"1\" class=\"brz-span brz-text__editor\">Continue reading<\/span><\/a><\/div>\n<\/div>\n<\/div>\n<div id=\"\" class=\"brz-css-j3s86e brz-wrapper\">\n<div class=\"brz-line brz-line-default brz-css-1cg6694 brz-css-169g9fm\" data-brz-custom-id=\"qyztqubpvwoweguveixkfwhujmosohaddpds\">\n<hr class=\"brz-hr\"><\/div>\n<\/div>\n<\/div>\n<\/div>\n<\/div>\n<div class=\"brz-posts__item\">\n<div class=\"brz-columns brz-css-1vmza8l brz-css-fqcjpu\" data-brz-custom-id=\"tbcoyseallofdmkeeqbtlomzyfjiimyxpjam\">\n<div class=\"brz-bg\"><\/div>\n<div class=\"brz-column__items brz-css-1lewh0s\">\n<div id=\"\" class=\"brz-css-j3s86e brz-wrapper\">\n<div class=\"brz-image brz-css-1x8vzbr brz-css-mk7cty\" data-brz-custom-id=\"hmewmmsvifvyipcedafetpuwsbvhuyiamaco\"><img decoding=\"async\" class=\"brz-img\" src=\"https:\/\/nicoletaghiris.ro\/wp-content\/uploads\/brizy\/imgs\/de42324f817a4e33823e0745204ed694-567x263x108x0x350x263x1683186340.jpg\" alt=\"\" loading=\"lazy\"><\/div>\n<\/div>\n<div id=\"\" class=\"brz-css-j3s86e brz-wrapper\">\n<div class=\"brz-wp-title brz-css-si39ws brz-css-18dnt6b\" data-brz-custom-id=\"keviouulvhcxwsqfjdljwcgfbpisbilapuyg\"><span class=\"brz-wp-title-content\" style=\"min-height:20px\">\u00a0Ghid pentru a poten\u021ba sau a evita anumite energii \u00een anul 2025 la noi \u00een cas\u0103\/birou<\/span><\/div>\n<\/div>\n<div class=\"brz-wrapper-clone brz-css-18vgx1j\">\n<div class=\"brz-d-xs-flex brz-flex-xs-wrap brz-css-5u0o1x brz-css-1t5tw9x\" data-brz-custom-id=\"\">\n<div class=\"brz-wrapper-clone__item\" id=\"jhecnfdgpfwskrbqkgugwhvuqqeftphyypjq\"><a class=\"brz-a brz-btn brz-css-1qff24y brz-css-1qwesl5 brz-css-1dhfjcd brz-css-1x9ykqt brz-css-1jbzmj6\" href=\"https:\/\/nicoletaghiris.ro\/en\/2024\/12\/12\/ghid-pentru-a-potenta-sau-a-evita-anumite-energii-in-anul-2025-la-noi-in-casa-birou\/\" target=\"_self\" rel=\"noopener\" data-brz-link-type=\"external\" data-brz-custom-id=\"jhecnfdgpfwskrbqkgugwhvuqqeftphyypjq\"><span data-brz-translate-text=\"1\" class=\"brz-span brz-text__editor\">Continue reading<\/span><\/a><\/div>\n<\/div>\n<\/div>\n<div id=\"\" class=\"brz-css-j3s86e brz-wrapper\">\n<div class=\"brz-line brz-line-default brz-css-1cg6694 brz-css-169g9fm\" data-brz-custom-id=\"qyztqubpvwoweguveixkfwhujmosohaddpds\">\n<hr class=\"brz-hr\"><\/div>\n<\/div>\n<\/div>\n<\/div>\n<\/div>\n<div class=\"brz-posts__item\">\n<div class=\"brz-columns brz-css-1vmza8l brz-css-fqcjpu\" data-brz-custom-id=\"tbcoyseallofdmkeeqbtlomzyfjiimyxpjam\">\n<div class=\"brz-bg\"><\/div>\n<div class=\"brz-column__items brz-css-1lewh0s\">\n<div id=\"\" class=\"brz-css-j3s86e brz-wrapper\">\n<div class=\"brz-image brz-css-1x8vzbr brz-css-mk7cty\" data-brz-custom-id=\"hmewmmsvifvyipcedafetpuwsbvhuyiamaco\"><img decoding=\"async\" class=\"brz-img\" src=\"https:\/\/nicoletaghiris.ro\/wp-content\/uploads\/brizy\/imgs\/istockphoto-618635064-170667a-350x281x0x8x350x263x1734010361.jpg\" alt=\"\" loading=\"lazy\"><\/div>\n<\/div>\n<div id=\"\" class=\"brz-css-j3s86e brz-wrapper\">\n<div class=\"brz-wp-title brz-css-si39ws brz-css-18dnt6b\" data-brz-custom-id=\"keviouulvhcxwsqfjdljwcgfbpisbilapuyg\"><span class=\"brz-wp-title-content\" style=\"min-height:20px\">Anul 2025 si anul nostru personal<\/span><\/div>\n<\/div>\n<div class=\"brz-wrapper-clone brz-css-18vgx1j\">\n<div class=\"brz-d-xs-flex brz-flex-xs-wrap brz-css-5u0o1x brz-css-1t5tw9x\" data-brz-custom-id=\"\">\n<div class=\"brz-wrapper-clone__item\" id=\"jhecnfdgpfwskrbqkgugwhvuqqeftphyypjq\"><a class=\"brz-a brz-btn brz-css-1qff24y brz-css-1qwesl5 brz-css-1dhfjcd brz-css-1x9ykqt brz-css-1jbzmj6\" href=\"https:\/\/nicoletaghiris.ro\/en\/2024\/12\/12\/anul-2025-si-anul-nostru-personal\/\" target=\"_self\" rel=\"noopener\" data-brz-link-type=\"external\" data-brz-custom-id=\"jhecnfdgpfwskrbqkgugwhvuqqeftphyypjq\"><span data-brz-translate-text=\"1\" class=\"brz-span brz-text__editor\">Continue reading<\/span><\/a><\/div>\n<\/div>\n<\/div>\n<div id=\"\" class=\"brz-css-j3s86e brz-wrapper\">\n<div class=\"brz-line brz-line-default brz-css-1cg6694 brz-css-169g9fm\" data-brz-custom-id=\"qyztqubpvwoweguveixkfwhujmosohaddpds\">\n<hr class=\"brz-hr\"><\/div>\n<\/div>\n<\/div>\n<\/div>\n<\/div>\n<div class=\"brz-posts__item\">\n<div class=\"brz-columns brz-css-1vmza8l brz-css-fqcjpu\" data-brz-custom-id=\"tbcoyseallofdmkeeqbtlomzyfjiimyxpjam\">\n<div class=\"brz-bg\"><\/div>\n<div class=\"brz-column__items brz-css-1lewh0s\">\n<div id=\"\" class=\"brz-css-j3s86e brz-wrapper\">\n<div class=\"brz-image brz-css-1x8vzbr brz-css-mk7cty\" data-brz-custom-id=\"hmewmmsvifvyipcedafetpuwsbvhuyiamaco\"><img decoding=\"async\" class=\"brz-img\" src=\"https:\/\/nicoletaghiris.ro\/wp-content\/plugins\/brizy-pro\/public\/images\/no-image.png\" alt=\"\" loading=\"lazy\"><\/div>\n<\/div>\n<div id=\"\" class=\"brz-css-j3s86e brz-wrapper\">\n<div class=\"brz-wp-title brz-css-si39ws brz-css-18dnt6b\" data-brz-custom-id=\"keviouulvhcxwsqfjdljwcgfbpisbilapuyg\"><span class=\"brz-wp-title-content\" style=\"min-height:20px\">Golden Hour cu Jessie &#8211; Nicoleta Ghiris &#8211; Previziuni Luna Iunie &#8211; Lectia de Viata a Zodiilor Chinezesti<\/span><\/div>\n<\/div>\n<div class=\"brz-wrapper-clone brz-css-18vgx1j\">\n<div class=\"brz-d-xs-flex brz-flex-xs-wrap brz-css-5u0o1x brz-css-1t5tw9x\" data-brz-custom-id=\"\">\n<div class=\"brz-wrapper-clone__item\" id=\"jhecnfdgpfwskrbqkgugwhvuqqeftphyypjq\"><a class=\"brz-a brz-btn brz-css-1qff24y brz-css-1qwesl5 brz-css-1dhfjcd brz-css-1x9ykqt brz-css-1jbzmj6\" href=\"https:\/\/nicoletaghiris.ro\/en\/2024\/06\/07\/golden-hour-cu-jessie-nicoleta-ghiris-previziuni-luna-iunie-lectia-de-viata-a-zodiilor-chinezesti\/\" target=\"_self\" rel=\"noopener\" data-brz-link-type=\"external\" data-brz-custom-id=\"jhecnfdgpfwskrbqkgugwhvuqqeftphyypjq\"><span data-brz-translate-text=\"1\" class=\"brz-span brz-text__editor\">Continue reading<\/span><\/a><\/div>\n<\/div>\n<\/div>\n<div id=\"\" class=\"brz-css-j3s86e brz-wrapper\">\n<div class=\"brz-line brz-line-default brz-css-1cg6694 brz-css-169g9fm\" data-brz-custom-id=\"qyztqubpvwoweguveixkfwhujmosohaddpds\">\n<hr class=\"brz-hr\"><\/div>\n<\/div>\n<\/div>\n<\/div>\n<\/div>\n<div class=\"brz-posts__item\">\n<div class=\"brz-columns brz-css-1vmza8l brz-css-fqcjpu\" data-brz-custom-id=\"tbcoyseallofdmkeeqbtlomzyfjiimyxpjam\">\n<div class=\"brz-bg\"><\/div>\n<div class=\"brz-column__items brz-css-1lewh0s\">\n<div id=\"\" class=\"brz-css-j3s86e brz-wrapper\">\n<div class=\"brz-image brz-css-1x8vzbr brz-css-mk7cty\" data-brz-custom-id=\"hmewmmsvifvyipcedafetpuwsbvhuyiamaco\"><img decoding=\"async\" class=\"brz-img\" src=\"https:\/\/nicoletaghiris.ro\/wp-content\/uploads\/brizy\/imgs\/26eaf82444a8bb698f8f85b67017f4dc-394x263x22x0x350x263x1682000169.jpg\" alt=\"\" loading=\"lazy\"><\/div>\n<\/div>\n<div id=\"\" class=\"brz-css-j3s86e brz-wrapper\">\n<div class=\"brz-wp-title brz-css-si39ws brz-css-18dnt6b\" data-brz-custom-id=\"keviouulvhcxwsqfjdljwcgfbpisbilapuyg\"><span class=\"brz-wp-title-content\" style=\"min-height:20px\">Jupiter in Gemeni, o dat\u0103 la 12 ani &#8230;. impactul pentru fiecare nativ<\/span><\/div>\n<\/div>\n<div class=\"brz-wrapper-clone brz-css-18vgx1j\">\n<div class=\"brz-d-xs-flex brz-flex-xs-wrap brz-css-5u0o1x brz-css-1t5tw9x\" data-brz-custom-id=\"\">\n<div class=\"brz-wrapper-clone__item\" id=\"jhecnfdgpfwskrbqkgugwhvuqqeftphyypjq\"><a class=\"brz-a brz-btn brz-css-1qff24y brz-css-1qwesl5 brz-css-1dhfjcd brz-css-1x9ykqt brz-css-1jbzmj6\" href=\"https:\/\/nicoletaghiris.ro\/en\/2024\/05\/28\/jupiter-in-gemeni-o-data-la-12-ani-impactul-pentru-fiecare-nativ\/\" target=\"_self\" rel=\"noopener\" data-brz-link-type=\"external\" data-brz-custom-id=\"jhecnfdgpfwskrbqkgugwhvuqqeftphyypjq\"><span data-brz-translate-text=\"1\" class=\"brz-span brz-text__editor\">Continue reading<\/span><\/a><\/div>\n<\/div>\n<\/div>\n<div id=\"\" class=\"brz-css-j3s86e brz-wrapper\">\n<div class=\"brz-line brz-line-default brz-css-1cg6694 brz-css-169g9fm\" data-brz-custom-id=\"qyztqubpvwoweguveixkfwhujmosohaddpds\">\n<hr class=\"brz-hr\"><\/div>\n<\/div>\n<\/div>\n<\/div>\n<\/div>\n<div class=\"brz-posts__item\">\n<div class=\"brz-columns brz-css-1vmza8l brz-css-fqcjpu\" data-brz-custom-id=\"tbcoyseallofdmkeeqbtlomzyfjiimyxpjam\">\n<div class=\"brz-bg\"><\/div>\n<div class=\"brz-column__items brz-css-1lewh0s\">\n<div id=\"\" class=\"brz-css-j3s86e brz-wrapper\">\n<div class=\"brz-image brz-css-1x8vzbr brz-css-mk7cty\" data-brz-custom-id=\"hmewmmsvifvyipcedafetpuwsbvhuyiamaco\"><img decoding=\"async\" class=\"brz-img\" src=\"https:\/\/nicoletaghiris.ro\/wp-content\/uploads\/brizy\/imgs\/astrograma-copii-394x263x22x0x350x263x1622547037.jpeg\" alt=\"\" loading=\"lazy\"><\/div>\n<\/div>\n<div id=\"\" class=\"brz-css-j3s86e brz-wrapper\">\n<div class=\"brz-wp-title brz-css-si39ws brz-css-18dnt6b\" data-brz-custom-id=\"keviouulvhcxwsqfjdljwcgfbpisbilapuyg\"><span class=\"brz-wp-title-content\" style=\"min-height:20px\">ECLIPSA DE SOARE  8 APRILIE 2024<\/span><\/div>\n<\/div>\n<div class=\"brz-wrapper-clone brz-css-18vgx1j\">\n<div class=\"brz-d-xs-flex brz-flex-xs-wrap brz-css-5u0o1x brz-css-1t5tw9x\" data-brz-custom-id=\"\">\n<div class=\"brz-wrapper-clone__item\" id=\"jhecnfdgpfwskrbqkgugwhvuqqeftphyypjq\"><a class=\"brz-a brz-btn brz-css-1qff24y brz-css-1qwesl5 brz-css-1dhfjcd brz-css-1x9ykqt brz-css-1jbzmj6\" href=\"https:\/\/nicoletaghiris.ro\/en\/2024\/04\/08\/eclipsa-de-soare-8-aprilie-2024\/\" target=\"_self\" rel=\"noopener\" data-brz-link-type=\"external\" data-brz-custom-id=\"jhecnfdgpfwskrbqkgugwhvuqqeftphyypjq\"><span data-brz-translate-text=\"1\" class=\"brz-span brz-text__editor\">Continue reading<\/span><\/a><\/div>\n<\/div>\n<\/div>\n<div id=\"\" class=\"brz-css-j3s86e brz-wrapper\">\n<div class=\"brz-line brz-line-default brz-css-1cg6694 brz-css-169g9fm\" data-brz-custom-id=\"qyztqubpvwoweguveixkfwhujmosohaddpds\">\n<hr class=\"brz-hr\"><\/div>\n<\/div>\n<\/div>\n<\/div>\n<\/div>\n<div class=\"brz-posts__item\">\n<div class=\"brz-columns brz-css-1vmza8l brz-css-fqcjpu\" data-brz-custom-id=\"tbcoyseallofdmkeeqbtlomzyfjiimyxpjam\">\n<div class=\"brz-bg\"><\/div>\n<div class=\"brz-column__items brz-css-1lewh0s\">\n<div id=\"\" class=\"brz-css-j3s86e brz-wrapper\">\n<div class=\"brz-image brz-css-1x8vzbr brz-css-mk7cty\" data-brz-custom-id=\"hmewmmsvifvyipcedafetpuwsbvhuyiamaco\"><img decoding=\"async\" class=\"brz-img\" src=\"https:\/\/nicoletaghiris.ro\/wp-content\/plugins\/brizy-pro\/public\/images\/no-image.png\" alt=\"\" loading=\"lazy\"><\/div>\n<\/div>\n<div id=\"\" class=\"brz-css-j3s86e brz-wrapper\">\n<div class=\"brz-wp-title brz-css-si39ws brz-css-18dnt6b\" data-brz-custom-id=\"keviouulvhcxwsqfjdljwcgfbpisbilapuyg\"><span class=\"brz-wp-title-content\" style=\"min-height:20px\">Golden Hour cu Jessie &#8211; Nicoleta Ghiris &#8211; Previziuni Luna Noua Chinezeasca &#8211; Portale Energetice<\/span><\/div>\n<\/div>\n<div class=\"brz-wrapper-clone brz-css-18vgx1j\">\n<div class=\"brz-d-xs-flex brz-flex-xs-wrap brz-css-5u0o1x brz-css-1t5tw9x\" data-brz-custom-id=\"\">\n<div class=\"brz-wrapper-clone__item\" id=\"jhecnfdgpfwskrbqkgugwhvuqqeftphyypjq\"><a class=\"brz-a brz-btn brz-css-1qff24y brz-css-1qwesl5 brz-css-1dhfjcd brz-css-1x9ykqt brz-css-1jbzmj6\" href=\"https:\/\/nicoletaghiris.ro\/en\/2024\/03\/20\/golden-hour-cu-jessie-nicoleta-ghiris-previziuni-luna-noua-chinezeasca-portale-energetice\/\" target=\"_self\" rel=\"noopener\" data-brz-link-type=\"external\" data-brz-custom-id=\"jhecnfdgpfwskrbqkgugwhvuqqeftphyypjq\"><span data-brz-translate-text=\"1\" class=\"brz-span brz-text__editor\">Continue reading<\/span><\/a><\/div>\n<\/div>\n<\/div>\n<div id=\"\" class=\"brz-css-j3s86e brz-wrapper\">\n<div class=\"brz-line brz-line-default brz-css-1cg6694 brz-css-169g9fm\" data-brz-custom-id=\"qyztqubpvwoweguveixkfwhujmosohaddpds\">\n<hr class=\"brz-hr\"><\/div>\n<\/div>\n<\/div>\n<\/div>\n<\/div>\n<div class=\"brz-posts__item\">\n<div class=\"brz-columns brz-css-1vmza8l brz-css-fqcjpu\" data-brz-custom-id=\"tbcoyseallofdmkeeqbtlomzyfjiimyxpjam\">\n<div class=\"brz-bg\"><\/div>\n<div class=\"brz-column__items brz-css-1lewh0s\">\n<div id=\"\" class=\"brz-css-j3s86e brz-wrapper\">\n<div class=\"brz-image brz-css-1x8vzbr brz-css-mk7cty\" data-brz-custom-id=\"hmewmmsvifvyipcedafetpuwsbvhuyiamaco\"><img decoding=\"async\" class=\"brz-img\" src=\"https:\/\/nicoletaghiris.ro\/wp-content\/plugins\/brizy-pro\/public\/images\/no-image.png\" alt=\"\" loading=\"lazy\"><\/div>\n<\/div>\n<div id=\"\" class=\"brz-css-j3s86e brz-wrapper\">\n<div class=\"brz-wp-title brz-css-si39ws brz-css-18dnt6b\" data-brz-custom-id=\"keviouulvhcxwsqfjdljwcgfbpisbilapuyg\"><span class=\"brz-wp-title-content\" style=\"min-height:20px\">Golden Hour cu Jessie Nicoleta Ghiris, previziuni luna martie 2024 + zodiile si iubirea<\/span><\/div>\n<\/div>\n<div class=\"brz-wrapper-clone brz-css-18vgx1j\">\n<div class=\"brz-d-xs-flex brz-flex-xs-wrap brz-css-5u0o1x brz-css-1t5tw9x\" data-brz-custom-id=\"\">\n<div class=\"brz-wrapper-clone__item\" id=\"jhecnfdgpfwskrbqkgugwhvuqqeftphyypjq\"><a class=\"brz-a brz-btn brz-css-1qff24y brz-css-1qwesl5 brz-css-1dhfjcd brz-css-1x9ykqt brz-css-1jbzmj6\" href=\"https:\/\/nicoletaghiris.ro\/en\/2024\/02\/29\/golden-hour-cu-jessie-nicoleta-ghiris-previziuni-luna-martie-2024-zodiile-si-iubirea\/\" target=\"_self\" rel=\"noopener\" data-brz-link-type=\"external\" data-brz-custom-id=\"jhecnfdgpfwskrbqkgugwhvuqqeftphyypjq\"><span data-brz-translate-text=\"1\" class=\"brz-span brz-text__editor\">Continue reading<\/span><\/a><\/div>\n<\/div>\n<\/div>\n<div id=\"\" class=\"brz-css-j3s86e brz-wrapper\">\n<div class=\"brz-line brz-line-default brz-css-1cg6694 brz-css-169g9fm\" data-brz-custom-id=\"qyztqubpvwoweguveixkfwhujmosohaddpds\">\n<hr class=\"brz-hr\"><\/div>\n<\/div>\n<\/div>\n<\/div>\n<\/div>\n<div class=\"brz-posts__item\">\n<div class=\"brz-columns brz-css-1vmza8l brz-css-fqcjpu\" data-brz-custom-id=\"tbcoyseallofdmkeeqbtlomzyfjiimyxpjam\">\n<div class=\"brz-bg\"><\/div>\n<div class=\"brz-column__items brz-css-1lewh0s\">\n<div id=\"\" class=\"brz-css-j3s86e brz-wrapper\">\n<div class=\"brz-image brz-css-1x8vzbr brz-css-mk7cty\" data-brz-custom-id=\"hmewmmsvifvyipcedafetpuwsbvhuyiamaco\"><img decoding=\"async\" class=\"brz-img\" src=\"https:\/\/nicoletaghiris.ro\/wp-content\/uploads\/brizy\/imgs\/numerology-numbers-concept-numerology-calculate-l-2023-11-27-05-35-51-utc-394x263x22x0x350x263x1706619407.jpeg\" alt=\"\" loading=\"lazy\"><\/div>\n<\/div>\n<div id=\"\" class=\"brz-css-j3s86e brz-wrapper\">\n<div class=\"brz-wp-title brz-css-si39ws brz-css-18dnt6b\" data-brz-custom-id=\"keviouulvhcxwsqfjdljwcgfbpisbilapuyg\"><span class=\"brz-wp-title-content\" style=\"min-height:20px\">Deciphering Numerology of Letters Table<\/span><\/div>\n<\/div>\n<div class=\"brz-wrapper-clone brz-css-18vgx1j\">\n<div class=\"brz-d-xs-flex brz-flex-xs-wrap brz-css-5u0o1x brz-css-1t5tw9x\" data-brz-custom-id=\"\">\n<div class=\"brz-wrapper-clone__item\" id=\"jhecnfdgpfwskrbqkgugwhvuqqeftphyypjq\"><a class=\"brz-a brz-btn brz-css-1qff24y brz-css-1qwesl5 brz-css-1dhfjcd brz-css-1x9ykqt brz-css-1jbzmj6\" href=\"https:\/\/nicoletaghiris.ro\/en\/2024\/01\/30\/tabel-descifrare-numerologia-literelor\/\" target=\"_self\" rel=\"noopener\" data-brz-link-type=\"external\" data-brz-custom-id=\"jhecnfdgpfwskrbqkgugwhvuqqeftphyypjq\"><span data-brz-translate-text=\"1\" class=\"brz-span brz-text__editor\">Continue reading<\/span><\/a><\/div>\n<\/div>\n<\/div>\n<div id=\"\" class=\"brz-css-j3s86e brz-wrapper\">\n<div class=\"brz-line brz-line-default brz-css-1cg6694 brz-css-169g9fm\" data-brz-custom-id=\"qyztqubpvwoweguveixkfwhujmosohaddpds\">\n<hr class=\"brz-hr\"><\/div>\n<\/div>\n<\/div>\n<\/div>\n<\/div>\n<\/div>\n<div class=\"brz-posts__pagination\">\n<ul class='page-numbers'>\n<li><span aria-label=\"Pagin\u0103 1\" aria-current=\"page\" class=\"page-numbers current\">1<\/span><\/li>\n<li><a aria-label=\"Pagin\u0103 2\" class=\"page-numbers\" href=\"https:\/\/nicoletaghiris.ro\/wp-admin\/admin-ajax.php\/bpage\/2\/?action=brizy_update_item&#038;version=307-wp&#038;hash=f65106189e\">2<\/a><\/li>\n<li><a aria-label=\"Pagin\u0103 3\" class=\"page-numbers\" href=\"https:\/\/nicoletaghiris.ro\/wp-admin\/admin-ajax.php\/bpage\/3\/?action=brizy_update_item&#038;version=307-wp&#038;hash=f65106189e\">3<\/a><\/li>\n<li><span class=\"page-numbers dots\">&hellip;<\/span><\/li>\n<li><a aria-label=\"Pagin\u0103 11\" class=\"page-numbers\" href=\"https:\/\/nicoletaghiris.ro\/wp-admin\/admin-ajax.php\/bpage\/11\/?action=brizy_update_item&#038;version=307-wp&#038;hash=f65106189e\">11<\/a><\/li>\n<\/ul>\n<\/div>\n<\/div>\n<\/div>\n<\/div>\n<\/div>\n<\/section>\n<\/div>\n<p>    <!-- version:1741636577 --><\/p>","protected":false},"excerpt":{"rendered":"<p>Articole Cele mai recente articole Anul 2025- anul \u0218arpelui de lemn CITESTE MAI DEPARTE \u00a0Ghid pentru a poten\u021ba sau a evita anumite energii \u00een anul 2025 la noi \u00een cas\u0103\/birou CITESTE MAI DEPARTE Anul 2025 si anul nostru personal CITESTE MAI DEPARTE Golden Hour cu Jessie &#8211; Nicoleta Ghiris &#8211; Previziuni Luna Iunie &#8211; Lectia [&hellip;]<\/p>","protected":false},"author":1,"featured_media":0,"parent":0,"menu_order":0,"comment_status":"closed","ping_status":"closed","template":"brizy-blank-template.php","meta":{"_monsterinsights_skip_tracking":false,"_monsterinsights_sitenote_active":false,"_monsterinsights_sitenote_note":"","_monsterinsights_sitenote_category":0,"footnotes":""},"class_list":["post-1671","page","type-page","status-publish","hentry","wpbf-post"],"brizy_media":[{"id":166,"url":"https:\/\/nicoletaghiris.ro\/wp-content\/uploads\/2021\/03\/starry-sky-1-scaled.jpeg","name":"starry-sky-1.jpeg","meta":{"brizy_attachment_uid":"wp-fab3a14706fd424133fe5a90c3c6c3aa.jpeg","brizy_post_uid":["054eb9a87a224df228246e673a6e6c9f","d51083c892d646756e2b009f01a9d95a"]}},{"id":412,"url":"https:\/\/nicoletaghiris.ro\/wp-content\/uploads\/2021\/03\/astrologie-1.jpeg","name":"astrologie-1.jpeg","meta":{"brizy_attachment_uid":"wp-ea8fd00946a1a64a4c71e8bc848e447c.jpeg","brizy_post_uid":["75220f2fa0ea81877fa33ded03100e82","d51083c892d646756e2b009f01a9d95a","fb5ada5b95d14730395d49fe58eb4832","60cd44db679f883e0fb29a162a28315c","484ddd5b20f4d03206fa5123547bef5c","a096dbb501b9aca63f144bf41f6b8c1d"]}},{"id":854,"url":"https:\/\/nicoletaghiris.ro\/wp-content\/uploads\/2021\/05\/MG_2575.jpeg","name":"MG_2575.jpeg","meta":{"brizy_attachment_uid":"wp-926dc025d6c28c5a97bfa222df866eb5.jpeg","brizy_post_uid":["301287f03e4f26c7640c66b1330393c8","9bbbd8754db58cceab0e34d04a16b88a","d51083c892d646756e2b009f01a9d95a","75220f2fa0ea81877fa33ded03100e82"]}}],"post_mailing_queue_ids":[],"_links":{"self":[{"href":"https:\/\/nicoletaghiris.ro\/en\/wp-json\/wp\/v2\/pages\/1671","targetHints":{"allow":["GET"]}}],"collection":[{"href":"https:\/\/nicoletaghiris.ro\/en\/wp-json\/wp\/v2\/pages"}],"about":[{"href":"https:\/\/nicoletaghiris.ro\/en\/wp-json\/wp\/v2\/types\/page"}],"author":[{"embeddable":true,"href":"https:\/\/nicoletaghiris.ro\/en\/wp-json\/wp\/v2\/users\/1"}],"replies":[{"embeddable":true,"href":"https:\/\/nicoletaghiris.ro\/en\/wp-json\/wp\/v2\/comments?post=1671"}],"version-history":[{"count":15,"href":"https:\/\/nicoletaghiris.ro\/en\/wp-json\/wp\/v2\/pages\/1671\/revisions"}],"predecessor-version":[{"id":12995,"href":"https:\/\/nicoletaghiris.ro\/en\/wp-json\/wp\/v2\/pages\/1671\/revisions\/12995"}],"wp:attachment":[{"href":"https:\/\/nicoletaghiris.ro\/en\/wp-json\/wp\/v2\/media?parent=1671"}],"curies":[{"name":"wp","href":"https:\/\/api.w.org\/{rel}","templated":true}]}}