{"id":629,"date":"2021-03-30T09:07:26","date_gmt":"2021-03-30T09:07:26","guid":{"rendered":"http:\/\/nicoletaghiris.ro\/?page_id=629"},"modified":"2025-11-13T13:36:39","modified_gmt":"2025-11-13T13:36:39","slug":"testimoniale","status":"publish","type":"page","link":"https:\/\/nicoletaghiris.ro\/en\/testimoniale\/","title":{"rendered":"Testimonials"},"content":{"rendered":"<div class=\"brz-root__container brz-reset-all brz brz-root__container-page\">\n<section id=\"abf58d3df16a00ffe022_uiequwqoixxyehgnzanajyqsuyspoovatyud\" class=\"brz-section brz-css-1gxsfv8 brz-css-19vuvp4\">\n<div class=\"brz-section__content brz-section--boxed brz-css-13p5gby brz-css-edj6m5\" data-brz-custom-id=\"veiwtoiisixwerzhoswatbaurcmzthwmycgy\">\n<div class=\"brz-bg\">\n<div class=\"brz-bg-image\"><\/div>\n<div class=\"brz-bg-color\"><\/div>\n<\/div>\n<div class=\"brz-container brz-css-xeaa61\">\n<div id=\"\" data-brz-iteration-count=\"1\" class=\"brz-css-1hpgyxk brz-css-x3jugz brz-wrapper brz-animated brz-css-z2tag8 brz-css-1picz3y\" data-animationid=\"nflcrvyntctodqsevkzayeuvxxpfwffkjofz\">\n<div class=\"brz-rich-text brz-rich-text__custom brz-css-1x3q59h\" data-brz-custom-id=\"crrgcsownijjfietrxlujyqhlyswpurafwxq\">\n<div data-brz-translate-text=\"1\">\n<h1 class=\"brz-fw-xs-im-500 brz-fw-sm-im-500 brz-fw-lg-500 brz-ft-google brz-ff-cormorant_garamond brz-lh-sm-im-1_1 brz-lh-lg-1 brz-text-xs-center brz-lh-xs-1_3 brz-fs-xs-34 brz-fs-lg-70 brz-fs-sm-im-47 brz-ls-lg-1 brz-ls-sm-im-3 brz-ls-xs-im-4 brz-text-lg-left brz-css-rxCdP\"><span class=\"brz-cp-color8\">Testimonials<\/span><\/h1>\n<\/div>\n<\/div>\n<\/div>\n<\/div>\n<\/div>\n<\/section>\n<section id=\"b096693d1c446dca785c_hktppigcgiqfjidyvpktdovszsgymchfiztx\" class=\"brz-section brz-css-1gxsfv8\">\n<div class=\"brz-section__content brz-section--boxed brz-css-13p5gby brz-css-n29b3y\" data-brz-custom-id=\"jwgebnubzuyjvwlsucosbzgvkxlipxqskswh\">\n<div class=\"brz-container brz-css-xeaa61 brz-css-14nz4tc\">\n<div class=\"brz-wrapper-clone brz-css-r1u9ce\">\n<div class=\"brz-d-xs-flex brz-flex-xs-wrap brz-css-19upa4u\" data-brz-custom-id=\"\">\n<div class=\"brz-wrapper-clone__item\" id=\"ylzfiroslhkjnmqgalwvxwmttzjfvhofeufe\">\n<div class=\"brz-icon__container\" data-brz-custom-id=\"ylzfiroslhkjnmqgalwvxwmttzjfvhofeufe\"><span class=\"brz-icon brz-span brz-css-1pwhski brz-css-1kxtw4x\"><\/span><\/div>\n<\/div>\n<\/div>\n<\/div>\n<div class=\"brz-row__container brz-css-u4vkoe\" data-brz-custom-id=\"vpdytpceefwyuobyicfiorerijebprxupsrh\">\n<div class=\"brz-bg\"><\/div>\n<div class=\"brz-row brz-css-rtavc5 brz-css-1ejbs29\">\n<div class=\"brz-columns brz-css-6d6nva brz-css-15fl85k\" data-brz-custom-id=\"hmrruhfkoqtpknuukavsdaftxqnyrpmabifm\">\n<div class=\"brz-bg\"><\/div>\n<div class=\"brz-column__items brz-css-av7zko\">\n<div id=\"\" class=\"brz-css-1hpgyxk brz-wrapper\">\n<div class=\"brz-rich-text brz-rich-text__custom brz-css-1x3q59h\" data-brz-custom-id=\"jjrhhpxjgxygwwozqugqvxkbhwcilylxufbx\">\n<div data-brz-translate-text=\"1\">\n<p class=\"brz-tp-lg-paragraph brz-text-lg-center brz-css-hRDCK\" data-generated-css=\"brz-css-rbcge\" data-uniq-id=\"ptqci\"><span class=\"brz-cp-color2\">&#8222;Informatia \u00eenseamn\u0103 putere. Puterea \u00eenseamn\u0103 control. \u00cen\u021belegerea trecutului si \u00eentrevederea poten\u021bialul \u00eenn\u0103scut sunt uneltele pe care mi le-ai d\u0103ruit draga mea Nicoleta pentru a-mi folosi liberul arbitru \u00een preluarea controlului asupra propriei vie\u021bi. Mul\u021bumesc!&#8221;<\/span><\/p>\n<\/div>\n<\/div>\n<\/div>\n<div id=\"\" class=\"brz-css-1hpgyxk brz-css-mkih2v brz-wrapper\">\n<div class=\"brz-rich-text brz-rich-text__custom brz-css-1x3q59h\" data-brz-custom-id=\"vyooewrsdevarknobtypaavqorqmrqlckpdj\">\n<div data-brz-translate-text=\"1\">\n<p class=\"brz-tp-lg-heading6 brz-text-lg-center brz-css-jh9lA\" data-uniq-id=\"v74wq\" data-generated-css=\"brz-css-dGaeK\"><span class=\"brz-cp-color2\">Carmen Cimbala <\/span><\/p>\n<\/div>\n<\/div>\n<\/div>\n<div id=\"\" class=\"brz-css-1hpgyxk brz-wrapper\">\n<div class=\"brz-line brz-line-default brz-css-1l4k68z\" data-brz-custom-id=\"hkpfakekczepsiiagdyrnpnccctltzwmvapz\">\n<hr class=\"brz-hr\"><\/div>\n<\/div>\n<\/div>\n<\/div>\n<\/div>\n<\/div>\n<div class=\"brz-row__container brz-css-u4vkoe\" data-brz-custom-id=\"wtykoztxexykwyjfrkfgaokhjjctklezowum\">\n<div class=\"brz-bg\"><\/div>\n<div class=\"brz-row brz-css-rtavc5 brz-css-18jvfv3\">\n<div class=\"brz-columns brz-css-6d6nva brz-css-12s80zk\" data-brz-custom-id=\"fxxvliglaivfsiggwvofecnkvjhcgfiyihgk\">\n<div class=\"brz-bg\"><\/div>\n<div class=\"brz-column__items brz-css-av7zko\">\n<div id=\"\" class=\"brz-css-1hpgyxk brz-wrapper\">\n<div class=\"brz-rich-text brz-rich-text__custom brz-css-1x3q59h\" data-brz-custom-id=\"lmchcbzhxtqyqdmdcatuqbqmlqcgtizkuhvg\">\n<div data-brz-translate-text=\"1\">\n<p class=\"brz-tp-paragraph brz-text-lg-center brz-css-cgIDs\"><span class=\"brz-cp-color2\">&#8222;Recomand cu multa incredere o diagnosticare personalizata in idea de a identifica cel mai potivit remediu, doar suntem toate unice, nascute sub un alt nume si intr-un moment unic noua. Nicoleta Ghiris este un adevarat profesionist, apelati cu incredere pentru ghidaj.&#8221;<\/span><\/p>\n<\/div>\n<\/div>\n<\/div>\n<div id=\"\" class=\"brz-css-1hpgyxk brz-css-1fxvc23 brz-wrapper\">\n<div class=\"brz-rich-text brz-rich-text__custom brz-css-1x3q59h\" data-brz-custom-id=\"vrdsdsudnspdawhrfrtanslwqgowdwpjthjl\">\n<div data-brz-translate-text=\"1\">\n<p class=\"brz-text-lg-center brz-tp-heading6 brz-css-u9PeK\"><strong class=\"brz-cp-color2\">Victoria C<\/strong><\/p>\n<\/div>\n<\/div>\n<\/div>\n<div id=\"\" class=\"brz-css-1hpgyxk brz-wrapper\">\n<div class=\"brz-line brz-line-default brz-css-1l4k68z\" data-brz-custom-id=\"tptwugxvxsqokchnyhskcuvzjbqvojtljvmi\">\n<hr class=\"brz-hr\"><\/div>\n<\/div>\n<\/div>\n<\/div>\n<\/div>\n<\/div>\n<div class=\"brz-row__container brz-css-u4vkoe\" data-brz-custom-id=\"zdreumlptnhomsmhkcfkxhlmmsrhyfixfbsi\">\n<div class=\"brz-bg\"><\/div>\n<div class=\"brz-row brz-css-rtavc5 brz-css-y8ml4j\">\n<div class=\"brz-columns brz-css-6d6nva brz-css-rndxge\" data-brz-custom-id=\"exjnqevfsxaxutysagguixuwjfpkicwufdci\">\n<div class=\"brz-bg\"><\/div>\n<div class=\"brz-column__items brz-css-av7zko\">\n<div id=\"\" class=\"brz-css-1hpgyxk brz-wrapper\">\n<div class=\"brz-rich-text brz-rich-text__custom brz-css-1x3q59h\" data-brz-custom-id=\"fwlkfzxetctupwfxdwocexpommwqerhasofc\">\n<div data-brz-translate-text=\"1\">\n<p class=\"brz-tp-paragraph brz-text-lg-center brz-css-wUqlo\"><span class=\"brz-cp-color2\">&#8222;Dragelor,vreau sa va recomand consultanta astrologica pe care o face Nico, este o femeie minunata si un astrolog foarte pasionat. De la ea am aflat si ii multumesc, de remediile pe care ti le vede in hata si nu numai. Am achizitionat foarte multe remedii si va spun ca sunt cu adevarat minunate si chiar functioneaza, va pot echilibra viata . Daca vreti sa aflati totul despre viata voastra, ea e solutia!&#8221;<\/span><\/p>\n<\/div>\n<\/div>\n<\/div>\n<div id=\"\" class=\"brz-css-1hpgyxk brz-css-x608qq brz-wrapper\">\n<div class=\"brz-rich-text brz-rich-text__custom brz-css-1x3q59h\" data-brz-custom-id=\"vvbvmhyfksttcjncwkztdhdjpqqloptuawxs\">\n<div data-brz-translate-text=\"1\">\n<p class=\"brz-text-lg-center brz-tp-heading6 brz-css-iNNfb\"><strong class=\"brz-cp-color2\">Cristina T<\/strong><\/p>\n<\/div>\n<\/div>\n<\/div>\n<div id=\"\" class=\"brz-css-1hpgyxk brz-wrapper\">\n<div class=\"brz-line brz-line-default brz-css-1l4k68z\" data-brz-custom-id=\"dvygfwxtodrorexwlqzrvjboxtcwxtawzzyg\">\n<hr class=\"brz-hr\"><\/div>\n<\/div>\n<\/div>\n<\/div>\n<\/div>\n<\/div>\n<div class=\"brz-row__container brz-css-u4vkoe\" data-brz-custom-id=\"csveholkipofiplzfnrffbjwmqtkxwoqmkgd\">\n<div class=\"brz-bg\"><\/div>\n<div class=\"brz-row brz-css-rtavc5 brz-css-1vspsln\">\n<div class=\"brz-columns brz-css-6d6nva brz-css-83jc56\" data-brz-custom-id=\"gpbpvxceeczvnjjwaaohrfnowwyinuyylsys\">\n<div class=\"brz-bg\"><\/div>\n<div class=\"brz-column__items brz-css-av7zko\">\n<div id=\"\" class=\"brz-css-1hpgyxk brz-wrapper\">\n<div class=\"brz-rich-text brz-rich-text__custom brz-css-1x3q59h\" data-brz-custom-id=\"obowsoiuboincstsumjpevlzluupivcqqwal\">\n<div data-brz-translate-text=\"1\">\n<p class=\"brz-tp-paragraph brz-text-lg-center brz-css-h3yiw\"><span class=\"brz-cp-color2\">&#8222;Predictiile si sfaturile tale m-au ajutat enorm in ultimii ani dar mai ales in ultimele luni.Sunt foarte norocoasa ca te-am cunoscut!&#8221;<\/span><\/p>\n<\/div>\n<\/div>\n<\/div>\n<div id=\"\" class=\"brz-css-1hpgyxk brz-css-e5hyav brz-wrapper\">\n<div class=\"brz-rich-text brz-rich-text__custom brz-css-1x3q59h\" data-brz-custom-id=\"ogoyzdmfhcjamljunwmxpedfxsygotxmdhdk\">\n<div data-brz-translate-text=\"1\">\n<p class=\"brz-tp-heading6 brz-text-lg-center brz-css-qVmOF\"><strong class=\"brz-cp-color2\">Cornelia I<\/strong><\/p>\n<\/div>\n<\/div>\n<\/div>\n<div id=\"\" class=\"brz-css-1hpgyxk brz-wrapper\">\n<div class=\"brz-line brz-line-default brz-css-1l4k68z\" data-brz-custom-id=\"smsditvtsidmrcyjahklhouujkjsgkaxsarw\">\n<hr class=\"brz-hr\"><\/div>\n<\/div>\n<\/div>\n<\/div>\n<\/div>\n<\/div>\n<div class=\"brz-row__container brz-css-u4vkoe\" data-brz-custom-id=\"yifbbyzkctqdidsbqfvhyckrororigebupmz\">\n<div class=\"brz-bg\"><\/div>\n<div class=\"brz-row brz-css-rtavc5 brz-css-1aozf11\">\n<div class=\"brz-columns brz-css-6d6nva brz-css-1tndjnm\" data-brz-custom-id=\"rbbujuhoyavbgubinjfzouvhnwgdrhekptua\">\n<div class=\"brz-bg\"><\/div>\n<div class=\"brz-column__items brz-css-av7zko\">\n<div id=\"\" class=\"brz-css-1hpgyxk brz-wrapper\">\n<div class=\"brz-rich-text brz-rich-text__custom brz-css-1x3q59h\" data-brz-custom-id=\"mexpkoupddtgmlkajetpzeyjryszohevzcsf\">\n<div data-brz-translate-text=\"1\">\n<p class=\"brz-text-lg-center brz-tp-paragraph brz-css-mhQGp\"><span class=\"brz-cp-color2\">&#8222;Ce credeti? Tocmai am baut o cafea virtuala cu Nicoleta!!! Si mi-a citit in stele. A fost ca o adevarata evadare din cotidian!O gura de aer, doar pentru suflet!&#8221;<\/span><\/p>\n<\/div>\n<\/div>\n<\/div>\n<div id=\"\" class=\"brz-css-1hpgyxk brz-css-vveqo8 brz-wrapper\">\n<div class=\"brz-rich-text brz-rich-text__custom brz-css-1x3q59h\" data-brz-custom-id=\"terxgjavphyoszvzuumbwencwmtznedfygpv\">\n<div data-brz-translate-text=\"1\">\n<p class=\"brz-text-lg-center brz-tp-heading6 brz-css-cC7nj\"><strong class=\"brz-cp-color2\">Claudia P<\/strong><\/p>\n<\/div>\n<\/div>\n<\/div>\n<div id=\"\" class=\"brz-css-1hpgyxk brz-wrapper\">\n<div class=\"brz-line brz-line-default brz-css-1l4k68z\" data-brz-custom-id=\"oskhemyfywizqveemapermjquqowvzpuawal\">\n<hr class=\"brz-hr\"><\/div>\n<\/div>\n<\/div>\n<\/div>\n<\/div>\n<\/div>\n<div class=\"brz-row__container brz-css-u4vkoe\" data-brz-custom-id=\"jkfrnflwnqzvphocmkqmttpobpikhjpsafho\">\n<div class=\"brz-bg\"><\/div>\n<div class=\"brz-row brz-css-rtavc5 brz-css-tmenlh\">\n<div class=\"brz-columns brz-css-6d6nva brz-css-100wqv8\" data-brz-custom-id=\"yxsbjkposvrkfllpkkzmzrpwiaxgourkuacy\">\n<div class=\"brz-bg\"><\/div>\n<div class=\"brz-column__items brz-css-av7zko\">\n<div id=\"\" class=\"brz-css-1hpgyxk brz-wrapper\">\n<div class=\"brz-rich-text brz-rich-text__custom brz-css-1x3q59h\" data-brz-custom-id=\"yfrupowjspujqtbmpahxzviwqdftckpgohua\">\n<div data-brz-translate-text=\"1\">\n<p class=\"brz-tp-paragraph brz-text-lg-center brz-css-ke1_L\"><span class=\"brz-cp-color2\">&#8222;Imi doream de ceva timo sa imi fac astrograma, acum a aparut momentul. Cum nimic nu este intamplator, mi-am luat inima in dinti si am zis: Hai! Mai ales ca aveam multe intrebari si o nevoie de foarte multe confirmari. Nu numai ca am obtinut confirmarile si raspunsurile, dar am intrat si in posesia unor informatii cu adevarat valoroase pentru mine. Cumva, ele au fost acolo continuu, mi-au tot dat ghiont, dar eu le-am ignorant cu talent. Asa ca draga mea Nicoleta, iti multumesc din suflet pentru tot. Ai facut un om fericit si mult mai constient de cum este si \u201cde ce\u201d i se intampla. Apreciez nespus si ma bucur ca am spus acel HAI. Aveam nevoie de asta pentru a iesi din statul pe loc. Experienta e greu de descries in cuvinte, cu atat mai mult cu cat cineva care nu te cunoaste iti spune cum esti si ce s-a intamplat in viata ta pana acum, pe baza unor calcule. E putin inspaimantator , dar te face sa zambesti pe sub mustati. Ajuta. Ajuta mult de tot.Asa ca multumesc, a fost fix pe sufletul meu.&#8221;<\/span><\/p>\n<\/div>\n<\/div>\n<\/div>\n<div id=\"\" class=\"brz-css-1hpgyxk brz-css-b21qxw brz-wrapper\">\n<div class=\"brz-rich-text brz-rich-text__custom brz-css-1x3q59h\" data-brz-custom-id=\"gjdrktupkgnvedrbsdpexdvdtfhrmgafzvnu\">\n<div data-brz-translate-text=\"1\">\n<p class=\"brz-tp-heading6 brz-text-lg-center brz-css-x1yyj\"><strong class=\"brz-cp-color2\">Ramona C<\/strong><\/p>\n<\/div>\n<\/div>\n<\/div>\n<div id=\"\" class=\"brz-css-1hpgyxk brz-wrapper\">\n<div class=\"brz-line brz-line-default brz-css-1l4k68z\" data-brz-custom-id=\"vopnivydjfdjhuzbwqxzryzrllxuoavykici\">\n<hr class=\"brz-hr\"><\/div>\n<\/div>\n<\/div>\n<\/div>\n<\/div>\n<\/div>\n<div class=\"brz-row__container brz-css-u4vkoe\" data-brz-custom-id=\"rdzyvykflufjojotycfocjuptxvyfpruaqcm\">\n<div class=\"brz-bg\"><\/div>\n<div class=\"brz-row brz-css-rtavc5 brz-css-15i9j4d\">\n<div class=\"brz-columns brz-css-6d6nva brz-css-989282\" data-brz-custom-id=\"qmrqacstolzsxmgmdmyniohwzdjvtcraizno\">\n<div class=\"brz-bg\"><\/div>\n<div class=\"brz-column__items brz-css-av7zko\">\n<div id=\"\" class=\"brz-css-1hpgyxk brz-wrapper\">\n<div class=\"brz-rich-text brz-rich-text__custom brz-css-1x3q59h\" data-brz-custom-id=\"ugpioncbouahftghneldmsauykyoyqcdjoao\">\n<div data-brz-translate-text=\"1\">\n<p class=\"brz-text-lg-center brz-tp-paragraph brz-css-iGKSw\"><span class=\"brz-cp-color2\">&#8222;Been there, done that online cu Nicoleta. Am simtit-o la fel de aproape ca si cand am fost fizic langa ea. O experienta pe care am asteptat-o de mult si de care aveam nevoie, pentru care- i multumesc. Pastram legatura si astazi.&#8221;<\/span><\/p>\n<\/div>\n<\/div>\n<\/div>\n<div id=\"\" class=\"brz-css-1hpgyxk brz-css-nh3ss9 brz-wrapper\">\n<div class=\"brz-rich-text brz-rich-text__custom brz-css-1x3q59h\" data-brz-custom-id=\"zgzdkuinpfoselyiwfkdtmiodejtgxachiyc\">\n<div data-brz-translate-text=\"1\">\n<p class=\"brz-text-lg-center brz-tp-heading6 brz-css-pLgcT\"><strong class=\"brz-cp-color2\">Anca M<\/strong><\/p>\n<\/div>\n<\/div>\n<\/div>\n<div id=\"\" class=\"brz-css-1hpgyxk brz-wrapper\">\n<div class=\"brz-line brz-line-default brz-css-1l4k68z\" data-brz-custom-id=\"pasrrwrsrinyklcryfslurijlxbulictkpvw\">\n<hr class=\"brz-hr\"><\/div>\n<\/div>\n<\/div>\n<\/div>\n<\/div>\n<\/div>\n<div class=\"brz-row__container brz-css-u4vkoe\" data-brz-custom-id=\"gmmzmswzcdcipbticjlcueibpudnbhnopxfw\">\n<div class=\"brz-bg\"><\/div>\n<div class=\"brz-row brz-css-rtavc5 brz-css-pn86op\">\n<div class=\"brz-columns brz-css-6d6nva brz-css-13e2ava\" data-brz-custom-id=\"oeezjecuprbaxirxvbjbtmfqiixndndswbst\">\n<div class=\"brz-bg\"><\/div>\n<div class=\"brz-column__items brz-css-av7zko\">\n<div id=\"\" class=\"brz-css-1hpgyxk brz-wrapper\">\n<div class=\"brz-rich-text brz-rich-text__custom brz-css-1x3q59h\" data-brz-custom-id=\"mvtdemtzdsjddlwskcqykrlsouhwsivxulys\">\n<div data-brz-translate-text=\"1\">\n<p class=\"brz-tp-paragraph brz-text-lg-center brz-css-apAt2\"><span class=\"brz-cp-color2\">&#8222;Cunosc\u00e2nd-o pe Nicoleta, mi-am descoperit cumva via\u021ba! \u00cen multitudinea de informa\u021bii am aflat c\u0103 pot ac\u021biona c\u0103tre acele lucruri de care \u0219tiam c\u0103 sunt capabil\u0103, dar erau puse de o parte din cauza lipsei de \u00eencredere. Cu ajutorul ei am pornit pe adev\u0103ratul meu drum \u00een aceast\u0103 via\u021b\u0103.<\/span><\/p>\n<p class=\"brz-tp-paragraph brz-text-lg-center brz-css-oIPgG\"><span class=\"brz-cp-color2\"> <\/span><\/p>\n<p class=\"brz-tp-paragraph brz-text-lg-center brz-css-qggoY\"><span class=\"brz-cp-color2\">Pentru mine, informa\u021biile primite valoreaz\u0103 enorm. Pur \u0219i simplu simt ca sunt o nou\u0103 persoan\u0103 dup\u0103 cele dou\u0103 ore petrecute cu ea. Nicoleta este un om extraordinar din toate punctele de vedere! Cu siguran\u021b\u0103 voi tine leg\u0103tur\u0103 cu ea \u00een viitor, at\u00e2t pentru mine c\u00e2t \u0219i pentru familia mea. Recomand din tot sufletul!&#8221;<\/span><\/p>\n<\/div>\n<\/div>\n<\/div>\n<div id=\"\" class=\"brz-css-1hpgyxk brz-css-183t3j4 brz-wrapper\">\n<div class=\"brz-rich-text brz-rich-text__custom brz-css-1x3q59h\" data-brz-custom-id=\"aorrbmpyvlppswawmetcewhatcuoldwwrwtw\">\n<div data-brz-translate-text=\"1\">\n<p class=\"brz-tp-heading6 brz-text-lg-center brz-css-bnmga\"><span class=\"brz-cp-color2\">Petra Dumitru<\/span><\/p>\n<\/div>\n<\/div>\n<\/div>\n<div id=\"\" class=\"brz-css-1hpgyxk brz-wrapper\">\n<div class=\"brz-line brz-line-default brz-css-1l4k68z\" data-brz-custom-id=\"zxxzwregojhezytdyklcdrcygdmovxrmqjke\">\n<hr class=\"brz-hr\"><\/div>\n<\/div>\n<\/div>\n<\/div>\n<\/div>\n<\/div>\n<div class=\"brz-row__container brz-css-u4vkoe\" data-brz-custom-id=\"hfzzmldrehricrbmosediwdpfuznzyflnfcu\">\n<div class=\"brz-bg\"><\/div>\n<div class=\"brz-row brz-css-rtavc5 brz-css-w203l\">\n<div class=\"brz-columns brz-css-6d6nva brz-css-1qy2dsp\" data-brz-custom-id=\"czusogqqtuiurviwawrhhfxgzcwocqzukneo\">\n<div class=\"brz-bg\"><\/div>\n<div class=\"brz-column__items brz-css-av7zko\">\n<div id=\"\" class=\"brz-css-1hpgyxk brz-wrapper\">\n<div class=\"brz-rich-text brz-rich-text__custom brz-css-1x3q59h\" data-brz-custom-id=\"tdjyaqmgylahtcdkvvzswtwnsdrjxjzhrtnp\">\n<div data-brz-translate-text=\"1\">\n<p class=\"brz-tp-paragraph brz-text-lg-center brz-css-nhiS1\"><span class=\"brz-cp-color2\">&#8222;\u00cent\u00e2lnirea cu Nicoleta Ghiri\u0219 a fost \u00eent\u00e2lnirea cu un \u00cenger care \u00ee\u021bi schimb\u0103 \u00een bine via\u021ba. \u00cent\u00e2lnirea cu un astrolog care \u00ee\u021bi atinge sufletul \u0219i \u00ee\u021bi vindec\u0103 r\u0103nile vechi. Citind \u0219i calcul\u00e2nd mi\u0219c\u0103rile \u00een stele imi vorbea despre via\u021ba mea trecut\u0103, prezent\u0103 \u0219i viitoare cu o claritate \u0219i o profunzime greu de explicat. Lucrez \u00een lumea metafizicii \u0219i con\u0219tientizam c\u0103 se \u00eent\u00e2mpla ceva &#8230;ceva minunat. Tr\u0103iam o experien\u021ba unic\u0103 cu parfum divin, nu comercial.<\/span><\/p>\n<p class=\"brz-tp-paragraph brz-text-lg-center brz-css-dum1e\"><span class=\"brz-cp-color2\"> <\/span><\/p>\n<p class=\"brz-tp-paragraph brz-text-lg-center brz-css-b17pi\"><span class=\"brz-cp-color2\">Abia a doua zi dup\u0103 ce am plecat de la ea am realizat c\u0103 aceast\u0103 doamn\u0103 minunat\u0103 are un har special: de a-\u021bi lumina via\u021ba \u00een 24 h.&#8221;<\/span><\/p>\n<\/div>\n<\/div>\n<\/div>\n<div id=\"\" class=\"brz-css-1hpgyxk brz-css-1fwccoc brz-wrapper\">\n<div class=\"brz-rich-text brz-rich-text__custom brz-css-1x3q59h\" data-brz-custom-id=\"bnbulnkkzoxbilgnjuqfnlsagpykzsratmqh\">\n<div data-brz-translate-text=\"1\">\n<p class=\"brz-tp-heading6 brz-text-lg-center brz-css-yQvB7\"><span class=\"brz-cp-color2\">Roxana Katzianis<\/span><\/p>\n<\/div>\n<\/div>\n<\/div>\n<div id=\"\" class=\"brz-css-1hpgyxk brz-wrapper\">\n<div class=\"brz-line brz-line-default brz-css-1l4k68z\" data-brz-custom-id=\"hrxwgrxkfzaxhdgofwvokhezjznyvrhoidcu\">\n<hr class=\"brz-hr\"><\/div>\n<\/div>\n<\/div>\n<\/div>\n<\/div>\n<\/div>\n<div class=\"brz-row__container brz-css-u4vkoe\" data-brz-custom-id=\"judlkdhmgxrorlcfyovmnpsatlkaiscnbooy\">\n<div class=\"brz-bg\"><\/div>\n<div class=\"brz-row brz-css-rtavc5 brz-css-v4ufnb\">\n<div class=\"brz-columns brz-css-6d6nva brz-css-1nbs42b\" data-brz-custom-id=\"velgjoznlkeomfhrmhmjastlxngxwhipiefo\">\n<div class=\"brz-bg\"><\/div>\n<div class=\"brz-column__items brz-css-av7zko\">\n<div id=\"\" class=\"brz-css-1hpgyxk brz-wrapper\">\n<div class=\"brz-rich-text brz-rich-text__custom brz-css-1x3q59h\" data-brz-custom-id=\"qkfbpyjtuxswmtgggtvegonvtqvvdsdftvct\">\n<div data-brz-translate-text=\"1\">\n<p class=\"brz-text-lg-center brz-tp-paragraph brz-css-sk6KZ\"><span class=\"brz-cp-color2\">&#8222;Cea mai buna! In 2017 Nico imi citea in stelele ei si numerele norocoase si imi spunea ca voi face copil. Ce credeti? In 2018 am nascut o fetita!&#8221;<\/span><\/p>\n<\/div>\n<\/div>\n<\/div>\n<div id=\"\" class=\"brz-css-1hpgyxk brz-css-gvvc0j brz-wrapper\">\n<div class=\"brz-rich-text brz-rich-text__custom brz-css-1x3q59h\" data-brz-custom-id=\"rgminrqhdncophhoxitqtedlnimtzretdnly\">\n<div data-brz-translate-text=\"1\">\n<p class=\"brz-text-lg-center brz-tp-heading6 brz-css-rnCPp\"><strong class=\"brz-cp-color2\">Daniela N<\/strong><\/p>\n<\/div>\n<\/div>\n<\/div>\n<\/div>\n<\/div>\n<\/div>\n<\/div>\n<\/div>\n<\/div>\n<\/section>\n<\/div>\n<p>    <!-- version:1740832198 --><\/p>","protected":false},"excerpt":{"rendered":"<p>Testimoniale &#8222;Informatia \u00eenseamn\u0103 putere. Puterea \u00eenseamn\u0103 control. \u00cen\u021belegerea trecutului si \u00eentrevederea poten\u021bialul \u00eenn\u0103scut sunt uneltele pe care mi le-ai d\u0103ruit draga mea Nicoleta pentru a-mi folosi liberul arbitru \u00een preluarea controlului asupra propriei vie\u021bi. Mul\u021bumesc!&#8221; Carmen Cimbala &#8222;Recomand cu multa incredere o diagnosticare personalizata in idea de a identifica cel mai potivit remediu, doar suntem [&hellip;]<\/p>","protected":false},"author":1,"featured_media":0,"parent":0,"menu_order":0,"comment_status":"closed","ping_status":"closed","template":"brizy-blank-template.php","meta":{"_monsterinsights_skip_tracking":false,"_monsterinsights_sitenote_active":false,"_monsterinsights_sitenote_note":"","_monsterinsights_sitenote_category":0,"footnotes":""},"class_list":["post-629","page","type-page","status-publish","hentry","wpbf-post"],"brizy_media":[{"id":412,"url":"https:\/\/nicoletaghiris.ro\/wp-content\/uploads\/2021\/03\/astrologie-1.jpeg","name":"astrologie-1.jpeg","meta":{"brizy_attachment_uid":"wp-ea8fd00946a1a64a4c71e8bc848e447c.jpeg","brizy_post_uid":["75220f2fa0ea81877fa33ded03100e82","d51083c892d646756e2b009f01a9d95a","fb5ada5b95d14730395d49fe58eb4832","60cd44db679f883e0fb29a162a28315c","484ddd5b20f4d03206fa5123547bef5c","a096dbb501b9aca63f144bf41f6b8c1d"]}},{"id":640,"url":"https:\/\/nicoletaghiris.ro\/wp-content\/uploads\/brizy\/629\/assets\/images\/d03-Img-Guy-Glitter-sq.jpg","name":"d03-Img-Guy-Glitter-sq.jpg","meta":{"brizy_attachment_uid":"d03-Img-Guy-Glitter-sq.jpg","brizy_post_uid":["484ddd5b20f4d03206fa5123547bef5c"]}},{"id":641,"url":"https:\/\/nicoletaghiris.ro\/wp-content\/uploads\/brizy\/629\/assets\/images\/d03-Img-Girl-Flowers.jpg","name":"d03-Img-Girl-Flowers.jpg","meta":{"brizy_attachment_uid":"d03-Img-Girl-Flowers.jpg","brizy_post_uid":["484ddd5b20f4d03206fa5123547bef5c"]}}],"post_mailing_queue_ids":[],"_links":{"self":[{"href":"https:\/\/nicoletaghiris.ro\/en\/wp-json\/wp\/v2\/pages\/629","targetHints":{"allow":["GET"]}}],"collection":[{"href":"https:\/\/nicoletaghiris.ro\/en\/wp-json\/wp\/v2\/pages"}],"about":[{"href":"https:\/\/nicoletaghiris.ro\/en\/wp-json\/wp\/v2\/types\/page"}],"author":[{"embeddable":true,"href":"https:\/\/nicoletaghiris.ro\/en\/wp-json\/wp\/v2\/users\/1"}],"replies":[{"embeddable":true,"href":"https:\/\/nicoletaghiris.ro\/en\/wp-json\/wp\/v2\/comments?post=629"}],"version-history":[{"count":19,"href":"https:\/\/nicoletaghiris.ro\/en\/wp-json\/wp\/v2\/pages\/629\/revisions"}],"predecessor-version":[{"id":12963,"href":"https:\/\/nicoletaghiris.ro\/en\/wp-json\/wp\/v2\/pages\/629\/revisions\/12963"}],"wp:attachment":[{"href":"https:\/\/nicoletaghiris.ro\/en\/wp-json\/wp\/v2\/media?parent=629"}],"curies":[{"name":"wp","href":"https:\/\/api.w.org\/{rel}","templated":true}]}}