{"id":6496,"date":"2021-06-18T09:34:17","date_gmt":"2021-06-18T09:34:17","guid":{"rendered":"http:\/\/nicoletaghiris.ro\/?page_id=6496"},"modified":"2025-11-13T09:26:16","modified_gmt":"2025-11-13T09:26:16","slug":"spiritualitate","status":"publish","type":"page","link":"https:\/\/nicoletaghiris.ro\/en\/spiritualitate\/","title":{"rendered":"Spirituality"},"content":{"rendered":"<div class=\"brz-root__container brz-reset-all brz\">\n<section id=\"_zdpdmopvgtigapwpfknagehyebpdjywciqcy\" class=\"brz-section brz-css-vBgrC brz-css-vngXl\">\n<div class=\"brz-section__content brz-section--boxed brz-css-jhFCY brz-css-dXPhZ\" data-brz-custom-id=\"jtehjjrdgiturlesqotuspjbqgcclwodvrgu\">\n<div class=\"brz-bg\">\n<div class=\"brz-bg-image\"><\/div>\n<div class=\"brz-bg-color\"><\/div>\n<\/div>\n<div class=\"brz-container brz-css-jlX45\">\n<div id=\"\" data-brz-iteration-count=\"1\" class=\"brz-css-tXO56 brz-css-kmVey brz-wrapper brz-animated brz-css-v34er brz-css-qYKUF\" data-animationid=\"rusmplwopzxgivftcpmihpfqspjwgmigocix\">\n<div class=\"brz-rich-text brz-rich-text__custom brz-css-z5IFR\" data-brz-custom-id=\"fzkuwjarcdqnlxxufutawrglwdctfaltdxji\">\n<div data-brz-translate-text=\"1\">\n<h1 class=\"brz-ls-xs-im-4 brz-ls-sm-im-3 brz-ls-lg-1 brz-fs-sm-im-47 brz-fs-lg-70 brz-fs-xs-34 brz-lh-xs-1_3 brz-text-lg-center brz-text-xs-center brz-lh-lg-1 brz-lh-sm-im-1_1 brz-ff-cormorant_garamond brz-ft-google brz-fw-lg-500 brz-fw-sm-im-500 brz-fw-xs-im-500 brz-css-iEOYf\"><span class=\"brz-cp-color8\">Spirituality<\/span><\/h1>\n<\/div>\n<\/div>\n<\/div>\n<\/div>\n<\/div>\n<\/section>\n<section id=\"_eszuyosheekcdbkgyrlbxvrbocviqubfoxwa\" class=\"brz-section brz-css-vBgrC\">\n<div class=\"brz-section__content brz-section--boxed brz-css-jhFCY brz-css-uD9rY\" data-brz-custom-id=\"nilprybnciasvqekneaapdbvxongtbnpxtwg\">\n<div class=\"brz-container brz-css-jlX45\">\n<div id=\"\" class=\"brz-css-tXO56 brz-wrapper\">\n<div class=\"brz-rich-text brz-rich-text__custom brz-css-z5IFR\" data-brz-custom-id=\"imexawloxuvweqblhswknnefduaoamhiazag\">\n<div data-brz-translate-text=\"1\">\n<p class=\"brz-tp-paragraph brz-css-ayhT7\"><span class=\"brz-cp-color1\"> <\/span><\/p>\n<\/div>\n<\/div>\n<\/div>\n<\/div>\n<\/div>\n<\/section>\n<section id=\"_pwaosfqkflmoziphkpufdlbdaastztkhlgza\" class=\"brz-section brz-css-vBgrC\">\n<div class=\"brz-section__content brz-section--boxed brz-css-jhFCY brz-css-iHUxO\" data-brz-custom-id=\"cmchdeugrzwtwoszehvplnkksgbacirpbitm\">\n<div class=\"brz-bg\">\n<div class=\"brz-bg-color\"><\/div>\n<\/div>\n<div class=\"brz-container brz-css-jlX45\">\n<div id=\"\" class=\"brz-css-tXO56 brz-wrapper\">\n<div class=\"brz-rich-text brz-rich-text__custom brz-css-z5IFR\" data-brz-custom-id=\"dnsejsgfgsrtiprhafmukrvwozuafivnxodc\">\n<div data-brz-translate-text=\"1\">\n<p class=\"brz-tp-heading3 brz-css-y0DbV\"><span class=\"brz-cp-color1\">Most recent articles<\/span><\/p>\n<\/div>\n<\/div>\n<\/div>\n<div id=\"\" class=\"brz-css-tXO56 brz-css-f6kzP brz-wrapper\">\n<div class=\"brz-posts brz-css-qoF4s brz-css-oeKl7\" data-brz-custom-id=\"sptdfoiwjbpdarstqrdlsgjsvuhznunoacfy\">\n<div class=\"brz-posts__wrapper\">\n<div class=\"brz-posts__item\">\n<div class=\"brz-columns brz-css-o8PTA brz-css-s3ADw\" data-brz-custom-id=\"weslukstfhazepmabnnborphcbgsmqkdgemv\">\n<div class=\"brz-bg\"><\/div>\n<div class=\"brz-column__items brz-css-tQO05\">\n<div id=\"\" class=\"brz-css-tXO56 brz-wrapper\">\n<div class=\"brz-image brz-css-peLKi brz-css-pK_2L\" data-brz-custom-id=\"aqqrlwoifxjpqvaqgieeranidogdspovddmw\"><img decoding=\"async\" class=\"brz-img\" src=\"\" alt=\"'}}\" loading=\"lazy\"><\/div>\n<\/div>\n<div id=\"\" class=\"brz-css-tXO56 brz-wrapper\">\n<div class=\"brz-wp-title brz-css-tUb_Y brz-css-xZIzY\" data-brz-custom-id=\"kvcitznqfbiupxqjsoffejlcawchywxvxcqj\"><span class=\"brz-wp-title-content\" style=\"min-height:20px\"><\/span><\/div>\n<\/div>\n<div class=\"brz-wrapper-clone brz-css-rug6E\">\n<div class=\"brz-d-xs-flex brz-flex-xs-wrap brz-css-cy5IF brz-css-ps3Hh\" data-brz-custom-id=\"\">\n<div class=\"brz-wrapper-clone__item\" id=\"olukxsnehbckieirrhnvgfeycjclyjypogie\"><a class=\"brz-a brz-btn brz-css-a2ga9 brz-css-dimp5 brz-css-biw8F brz-css-l1VPM brz-css-d9LAW\" href=\"\" target=\"_self\" rel=\"noopener\" data-brz-link-type=\"external\" data-brz-custom-id=\"olukxsnehbckieirrhnvgfeycjclyjypogie\"><span data-brz-translate-text=\"1\" class=\"brz-span brz-text__editor\">Continue reading<\/span><\/a><\/div>\n<\/div>\n<\/div>\n<div id=\"\" class=\"brz-css-tXO56 brz-wrapper\">\n<div class=\"brz-line brz-line-default brz-css-hTYRa brz-css-vLg_O\" data-brz-custom-id=\"aimcywjvmrjvgralfkiolkrtgpooumvchovk\">\n<hr class=\"brz-hr\"><\/div>\n<\/div>\n<\/div>\n<\/div>\n<\/div>\n<\/div>\n<\/div>\n<\/div>\n<\/div>\n<\/div>\n<\/section>\n<section id=\"_wbxnlejbbgtudxirvymwsmutgfhruietuhuh\" class=\"brz-section brz-css-vBgrC\">\n<div class=\"brz-section__content brz-section--fullWidth brz-css-jhFCY brz-css-ehggL\" data-brz-custom-id=\"tnywssxoemxqhucykmxpmznxduzqlwegctoi\">\n<div class=\"brz-bg\">\n<div class=\"brz-bg-color\"><\/div>\n<\/div>\n<div class=\"brz-container brz-css-jlX45 brz-css-zFyX0\">\n<div class=\"brz-row__container brz-css-gC3Mm\" data-brz-custom-id=\"gxyhfvelgjkifzzhyiswrwdhsruifnvnslcp\">\n<div class=\"brz-bg\"><\/div>\n<div class=\"brz-row brz-css-igp_d brz-css-cMBKb\">\n<div class=\"brz-columns brz-css-o8PTA brz-css-tTYJE\" data-brz-custom-id=\"fifdxkdtsawzwyawtjcystmldlcjncvhtggl\">\n<div class=\"brz-bg\">\n<div class=\"brz-bg-image\"><\/div>\n<\/div>\n<div class=\"brz-column__items brz-css-tQO05\"><\/div>\n<\/div>\n<div class=\"brz-columns brz-css-o8PTA brz-css-oXqYH\" data-brz-custom-id=\"qswegbnymrqviyyxsrojznpkwqqswygdptal\">\n<div class=\"brz-bg\">\n<div class=\"brz-bg-color\"><\/div>\n<\/div>\n<div class=\"brz-column__items brz-css-tQO05 brz-css-gdoj7\">\n<div id=\"\" class=\"brz-css-tXO56 brz-css-nxH82 brz-css-ze84_ brz-wrapper\">\n<div class=\"brz-spacer brz-css-zcoSV brz-css-mm7YV\"><\/div>\n<\/div>\n<div id=\"\" class=\"brz-css-tXO56 brz-css-v5YsO brz-wrapper\">\n<div class=\"brz-rich-text brz-rich-text__custom brz-css-z5IFR\" data-brz-custom-id=\"pqzlwjfyhwzignrbexedoidwvclquszvdgqi\">\n<div data-brz-translate-text=\"1\">\n<p class=\"brz-tp-abovetitle brz-text-xs-center brz-css-gwLc_\"><span class=\"brz-cp-color7\">PERSONALIZED ASSESSMENTS<\/span><\/p>\n<\/div>\n<\/div>\n<\/div>\n<div id=\"\" class=\"brz-css-tXO56 brz-css-nxH82 brz-css-exM23 brz-wrapper\">\n<div class=\"brz-spacer brz-css-zcoSV brz-css-kvG3I\"><\/div>\n<\/div>\n<div id=\"\" class=\"brz-css-tXO56 brz-wrapper\">\n<div class=\"brz-icon-text brz-css-txO6O brz-css-l19Fk\" data-brz-custom-id=\"ypiubzgleqkidnbkhuzvdbkbdgmmtfxxlqmd\">\n<div class=\"brz-icon__container\" data-brz-custom-id=\"oheqrivpeymmxbagysuxvwhxwueseeelsdsu\"><span class=\"brz-icon brz-span brz-css-s0Kbh brz-css-ry8IB\"><\/span><\/div>\n<div class=\"brz-text-btn\">\n<div class=\"brz-rich-text brz-rich-text__custom brz-css-z5IFR\" data-brz-custom-id=\"utlejnwnzhzcvafjpnomtqbnhpyldjzzyzxh\">\n<div data-brz-translate-text=\"1\">\n<h2 class=\"brz-text-xs-left brz-mt-xs-20 brz-lh-lg-1_3 brz-lh-sm-im-1_2 brz-lh-xs-im-1_2 brz-fs-lg-56 brz-fs-sm-im-50 brz-fs-xs-im-44 brz-ls-lg-m_2 brz-ls-sm-im-m_0_5 brz-ls-xs-im-m_0_5 brz-ff-cormorant_garamond brz-ft-google brz-fw-lg-700 brz-fw-sm-im-700 brz-fw-xs-im-700 brz-css-ysqjQ\"><span class=\"brz-cp-color2\">Schedule a session <\/span><\/h2>\n<\/div>\n<\/div>\n<\/div>\n<\/div>\n<\/div>\n<div id=\"\" class=\"brz-css-tXO56 brz-css-nxH82 brz-wrapper\">\n<div class=\"brz-spacer brz-css-zcoSV brz-css-owtUZ\"><\/div>\n<\/div>\n<div id=\"\" class=\"brz-css-tXO56 brz-wrapper\">\n<div class=\"brz-rich-text brz-rich-text__custom brz-css-z5IFR\" data-brz-custom-id=\"iolgfeqdjrlgqeqbvdsmfdjpmihyjtbrbncv\">\n<div data-brz-translate-text=\"1\">\n<p class=\"brz-tp-paragraph brz-css-m1lbl\"><span class=\"brz-cp-color1\">A personalized analysis of astrology or numerology will reveal essential information about yourself, relationships with others, and guide you in making the best choices for your future.<\/span><\/p>\n<\/div>\n<\/div>\n<\/div>\n<div id=\"\" class=\"brz-css-tXO56 brz-css-nxH82 brz-css-rbFYw brz-wrapper\">\n<div class=\"brz-spacer brz-css-zcoSV brz-css-txJNt\"><\/div>\n<\/div>\n<div class=\"brz-wrapper-clone brz-css-rug6E\">\n<div class=\"brz-d-xs-flex brz-flex-xs-wrap brz-css-cy5IF brz-css-jDZ0F\" data-brz-custom-id=\"\">\n<div class=\"brz-wrapper-clone__item\" id=\"gzkwpfigbjoyrfsmqlrwlcvhjunixyspykzn\"><a class=\"brz-a brz-btn brz-css-a2ga9 brz-css-c7y2u brz-css-biw8F brz-css-oFAQa\" href=\"\/en\/programeaza-o-sesiune\/\" target=\"_self\" rel=\"noopener\" data-brz-link-type=\"external\" data-brz-custom-id=\"gzkwpfigbjoyrfsmqlrwlcvhjunixyspykzn\"><span data-brz-translate-text=\"1\" class=\"brz-span brz-text__editor\">FIND OUT MORE<\/span><\/a><\/div>\n<\/div>\n<\/div>\n<div id=\"\" class=\"brz-css-tXO56 brz-css-nxH82 brz-css-n8Oq5 brz-wrapper\">\n<div class=\"brz-spacer brz-css-zcoSV brz-css-wIHu4\"><\/div>\n<\/div>\n<\/div>\n<\/div>\n<\/div>\n<\/div>\n<\/div>\n<\/div>\n<\/section>\n<\/div>\n<p>    <!-- version:1736392972 --><\/p>","protected":false},"excerpt":{"rendered":"<p>Spiritualitate Cele mai recente articole CITESTE MAI DEPARTE ANALIZE PERSONALIZATE Programeaz\u0103 o sesiune O analiz\u0103 personalizat\u0103 de astrologie sau numerologie \u00ee\u021bi va releva informa\u021bii esen\u021biale despre tine, rela\u021biile cu cei din jur \u0219i te va ghida \u00een a face cele mai bune alegeri pentru viitorul t\u0103u. AFL\u0102 MAI MULTE<\/p>","protected":false},"author":1,"featured_media":0,"parent":0,"menu_order":0,"comment_status":"closed","ping_status":"closed","template":"brizy-blank-template.php","meta":{"_monsterinsights_skip_tracking":false,"_monsterinsights_sitenote_active":false,"_monsterinsights_sitenote_note":"","_monsterinsights_sitenote_category":0,"footnotes":""},"class_list":["post-6496","page","type-page","status-publish","hentry","wpbf-post"],"brizy_media":[{"id":175,"url":"https:\/\/nicoletaghiris.ro\/wp-content\/uploads\/2021\/03\/metafizica-chineza-1-scaled.jpeg","name":"metafizica-chineza-1.jpeg","meta":{"brizy_attachment_uid":"wp-c491d3be9c4ed02c5c4e5b120d198ff2.jpeg","brizy_post_uid":["054eb9a87a224df228246e673a6e6c9f","75220f2fa0ea81877fa33ded03100e82","301287f03e4f26c7640c66b1330393c8","f6c647b5906eeade792b5f17ee18a92a","b6da9731712944d31033ec0f00e1d98a"]}},{"id":189,"url":"https:\/\/nicoletaghiris.ro\/wp-content\/uploads\/2021\/03\/image-1.jpeg","name":"image-1.jpeg","meta":{"brizy_attachment_uid":"wp-585d2687b21cab59a9d9eb92f83f1509.jpeg","brizy_post_uid":["054eb9a87a224df228246e673a6e6c9f","9bbbd8754db58cceab0e34d04a16b88a","75220f2fa0ea81877fa33ded03100e82","b6da9731712944d31033ec0f00e1d98a"]}}],"post_mailing_queue_ids":[],"_links":{"self":[{"href":"https:\/\/nicoletaghiris.ro\/en\/wp-json\/wp\/v2\/pages\/6496","targetHints":{"allow":["GET"]}}],"collection":[{"href":"https:\/\/nicoletaghiris.ro\/en\/wp-json\/wp\/v2\/pages"}],"about":[{"href":"https:\/\/nicoletaghiris.ro\/en\/wp-json\/wp\/v2\/types\/page"}],"author":[{"embeddable":true,"href":"https:\/\/nicoletaghiris.ro\/en\/wp-json\/wp\/v2\/users\/1"}],"replies":[{"embeddable":true,"href":"https:\/\/nicoletaghiris.ro\/en\/wp-json\/wp\/v2\/comments?post=6496"}],"version-history":[{"count":12,"href":"https:\/\/nicoletaghiris.ro\/en\/wp-json\/wp\/v2\/pages\/6496\/revisions"}],"predecessor-version":[{"id":7742,"href":"https:\/\/nicoletaghiris.ro\/en\/wp-json\/wp\/v2\/pages\/6496\/revisions\/7742"}],"wp:attachment":[{"href":"https:\/\/nicoletaghiris.ro\/en\/wp-json\/wp\/v2\/media?parent=6496"}],"curies":[{"name":"wp","href":"https:\/\/api.w.org\/{rel}","templated":true}]}}