{"id":6868,"date":"2021-06-18T13:58:20","date_gmt":"2021-06-18T13:58:20","guid":{"rendered":"http:\/\/nicoletaghiris.ro\/?page_id=6868"},"modified":"2025-11-13T09:26:15","modified_gmt":"2025-11-13T09:26:15","slug":"metafizica-chineza","status":"publish","type":"page","link":"https:\/\/nicoletaghiris.ro\/en\/metafizica-chineza\/","title":{"rendered":"Chinese Metaphysics"},"content":{"rendered":"<div class=\"brz-root__container brz-reset-all brz brz-root__container-page\">\n<section id=\"4e12b1baadf0ff950cc6_zdpdmopvgtigapwpfknagehyebpdjywciqcy\" class=\"brz-section brz-css-fc1q0b brz-css-16lp9q6\">\n<div class=\"brz-section__content brz-section--boxed brz-css-mryucf brz-css-he9aig\" data-brz-custom-id=\"jtehjjrdgiturlesqotuspjbqgcclwodvrgu\">\n<div class=\"brz-bg\">\n<div class=\"brz-bg-image\"><\/div>\n<div class=\"brz-bg-color\"><\/div>\n<\/div>\n<div class=\"brz-container brz-css-fptq44\">\n<div id=\"\" data-brz-iteration-count=\"1\" class=\"brz-css-14v3b65 brz-css-y6t0mk brz-wrapper brz-animated brz-css-1qsi0em brz-css-1lsn0av\" data-animationid=\"rusmplwopzxgivftcpmihpfqspjwgmigocix\">\n<div class=\"brz-rich-text brz-rich-text__custom brz-css-1gy82hp\" data-brz-custom-id=\"fzkuwjarcdqnlxxufutawrglwdctfaltdxji\">\n<div data-brz-translate-text=\"1\">\n<h1 class=\"brz-ls-xs-im-4 brz-ls-sm-im-3 brz-ls-lg-1 brz-fs-sm-im-47 brz-fs-lg-70 brz-fs-xs-34 brz-lh-xs-1_3 brz-text-lg-center brz-text-xs-center brz-lh-lg-1 brz-lh-sm-im-1_1 brz-ff-cormorant_garamond brz-ft-google brz-fw-lg-500 brz-fw-sm-im-500 brz-fw-xs-im-500 brz-css-teSbq\"><span class=\"brz-cp-color8\">Chinese Metaphysics<\/span><\/h1>\n<\/div>\n<\/div>\n<\/div>\n<\/div>\n<\/div>\n<\/section>\n<section id=\"c86ffe440e0c814522fd_pwaosfqkflmoziphkpufdlbdaastztkhlgza\" class=\"brz-section brz-css-fc1q0b\">\n<div class=\"brz-section__content brz-section--boxed brz-css-mryucf brz-css-7yxw0k\" data-brz-custom-id=\"cmchdeugrzwtwoszehvplnkksgbacirpbitm\">\n<div class=\"brz-bg\">\n<div class=\"brz-bg-color\"><\/div>\n<\/div>\n<div class=\"brz-container brz-css-fptq44\">\n<div id=\"\" class=\"brz-css-14v3b65 brz-wrapper\">\n<div class=\"brz-rich-text brz-rich-text__custom brz-css-1gy82hp\" data-brz-custom-id=\"dnsejsgfgsrtiprhafmukrvwozuafivnxodc\">\n<div data-brz-translate-text=\"1\">\n<p class=\"brz-tp-heading3 brz-css-rbDmW\"><span class=\"brz-cp-color1\">Most recent articles<\/span><\/p>\n<\/div>\n<\/div>\n<\/div>\n<div id=\"\" class=\"brz-css-14v3b65 brz-css-1xc1ast brz-wrapper\">\n<div class=\"brz-posts brz-css-reaw4r brz-css-4omgd8\" data-brz-custom-id=\"sptdfoiwjbpdarstqrdlsgjsvuhznunoacfy\">\n<div class=\"brz-posts__wrapper\">\n<div class=\"brz-posts__item\">\n<div class=\"brz-columns brz-css-5wijug brz-css-xouk73\" data-brz-custom-id=\"weslukstfhazepmabnnborphcbgsmqkdgemv\">\n<div class=\"brz-bg\"><\/div>\n<div class=\"brz-column__items brz-css-1a9n9kw\">\n<div id=\"\" class=\"brz-css-14v3b65 brz-wrapper\">\n<div class=\"brz-image brz-css-197pflo brz-css-1wjazt4\" data-brz-custom-id=\"aqqrlwoifxjpqvaqgieeranidogdspovddmw\"><img decoding=\"async\" class=\"brz-img\" src=\"https:\/\/nicoletaghiris.ro\/wp-content\/uploads\/brizy\/imgs\/Screen-Shot-2023-01-11-at-10.02.03-511x263x80x0x350x263x1673424285.jpg\" alt=\"\" loading=\"lazy\"><\/div>\n<\/div>\n<div id=\"\" class=\"brz-css-14v3b65 brz-wrapper\">\n<div class=\"brz-wp-title brz-css-38wsvb brz-css-cito68\" data-brz-custom-id=\"kvcitznqfbiupxqjsoffejlcawchywxvxcqj\"><span class=\"brz-wp-title-content\" style=\"min-height:20px\">Anul 2025- anul \u0218arpelui de lemn<\/span><\/div>\n<\/div>\n<div class=\"brz-wrapper-clone brz-css-1fdbxkm\">\n<div class=\"brz-d-xs-flex brz-flex-xs-wrap brz-css-oz8viw brz-css-12l03z9\" data-brz-custom-id=\"\">\n<div class=\"brz-wrapper-clone__item\" id=\"olukxsnehbckieirrhnvgfeycjclyjypogie\"><a class=\"brz-a brz-btn brz-css-2uqrrw brz-css-tf576j brz-css-1hjed2s brz-css-8jfpnq brz-css-jljiqk\" href=\"https:\/\/nicoletaghiris.ro\/en\/2025\/01\/10\/anul-2025-anul-sarpelui-de-lemn\/\" target=\"_self\" rel=\"noopener\" data-brz-link-type=\"external\" data-brz-custom-id=\"olukxsnehbckieirrhnvgfeycjclyjypogie\"><span data-brz-translate-text=\"1\" class=\"brz-span brz-text__editor\">Continue reading<\/span><\/a><\/div>\n<\/div>\n<\/div>\n<div id=\"\" class=\"brz-css-14v3b65 brz-wrapper\">\n<div class=\"brz-line brz-line-default brz-css-ty4fdv brz-css-11zt0xv\" data-brz-custom-id=\"aimcywjvmrjvgralfkiolkrtgpooumvchovk\">\n<hr class=\"brz-hr\"><\/div>\n<\/div>\n<\/div>\n<\/div>\n<\/div>\n<div class=\"brz-posts__item\">\n<div class=\"brz-columns brz-css-5wijug brz-css-xouk73\" data-brz-custom-id=\"weslukstfhazepmabnnborphcbgsmqkdgemv\">\n<div class=\"brz-bg\"><\/div>\n<div class=\"brz-column__items brz-css-1a9n9kw\">\n<div id=\"\" class=\"brz-css-14v3b65 brz-wrapper\">\n<div class=\"brz-image brz-css-197pflo brz-css-1wjazt4\" data-brz-custom-id=\"aqqrlwoifxjpqvaqgieeranidogdspovddmw\"><img decoding=\"async\" class=\"brz-img\" src=\"https:\/\/nicoletaghiris.ro\/wp-content\/uploads\/brizy\/imgs\/de42324f817a4e33823e0745204ed694-567x263x108x0x350x263x1683186340.jpg\" alt=\"\" loading=\"lazy\"><\/div>\n<\/div>\n<div id=\"\" class=\"brz-css-14v3b65 brz-wrapper\">\n<div class=\"brz-wp-title brz-css-38wsvb brz-css-cito68\" data-brz-custom-id=\"kvcitznqfbiupxqjsoffejlcawchywxvxcqj\"><span class=\"brz-wp-title-content\" style=\"min-height:20px\">\u00a0Ghid pentru a poten\u021ba sau a evita anumite energii \u00een anul 2025 la noi \u00een cas\u0103\/birou<\/span><\/div>\n<\/div>\n<div class=\"brz-wrapper-clone brz-css-1fdbxkm\">\n<div class=\"brz-d-xs-flex brz-flex-xs-wrap brz-css-oz8viw brz-css-12l03z9\" data-brz-custom-id=\"\">\n<div class=\"brz-wrapper-clone__item\" id=\"olukxsnehbckieirrhnvgfeycjclyjypogie\"><a class=\"brz-a brz-btn brz-css-2uqrrw brz-css-tf576j brz-css-1hjed2s brz-css-8jfpnq brz-css-jljiqk\" href=\"https:\/\/nicoletaghiris.ro\/en\/2024\/12\/12\/ghid-pentru-a-potenta-sau-a-evita-anumite-energii-in-anul-2025-la-noi-in-casa-birou\/\" target=\"_self\" rel=\"noopener\" data-brz-link-type=\"external\" data-brz-custom-id=\"olukxsnehbckieirrhnvgfeycjclyjypogie\"><span data-brz-translate-text=\"1\" class=\"brz-span brz-text__editor\">Continue reading<\/span><\/a><\/div>\n<\/div>\n<\/div>\n<div id=\"\" class=\"brz-css-14v3b65 brz-wrapper\">\n<div class=\"brz-line brz-line-default brz-css-ty4fdv brz-css-11zt0xv\" data-brz-custom-id=\"aimcywjvmrjvgralfkiolkrtgpooumvchovk\">\n<hr class=\"brz-hr\"><\/div>\n<\/div>\n<\/div>\n<\/div>\n<\/div>\n<div class=\"brz-posts__item\">\n<div class=\"brz-columns brz-css-5wijug brz-css-xouk73\" data-brz-custom-id=\"weslukstfhazepmabnnborphcbgsmqkdgemv\">\n<div class=\"brz-bg\"><\/div>\n<div class=\"brz-column__items brz-css-1a9n9kw\">\n<div id=\"\" class=\"brz-css-14v3b65 brz-wrapper\">\n<div class=\"brz-image brz-css-197pflo brz-css-1wjazt4\" data-brz-custom-id=\"aqqrlwoifxjpqvaqgieeranidogdspovddmw\"><img decoding=\"async\" class=\"brz-img\" src=\"https:\/\/nicoletaghiris.ro\/wp-content\/uploads\/brizy\/imgs\/horoscop-noiembrie-472x263x61x0x350x263x1641826484.jpg\" alt=\"\" loading=\"lazy\"><\/div>\n<\/div>\n<div id=\"\" class=\"brz-css-14v3b65 brz-wrapper\">\n<div class=\"brz-wp-title brz-css-38wsvb brz-css-cito68\" data-brz-custom-id=\"kvcitznqfbiupxqjsoffejlcawchywxvxcqj\"><span class=\"brz-wp-title-content\" style=\"min-height:20px\">Chinese year 2024 \u2013 the year of the Wooden Dragon<\/span><\/div>\n<\/div>\n<div class=\"brz-wrapper-clone brz-css-1fdbxkm\">\n<div class=\"brz-d-xs-flex brz-flex-xs-wrap brz-css-oz8viw brz-css-12l03z9\" data-brz-custom-id=\"\">\n<div class=\"brz-wrapper-clone__item\" id=\"olukxsnehbckieirrhnvgfeycjclyjypogie\"><a class=\"brz-a brz-btn brz-css-2uqrrw brz-css-tf576j brz-css-1hjed2s brz-css-8jfpnq brz-css-jljiqk\" href=\"https:\/\/nicoletaghiris.ro\/en\/2023\/12\/18\/anul-chinezesc-2024-anul-dragonului-de-lemn\/\" target=\"_self\" rel=\"noopener\" data-brz-link-type=\"external\" data-brz-custom-id=\"olukxsnehbckieirrhnvgfeycjclyjypogie\"><span data-brz-translate-text=\"1\" class=\"brz-span brz-text__editor\">Continue reading<\/span><\/a><\/div>\n<\/div>\n<\/div>\n<div id=\"\" class=\"brz-css-14v3b65 brz-wrapper\">\n<div class=\"brz-line brz-line-default brz-css-ty4fdv brz-css-11zt0xv\" data-brz-custom-id=\"aimcywjvmrjvgralfkiolkrtgpooumvchovk\">\n<hr class=\"brz-hr\"><\/div>\n<\/div>\n<\/div>\n<\/div>\n<\/div>\n<div class=\"brz-posts__item\">\n<div class=\"brz-columns brz-css-5wijug brz-css-xouk73\" data-brz-custom-id=\"weslukstfhazepmabnnborphcbgsmqkdgemv\">\n<div class=\"brz-bg\"><\/div>\n<div class=\"brz-column__items brz-css-1a9n9kw\">\n<div id=\"\" class=\"brz-css-14v3b65 brz-wrapper\">\n<div class=\"brz-image brz-css-197pflo brz-css-1wjazt4\" data-brz-custom-id=\"aqqrlwoifxjpqvaqgieeranidogdspovddmw\"><img decoding=\"async\" class=\"brz-img\" src=\"https:\/\/nicoletaghiris.ro\/wp-content\/uploads\/brizy\/imgs\/photo-1624117987059-f1b8c83edfaa_38531500-395x263x22x0x350x263x1633607885.webp\" alt=\"\" loading=\"lazy\"><\/div>\n<\/div>\n<div id=\"\" class=\"brz-css-14v3b65 brz-wrapper\">\n<div class=\"brz-wp-title brz-css-38wsvb brz-css-cito68\" data-brz-custom-id=\"kvcitznqfbiupxqjsoffejlcawchywxvxcqj\"><span class=\"brz-wp-title-content\" style=\"min-height:20px\">Guide to Enhancing or Avoiding Certain Energies in the Home\/Office in 2024<\/span><\/div>\n<\/div>\n<div class=\"brz-wrapper-clone brz-css-1fdbxkm\">\n<div class=\"brz-d-xs-flex brz-flex-xs-wrap brz-css-oz8viw brz-css-12l03z9\" data-brz-custom-id=\"\">\n<div class=\"brz-wrapper-clone__item\" id=\"olukxsnehbckieirrhnvgfeycjclyjypogie\"><a class=\"brz-a brz-btn brz-css-2uqrrw brz-css-tf576j brz-css-1hjed2s brz-css-8jfpnq brz-css-jljiqk\" href=\"https:\/\/nicoletaghiris.ro\/en\/2023\/12\/05\/ghid-pentru-a-potenta-sau-a-evita-anumite-energii-in-anul-2024-la-noi-in-casa-birou\/\" target=\"_self\" rel=\"noopener\" data-brz-link-type=\"external\" data-brz-custom-id=\"olukxsnehbckieirrhnvgfeycjclyjypogie\"><span data-brz-translate-text=\"1\" class=\"brz-span brz-text__editor\">Continue reading<\/span><\/a><\/div>\n<\/div>\n<\/div>\n<div id=\"\" class=\"brz-css-14v3b65 brz-wrapper\">\n<div class=\"brz-line brz-line-default brz-css-ty4fdv brz-css-11zt0xv\" data-brz-custom-id=\"aimcywjvmrjvgralfkiolkrtgpooumvchovk\">\n<hr class=\"brz-hr\"><\/div>\n<\/div>\n<\/div>\n<\/div>\n<\/div>\n<div class=\"brz-posts__item\">\n<div class=\"brz-columns brz-css-5wijug brz-css-xouk73\" data-brz-custom-id=\"weslukstfhazepmabnnborphcbgsmqkdgemv\">\n<div class=\"brz-bg\"><\/div>\n<div class=\"brz-column__items brz-css-1a9n9kw\">\n<div id=\"\" class=\"brz-css-14v3b65 brz-wrapper\">\n<div class=\"brz-image brz-css-197pflo brz-css-1wjazt4\" data-brz-custom-id=\"aqqrlwoifxjpqvaqgieeranidogdspovddmw\"><img decoding=\"async\" class=\"brz-img\" src=\"https:\/\/nicoletaghiris.ro\/wp-content\/uploads\/brizy\/imgs\/26eaf82444a8bb698f8f85b67017f4dc-394x263x22x0x350x263x1682000169.jpg\" alt=\"\" loading=\"lazy\"><\/div>\n<\/div>\n<div id=\"\" class=\"brz-css-14v3b65 brz-wrapper\">\n<div class=\"brz-wp-title brz-css-38wsvb brz-css-cito68\" data-brz-custom-id=\"kvcitznqfbiupxqjsoffejlcawchywxvxcqj\"><span class=\"brz-wp-title-content\" style=\"min-height:20px\">New energy period 9, for 2024-2044<\/span><\/div>\n<\/div>\n<div class=\"brz-wrapper-clone brz-css-1fdbxkm\">\n<div class=\"brz-d-xs-flex brz-flex-xs-wrap brz-css-oz8viw brz-css-12l03z9\" data-brz-custom-id=\"\">\n<div class=\"brz-wrapper-clone__item\" id=\"olukxsnehbckieirrhnvgfeycjclyjypogie\"><a class=\"brz-a brz-btn brz-css-2uqrrw brz-css-tf576j brz-css-1hjed2s brz-css-8jfpnq brz-css-jljiqk\" href=\"https:\/\/nicoletaghiris.ro\/en\/2023\/11\/29\/perioada-noua-energetica-9-perioada-2024-2044\/\" target=\"_self\" rel=\"noopener\" data-brz-link-type=\"external\" data-brz-custom-id=\"olukxsnehbckieirrhnvgfeycjclyjypogie\"><span data-brz-translate-text=\"1\" class=\"brz-span brz-text__editor\">Continue reading<\/span><\/a><\/div>\n<\/div>\n<\/div>\n<div id=\"\" class=\"brz-css-14v3b65 brz-wrapper\">\n<div class=\"brz-line brz-line-default brz-css-ty4fdv brz-css-11zt0xv\" data-brz-custom-id=\"aimcywjvmrjvgralfkiolkrtgpooumvchovk\">\n<hr class=\"brz-hr\"><\/div>\n<\/div>\n<\/div>\n<\/div>\n<\/div>\n<div class=\"brz-posts__item\">\n<div class=\"brz-columns brz-css-5wijug brz-css-xouk73\" data-brz-custom-id=\"weslukstfhazepmabnnborphcbgsmqkdgemv\">\n<div class=\"brz-bg\"><\/div>\n<div class=\"brz-column__items brz-css-1a9n9kw\">\n<div id=\"\" class=\"brz-css-14v3b65 brz-wrapper\">\n<div class=\"brz-image brz-css-197pflo brz-css-1wjazt4\" data-brz-custom-id=\"aqqrlwoifxjpqvaqgieeranidogdspovddmw\"><img decoding=\"async\" class=\"brz-img\" src=\"https:\/\/nicoletaghiris.ro\/wp-content\/uploads\/brizy\/imgs\/15-350x350x0x43x350x263x1624033257.png\" alt=\"\" loading=\"lazy\"><\/div>\n<\/div>\n<div id=\"\" class=\"brz-css-14v3b65 brz-wrapper\">\n<div class=\"brz-wp-title brz-css-38wsvb brz-css-cito68\" data-brz-custom-id=\"kvcitznqfbiupxqjsoffejlcawchywxvxcqj\"><span class=\"brz-wp-title-content\" style=\"min-height:20px\">Guide to Enhancing or Avoiding Certain Energies in the Home\/Office in 2023<\/span><\/div>\n<\/div>\n<div class=\"brz-wrapper-clone brz-css-1fdbxkm\">\n<div class=\"brz-d-xs-flex brz-flex-xs-wrap brz-css-oz8viw brz-css-12l03z9\" data-brz-custom-id=\"\">\n<div class=\"brz-wrapper-clone__item\" id=\"olukxsnehbckieirrhnvgfeycjclyjypogie\"><a class=\"brz-a brz-btn brz-css-2uqrrw brz-css-tf576j brz-css-1hjed2s brz-css-8jfpnq brz-css-jljiqk\" href=\"https:\/\/nicoletaghiris.ro\/en\/2022\/12\/03\/ghid-pentru-a-potenta-sau-a-evita-anumite-energii-in-anul-2023-la-noi-in-casa-birou\/\" target=\"_self\" rel=\"noopener\" data-brz-link-type=\"external\" data-brz-custom-id=\"olukxsnehbckieirrhnvgfeycjclyjypogie\"><span data-brz-translate-text=\"1\" class=\"brz-span brz-text__editor\">Continue reading<\/span><\/a><\/div>\n<\/div>\n<\/div>\n<div id=\"\" class=\"brz-css-14v3b65 brz-wrapper\">\n<div class=\"brz-line brz-line-default brz-css-ty4fdv brz-css-11zt0xv\" data-brz-custom-id=\"aimcywjvmrjvgralfkiolkrtgpooumvchovk\">\n<hr class=\"brz-hr\"><\/div>\n<\/div>\n<\/div>\n<\/div>\n<\/div>\n<div class=\"brz-posts__item\">\n<div class=\"brz-columns brz-css-5wijug brz-css-xouk73\" data-brz-custom-id=\"weslukstfhazepmabnnborphcbgsmqkdgemv\">\n<div class=\"brz-bg\"><\/div>\n<div class=\"brz-column__items brz-css-1a9n9kw\">\n<div id=\"\" class=\"brz-css-14v3b65 brz-wrapper\">\n<div class=\"brz-image brz-css-197pflo brz-css-1wjazt4\" data-brz-custom-id=\"aqqrlwoifxjpqvaqgieeranidogdspovddmw\"><img decoding=\"async\" class=\"brz-img\" src=\"https:\/\/nicoletaghiris.ro\/wp-content\/uploads\/brizy\/imgs\/Water-Rabbit-451x263x50x0x350x263x1669390712.jpg\" alt=\"\" loading=\"lazy\"><\/div>\n<\/div>\n<div id=\"\" class=\"brz-css-14v3b65 brz-wrapper\">\n<div class=\"brz-wp-title brz-css-38wsvb brz-css-cito68\" data-brz-custom-id=\"kvcitznqfbiupxqjsoffejlcawchywxvxcqj\"><span class=\"brz-wp-title-content\" style=\"min-height:20px\">Anul chinezesc 2023 \u2013 anul Iepurelui de Apa<\/span><\/div>\n<\/div>\n<div class=\"brz-wrapper-clone brz-css-1fdbxkm\">\n<div class=\"brz-d-xs-flex brz-flex-xs-wrap brz-css-oz8viw brz-css-12l03z9\" data-brz-custom-id=\"\">\n<div class=\"brz-wrapper-clone__item\" id=\"olukxsnehbckieirrhnvgfeycjclyjypogie\"><a class=\"brz-a brz-btn brz-css-2uqrrw brz-css-tf576j brz-css-1hjed2s brz-css-8jfpnq brz-css-jljiqk\" href=\"https:\/\/nicoletaghiris.ro\/en\/2022\/11\/25\/anul-chinezesc-2023-anul-iepurelui-de-apa\/\" target=\"_self\" rel=\"noopener\" data-brz-link-type=\"external\" data-brz-custom-id=\"olukxsnehbckieirrhnvgfeycjclyjypogie\"><span data-brz-translate-text=\"1\" class=\"brz-span brz-text__editor\">Continue reading<\/span><\/a><\/div>\n<\/div>\n<\/div>\n<div id=\"\" class=\"brz-css-14v3b65 brz-wrapper\">\n<div class=\"brz-line brz-line-default brz-css-ty4fdv brz-css-11zt0xv\" data-brz-custom-id=\"aimcywjvmrjvgralfkiolkrtgpooumvchovk\">\n<hr class=\"brz-hr\"><\/div>\n<\/div>\n<\/div>\n<\/div>\n<\/div>\n<div class=\"brz-posts__item\">\n<div class=\"brz-columns brz-css-5wijug brz-css-xouk73\" data-brz-custom-id=\"weslukstfhazepmabnnborphcbgsmqkdgemv\">\n<div class=\"brz-bg\"><\/div>\n<div class=\"brz-column__items brz-css-1a9n9kw\">\n<div id=\"\" class=\"brz-css-14v3b65 brz-wrapper\">\n<div class=\"brz-image brz-css-197pflo brz-css-1wjazt4\" data-brz-custom-id=\"aqqrlwoifxjpqvaqgieeranidogdspovddmw\"><img decoding=\"async\" class=\"brz-img\" src=\"https:\/\/nicoletaghiris.ro\/wp-content\/uploads\/brizy\/imgs\/gethumbnew-499x263x149x0x350x263x1633607916.jpeg\" alt=\"\" loading=\"lazy\"><\/div>\n<\/div>\n<div id=\"\" class=\"brz-css-14v3b65 brz-wrapper\">\n<div class=\"brz-wp-title brz-css-38wsvb brz-css-cito68\" data-brz-custom-id=\"kvcitznqfbiupxqjsoffejlcawchywxvxcqj\"><span class=\"brz-wp-title-content\" style=\"min-height:20px\">Perioada 1 Septembrie- 26 Septembrie 2022\u00a0\u00a0energie de dragoste si invatatura<\/span><\/div>\n<\/div>\n<div class=\"brz-wrapper-clone brz-css-1fdbxkm\">\n<div class=\"brz-d-xs-flex brz-flex-xs-wrap brz-css-oz8viw brz-css-12l03z9\" data-brz-custom-id=\"\">\n<div class=\"brz-wrapper-clone__item\" id=\"olukxsnehbckieirrhnvgfeycjclyjypogie\"><a class=\"brz-a brz-btn brz-css-2uqrrw brz-css-tf576j brz-css-1hjed2s brz-css-8jfpnq brz-css-jljiqk\" href=\"https:\/\/nicoletaghiris.ro\/en\/2022\/08\/30\/perioada-1-septembrie-26-septembrie-2022-energie-de-dragoste-si-invatatura\/\" target=\"_self\" rel=\"noopener\" data-brz-link-type=\"external\" data-brz-custom-id=\"olukxsnehbckieirrhnvgfeycjclyjypogie\"><span data-brz-translate-text=\"1\" class=\"brz-span brz-text__editor\">Continue reading<\/span><\/a><\/div>\n<\/div>\n<\/div>\n<div id=\"\" class=\"brz-css-14v3b65 brz-wrapper\">\n<div class=\"brz-line brz-line-default brz-css-ty4fdv brz-css-11zt0xv\" data-brz-custom-id=\"aimcywjvmrjvgralfkiolkrtgpooumvchovk\">\n<hr class=\"brz-hr\"><\/div>\n<\/div>\n<\/div>\n<\/div>\n<\/div>\n<div class=\"brz-posts__item\">\n<div class=\"brz-columns brz-css-5wijug brz-css-xouk73\" data-brz-custom-id=\"weslukstfhazepmabnnborphcbgsmqkdgemv\">\n<div class=\"brz-bg\"><\/div>\n<div class=\"brz-column__items brz-css-1a9n9kw\">\n<div id=\"\" class=\"brz-css-14v3b65 brz-wrapper\">\n<div class=\"brz-image brz-css-197pflo brz-css-1wjazt4\" data-brz-custom-id=\"aqqrlwoifxjpqvaqgieeranidogdspovddmw\"><img decoding=\"async\" class=\"brz-img\" src=\"https:\/\/nicoletaghiris.ro\/wp-content\/uploads\/brizy\/imgs\/1024px-Endlessknot.svg_-350x274x0x5x350x263x1625850689.png\" alt=\"\" loading=\"lazy\"><\/div>\n<\/div>\n<div id=\"\" class=\"brz-css-14v3b65 brz-wrapper\">\n<div class=\"brz-wp-title brz-css-38wsvb brz-css-cito68\" data-brz-custom-id=\"kvcitznqfbiupxqjsoffejlcawchywxvxcqj\"><span class=\"brz-wp-title-content\" style=\"min-height:20px\">Perioada 1 August- 27 August 2022\u00a0trebuie s\u0103 ne ferim de o\u00a0energie cauzatoare de probleme<\/span><\/div>\n<\/div>\n<div class=\"brz-wrapper-clone brz-css-1fdbxkm\">\n<div class=\"brz-d-xs-flex brz-flex-xs-wrap brz-css-oz8viw brz-css-12l03z9\" data-brz-custom-id=\"\">\n<div class=\"brz-wrapper-clone__item\" id=\"olukxsnehbckieirrhnvgfeycjclyjypogie\"><a class=\"brz-a brz-btn brz-css-2uqrrw brz-css-tf576j brz-css-1hjed2s brz-css-8jfpnq brz-css-jljiqk\" href=\"https:\/\/nicoletaghiris.ro\/en\/2022\/07\/25\/perioada-1-august-27-august-2022-trebuie-sa-ne-ferim-de-o-energie-cauzatoare-de-probleme\/\" target=\"_self\" rel=\"noopener\" data-brz-link-type=\"external\" data-brz-custom-id=\"olukxsnehbckieirrhnvgfeycjclyjypogie\"><span data-brz-translate-text=\"1\" class=\"brz-span brz-text__editor\">Continue reading<\/span><\/a><\/div>\n<\/div>\n<\/div>\n<div id=\"\" class=\"brz-css-14v3b65 brz-wrapper\">\n<div class=\"brz-line brz-line-default brz-css-ty4fdv brz-css-11zt0xv\" data-brz-custom-id=\"aimcywjvmrjvgralfkiolkrtgpooumvchovk\">\n<hr class=\"brz-hr\"><\/div>\n<\/div>\n<\/div>\n<\/div>\n<\/div>\n<\/div>\n<div class=\"brz-posts__pagination\">\n<ul class='page-numbers'>\n<li><span aria-label=\"Pagin\u0103 1\" aria-current=\"page\" class=\"page-numbers current\">1<\/span><\/li>\n<li><a aria-label=\"Pagin\u0103 2\" class=\"page-numbers\" href=\"https:\/\/nicoletaghiris.ro\/wp-admin\/admin-ajax.php\/bpage\/2\/?action=brizy_update_item&#038;version=307-wp&#038;hash=8790c77c7e\">2<\/a><\/li>\n<li><a aria-label=\"Pagin\u0103 3\" class=\"page-numbers\" href=\"https:\/\/nicoletaghiris.ro\/wp-admin\/admin-ajax.php\/bpage\/3\/?action=brizy_update_item&#038;version=307-wp&#038;hash=8790c77c7e\">3<\/a><\/li>\n<li><span class=\"page-numbers dots\">&hellip;<\/span><\/li>\n<li><a aria-label=\"Pagin\u0103 5\" class=\"page-numbers\" href=\"https:\/\/nicoletaghiris.ro\/wp-admin\/admin-ajax.php\/bpage\/5\/?action=brizy_update_item&#038;version=307-wp&#038;hash=8790c77c7e\">5<\/a><\/li>\n<\/ul>\n<\/div>\n<\/div>\n<\/div>\n<\/div>\n<\/div>\n<\/section>\n<section id=\"ffb22cc4ecd901b826ad_ydkyjplailwvcvudtgkusjfxjkxunvwnyvrj\" class=\"brz-section brz-css-fc1q0b\">\n<div class=\"brz-section__content brz-section--fullWidth brz-css-mryucf brz-css-ny1op0\" data-brz-custom-id=\"ubechrngmglfpgiootmzxxkzpyntpnoxmdqo\">\n<div class=\"brz-bg\">\n<div class=\"brz-bg-color\"><\/div>\n<\/div>\n<div class=\"brz-container brz-css-fptq44 brz-css-49zyr0\">\n<div class=\"brz-row__container brz-css-ek8xrh\" data-brz-custom-id=\"xhchpnosgdmbgdcctbpapcnoyiyonucwktkv\">\n<div class=\"brz-bg\"><\/div>\n<div class=\"brz-row brz-css-3r7e08 brz-css-1gdrzol\">\n<div class=\"brz-columns brz-css-5wijug brz-css-mm758u\" data-brz-custom-id=\"aimprjjdcelxfundxanmicntdqrmnxidhsld\">\n<div class=\"brz-bg\">\n<div class=\"brz-bg-image\"><\/div>\n<\/div>\n<div class=\"brz-column__items brz-css-1a9n9kw\"><\/div>\n<\/div>\n<div class=\"brz-columns brz-css-5wijug brz-css-1mmqg17\" data-brz-custom-id=\"hqvkglewyudcfjryrvpyooicjafjnbrbrgvq\">\n<div class=\"brz-bg\">\n<div class=\"brz-bg-color\"><\/div>\n<\/div>\n<div class=\"brz-column__items brz-css-1a9n9kw brz-css-e8thq2\">\n<div id=\"\" class=\"brz-css-14v3b65 brz-css-1nzrmys brz-css-1u9zrmy brz-wrapper\">\n<div class=\"brz-spacer brz-css-zqulxj brz-css-7s84q8\"><\/div>\n<\/div>\n<div id=\"\" class=\"brz-css-14v3b65 brz-css-1p18yb2 brz-wrapper\">\n<div class=\"brz-rich-text brz-rich-text__custom brz-css-1gy82hp\" data-brz-custom-id=\"orzkjmivybmruinhftbgaivjgxafuicttegk\">\n<div data-brz-translate-text=\"1\">\n<p class=\"brz-tp-abovetitle brz-text-xs-center brz-css-aJXVk\"><span class=\"brz-cp-color7\">PERSONALIZED ASSESSMENTS<\/span><\/p>\n<\/div>\n<\/div>\n<\/div>\n<div id=\"\" class=\"brz-css-14v3b65 brz-css-1nzrmys brz-css-htubk0 brz-wrapper\">\n<div class=\"brz-spacer brz-css-zqulxj brz-css-5cp0qe\"><\/div>\n<\/div>\n<div id=\"\" class=\"brz-css-14v3b65 brz-wrapper\">\n<div class=\"brz-icon-text brz-css-bl1gns brz-css-1mvjxt5\" data-brz-custom-id=\"rljstucplkppwijpyjsjbqdmiohzzobnogzf\">\n<div class=\"brz-icon__container\" data-brz-custom-id=\"cjfiiwpmisfakstpbfrrhouaacdlqwuvetjs\"><span class=\"brz-icon brz-span brz-css-162e3u5 brz-css-1cc187g\"><\/span><\/div>\n<div class=\"brz-text-btn\">\n<div class=\"brz-rich-text brz-rich-text__custom brz-css-1gy82hp\" data-brz-custom-id=\"ulzaziduakvstxxjiwnnlvwlkxniehotugjo\">\n<div data-brz-translate-text=\"1\">\n<h2 class=\"brz-text-xs-left brz-mt-xs-20 brz-lh-lg-1_3 brz-lh-sm-im-1_2 brz-lh-xs-im-1_2 brz-fs-lg-56 brz-fs-sm-im-50 brz-fs-xs-im-44 brz-ls-lg-m_2 brz-ls-sm-im-m_0_5 brz-ls-xs-im-m_0_5 brz-ff-cormorant_garamond brz-ft-google brz-fw-lg-700 brz-fw-sm-im-700 brz-fw-xs-im-700 brz-css-kzS5L\"><span class=\"brz-cp-color2\">Schedule a session <\/span><\/h2>\n<\/div>\n<\/div>\n<\/div>\n<\/div>\n<\/div>\n<div id=\"\" class=\"brz-css-14v3b65 brz-css-1nzrmys brz-wrapper\">\n<div class=\"brz-spacer brz-css-zqulxj brz-css-1iuqkjo\"><\/div>\n<\/div>\n<div id=\"\" class=\"brz-css-14v3b65 brz-wrapper\">\n<div class=\"brz-rich-text brz-rich-text__custom brz-css-1gy82hp\" data-brz-custom-id=\"quwavolsxcmsekcpzxekyykbfxnlqugdgrjj\">\n<div data-brz-translate-text=\"1\">\n<p class=\"brz-tp-lg-paragraph brz-css-nTj79\" data-uniq-id=\"rdikE\" data-generated-css=\"brz-css-sA9tl\"><span class=\"brz-cp-color1\">A personalized analysis of astrology or numerology will reveal essential information about yourself, relationships with others, and guide you in making the best choices for your future. <\/span><\/p>\n<\/div>\n<\/div>\n<\/div>\n<div id=\"\" class=\"brz-css-14v3b65 brz-css-1nzrmys brz-css-9n9168 brz-wrapper\">\n<div class=\"brz-spacer brz-css-zqulxj brz-css-1upw2pg\"><\/div>\n<\/div>\n<div class=\"brz-wrapper-clone brz-css-1fdbxkm brz-css-n2mly7\">\n<div class=\"brz-d-xs-flex brz-flex-xs-wrap brz-css-oz8viw brz-css-1jpaqka\" data-brz-custom-id=\"\">\n<div class=\"brz-wrapper-clone__item\" id=\"obfnbofqwnosqkusrdvsdbfksfrwmpzkqnlf\"><a class=\"brz-a brz-btn brz-css-2uqrrw brz-css-146yfqi brz-css-1hjed2s brz-css-17u1r2l\" href=\"\/en\/programeaza-o-sesiune\/\" target=\"_self\" rel=\"noopener\" data-brz-link-type=\"external\" data-brz-custom-id=\"obfnbofqwnosqkusrdvsdbfksfrwmpzkqnlf\"><span data-brz-translate-text=\"1\" class=\"brz-span brz-text__editor\">FIND OUT MORE<\/span><\/a><\/div>\n<\/div>\n<\/div>\n<div id=\"\" class=\"brz-css-14v3b65 brz-css-1nzrmys brz-css-vzi4db brz-wrapper\">\n<div class=\"brz-spacer brz-css-zqulxj brz-css-19slyvp\"><\/div>\n<\/div>\n<\/div>\n<\/div>\n<\/div>\n<\/div>\n<\/div>\n<\/div>\n<\/section>\n<\/div>\n<p>    <!-- version:1740832406 --><\/p>","protected":false},"excerpt":{"rendered":"<p>Metafizica Chineza Cele mai recente articole Anul 2025- anul \u0218arpelui de lemn CITESTE MAI DEPARTE \u00a0Ghid pentru a poten\u021ba sau a evita anumite energii \u00een anul 2025 la noi \u00een cas\u0103\/birou CITESTE MAI DEPARTE Anul chinezesc 2024 \u2013 anul Dragonului de Lemn CITESTE MAI DEPARTE Ghid pentru a poten\u021ba sau a evita anumite energii \u00een [&hellip;]<\/p>","protected":false},"author":1,"featured_media":0,"parent":0,"menu_order":0,"comment_status":"closed","ping_status":"closed","template":"brizy-blank-template.php","meta":{"_monsterinsights_skip_tracking":false,"_monsterinsights_sitenote_active":false,"_monsterinsights_sitenote_note":"","_monsterinsights_sitenote_category":0,"footnotes":""},"class_list":["post-6868","page","type-page","status-publish","hentry","wpbf-post"],"brizy_media":[{"id":175,"url":"https:\/\/nicoletaghiris.ro\/wp-content\/uploads\/2021\/03\/metafizica-chineza-1-scaled.jpeg","name":"metafizica-chineza-1.jpeg","meta":{"brizy_attachment_uid":"wp-c491d3be9c4ed02c5c4e5b120d198ff2.jpeg","brizy_post_uid":["054eb9a87a224df228246e673a6e6c9f","75220f2fa0ea81877fa33ded03100e82","301287f03e4f26c7640c66b1330393c8","f6c647b5906eeade792b5f17ee18a92a","b6da9731712944d31033ec0f00e1d98a"]}},{"id":189,"url":"https:\/\/nicoletaghiris.ro\/wp-content\/uploads\/2021\/03\/image-1.jpeg","name":"image-1.jpeg","meta":{"brizy_attachment_uid":"wp-585d2687b21cab59a9d9eb92f83f1509.jpeg","brizy_post_uid":["054eb9a87a224df228246e673a6e6c9f","9bbbd8754db58cceab0e34d04a16b88a","75220f2fa0ea81877fa33ded03100e82","b6da9731712944d31033ec0f00e1d98a"]}}],"post_mailing_queue_ids":[],"_links":{"self":[{"href":"https:\/\/nicoletaghiris.ro\/en\/wp-json\/wp\/v2\/pages\/6868","targetHints":{"allow":["GET"]}}],"collection":[{"href":"https:\/\/nicoletaghiris.ro\/en\/wp-json\/wp\/v2\/pages"}],"about":[{"href":"https:\/\/nicoletaghiris.ro\/en\/wp-json\/wp\/v2\/types\/page"}],"author":[{"embeddable":true,"href":"https:\/\/nicoletaghiris.ro\/en\/wp-json\/wp\/v2\/users\/1"}],"replies":[{"embeddable":true,"href":"https:\/\/nicoletaghiris.ro\/en\/wp-json\/wp\/v2\/comments?post=6868"}],"version-history":[{"count":7,"href":"https:\/\/nicoletaghiris.ro\/en\/wp-json\/wp\/v2\/pages\/6868\/revisions"}],"predecessor-version":[{"id":12968,"href":"https:\/\/nicoletaghiris.ro\/en\/wp-json\/wp\/v2\/pages\/6868\/revisions\/12968"}],"wp:attachment":[{"href":"https:\/\/nicoletaghiris.ro\/en\/wp-json\/wp\/v2\/media?parent=6868"}],"curies":[{"name":"wp","href":"https:\/\/api.w.org\/{rel}","templated":true}]}}