{"id":10097,"date":"2023-05-12T09:15:32","date_gmt":"2023-05-12T09:15:32","guid":{"rendered":"https:\/\/nicoletaghiris.ro\/?post_type=product&#038;p=10097"},"modified":"2025-04-04T06:00:09","modified_gmt":"2025-04-04T06:00:09","slug":"astrologia-anuala-si-studiu-energetic-al-noului-an-aniversar","status":"publish","type":"product","link":"https:\/\/nicoletaghiris.ro\/en\/product\/astrologia-anuala-si-studiu-energetic-al-noului-an-aniversar\/","title":{"rendered":"Astrologia Anual\u0103 \u0219i Studiu Energetic al Noului An Aniversar"},"content":{"rendered":"<p>Analiz\u0103m predispozi\u021biile personale \u00eentr-o anumit\u0103 perioad\u0103 de timp \u0219i ce evenimente pot avea loc.\u00a0Dac\u0103 sunte\u021bi \u00een c\u0103utarea unui r\u0103spuns despre c\u00e2nd este mai potrivit s\u0103 face\u021bi o interven\u021bie chiurgical\u0103 sau c\u00e2nd este de bun augur s\u0103 depune\u021bi actele pentru o nou\u0103 activitate important\u0103, sau c\u00e2nd este momentul oportun pentru a lansa un nou proiect,\u00a0\u00a0harta voastr\u0103 v\u0103 poate ghida.<\/p>","protected":false},"excerpt":{"rendered":"<p>Analiz\u0103m predispozi\u021biile personale \u00eentr-o anumit\u0103 perioad\u0103 de timp \u0219i ce evenimente pot avea loc.\u00a0Dac\u0103 sunte\u021bi \u00een c\u0103utarea unui r\u0103spuns despre c\u00e2nd este mai potrivit s\u0103 face\u021bi o interven\u021bie chiurgical\u0103 sau c\u00e2nd este de bun augur s\u0103 depune\u021bi actele pentru o nou\u0103 activitate important\u0103, sau c\u00e2nd este momentul oportun pentru a lansa un nou proiect,\u00a0\u00a0harta voastr\u0103 [&hellip;]<\/p>","protected":false},"featured_media":675,"comment_status":"open","ping_status":"closed","template":"","meta":{"_monsterinsights_skip_tracking":false,"_monsterinsights_sitenote_active":false,"_monsterinsights_sitenote_note":"","_monsterinsights_sitenote_category":0},"product_brand":[],"product_cat":[96],"product_tag":[],"class_list":{"0":"post-10097","1":"product","2":"type-product","3":"status-publish","4":"has-post-thumbnail","6":"product_cat-astrograme","7":"wpbf-post","10":"instock","11":"virtual","12":"taxable","13":"purchasable","14":"product-type-simple"},"brizy_media":[],"post_mailing_queue_ids":[],"_links":{"self":[{"href":"https:\/\/nicoletaghiris.ro\/en\/wp-json\/wp\/v2\/product\/10097","targetHints":{"allow":["GET"]}}],"collection":[{"href":"https:\/\/nicoletaghiris.ro\/en\/wp-json\/wp\/v2\/product"}],"about":[{"href":"https:\/\/nicoletaghiris.ro\/en\/wp-json\/wp\/v2\/types\/product"}],"replies":[{"embeddable":true,"href":"https:\/\/nicoletaghiris.ro\/en\/wp-json\/wp\/v2\/comments?post=10097"}],"wp:featuredmedia":[{"embeddable":true,"href":"https:\/\/nicoletaghiris.ro\/en\/wp-json\/wp\/v2\/media\/675"}],"wp:attachment":[{"href":"https:\/\/nicoletaghiris.ro\/en\/wp-json\/wp\/v2\/media?parent=10097"}],"wp:term":[{"taxonomy":"product_brand","embeddable":true,"href":"https:\/\/nicoletaghiris.ro\/en\/wp-json\/wp\/v2\/product_brand?post=10097"},{"taxonomy":"product_cat","embeddable":true,"href":"https:\/\/nicoletaghiris.ro\/en\/wp-json\/wp\/v2\/product_cat?post=10097"},{"taxonomy":"product_tag","embeddable":true,"href":"https:\/\/nicoletaghiris.ro\/en\/wp-json\/wp\/v2\/product_tag?post=10097"}],"curies":[{"name":"wp","href":"https:\/\/api.w.org\/{rel}","templated":true}]}}