{"id":10098,"date":"2023-05-12T09:16:24","date_gmt":"2023-05-12T09:16:24","guid":{"rendered":"https:\/\/nicoletaghiris.ro\/?post_type=product&#038;p=10098"},"modified":"2025-04-04T05:47:19","modified_gmt":"2025-04-04T05:47:19","slug":"astrologia-relationala","status":"publish","type":"product","link":"https:\/\/nicoletaghiris.ro\/en\/product\/astrologia-relationala\/","title":{"rendered":"Relationship astrology"},"content":{"rendered":"<p>In relational charts, we identify compatibility, as well as the trajectory of the relationship you have or want to have with a certain person. It includes a brief analysis of the person in question, as well as the dynamics created by the two partners.<\/p>\n<p>Se stabilesc punctele forte, dar \u0219i cele ce necesit\u0103 mai mult\u0103 \u201dmunc\u0103\u201d \u0219i sunt furnizate sfaturi pentru o mai bun\u0103 rela\u021bionare. Nu lipsesc elementele de astrologie karmic\u0103, detaliile acestea transmi\u021b\u00e2nd care este misiunea unuia \u00een raport cu cel\u0103lalt.<\/p>\n<p>In this analysis, we will use multiple Western astrological details and Chinese metaphysical aspects.<\/p>","protected":false},"excerpt":{"rendered":"<p>\u00cen h\u0103r\u021bile rela\u021bionale, identific\u0103m compatibilitatea, dar \u0219i parcursul rela\u021biei pe care o ave\u021bi sau dori\u021bi s\u0103 o ave\u021bi cu o anumit\u0103 persoan\u0103. Include o scurt\u0103 analiz\u0103 a persoanei vizate, precum \u0219i raportul creat de cei doi pateneri. Se stabilesc punctele forte, dar \u0219i cele ce necesit\u0103 mai mult\u0103 \u201dmunc\u0103\u201d \u0219i sunt furnizate sfaturi pentru o [&hellip;]<\/p>","protected":false},"featured_media":189,"comment_status":"open","ping_status":"closed","template":"","meta":{"_monsterinsights_skip_tracking":false,"_monsterinsights_sitenote_active":false,"_monsterinsights_sitenote_note":"","_monsterinsights_sitenote_category":0},"product_brand":[],"product_cat":[96],"product_tag":[],"class_list":{"0":"post-10098","1":"product","2":"type-product","3":"status-publish","4":"has-post-thumbnail","6":"product_cat-astrograme","7":"wpbf-post","10":"instock","11":"virtual","12":"taxable","13":"purchasable","14":"product-type-simple"},"brizy_media":[],"post_mailing_queue_ids":[],"_links":{"self":[{"href":"https:\/\/nicoletaghiris.ro\/en\/wp-json\/wp\/v2\/product\/10098","targetHints":{"allow":["GET"]}}],"collection":[{"href":"https:\/\/nicoletaghiris.ro\/en\/wp-json\/wp\/v2\/product"}],"about":[{"href":"https:\/\/nicoletaghiris.ro\/en\/wp-json\/wp\/v2\/types\/product"}],"replies":[{"embeddable":true,"href":"https:\/\/nicoletaghiris.ro\/en\/wp-json\/wp\/v2\/comments?post=10098"}],"wp:featuredmedia":[{"embeddable":true,"href":"https:\/\/nicoletaghiris.ro\/en\/wp-json\/wp\/v2\/media\/189"}],"wp:attachment":[{"href":"https:\/\/nicoletaghiris.ro\/en\/wp-json\/wp\/v2\/media?parent=10098"}],"wp:term":[{"taxonomy":"product_brand","embeddable":true,"href":"https:\/\/nicoletaghiris.ro\/en\/wp-json\/wp\/v2\/product_brand?post=10098"},{"taxonomy":"product_cat","embeddable":true,"href":"https:\/\/nicoletaghiris.ro\/en\/wp-json\/wp\/v2\/product_cat?post=10098"},{"taxonomy":"product_tag","embeddable":true,"href":"https:\/\/nicoletaghiris.ro\/en\/wp-json\/wp\/v2\/product_tag?post=10098"}],"curies":[{"name":"wp","href":"https:\/\/api.w.org\/{rel}","templated":true}]}}