{"id":10102,"date":"2023-05-12T09:19:33","date_gmt":"2023-05-12T09:19:33","guid":{"rendered":"https:\/\/nicoletaghiris.ro\/?post_type=product&#038;p=10102"},"modified":"2025-04-04T05:49:53","modified_gmt":"2025-04-04T05:49:53","slug":"astrograma-copilului","status":"publish","type":"product","link":"https:\/\/nicoletaghiris.ro\/en\/product\/astrograma-copilului\/","title":{"rendered":"Child astrogram"},"content":{"rendered":"<p>Copilul este cel mai de pre\u021b pe aceast\u0103 lume pentru p\u0103rin\u021bii lui, iar buna cunoa\u0219tere a acestuia, pentru o ghidare corect\u0103, este parte din misiunea p\u0103rin\u021bilor. Cuprinde analiza h\u0103r\u021bii natale \u00een astrologia vestic\u0103 \u0219i estic\u0103, dar \u0219i pedispozi\u021biile \u00een via\u021b\u0103 \u0219i umbrelele energetice care definesc ac\u021biunile specifice, \u00eenclina\u021biile c\u0103tre o carier\u0103 sau alta, predispozi\u021bii artistice sau de business, rela\u021bion\u0103rile, capacitatea de a \u00eenv\u0103\u021ba.<\/p>","protected":false},"excerpt":{"rendered":"<p>Copilul este cel mai de pre\u021b pe aceast\u0103 lume pentru p\u0103rin\u021bii lui, iar buna cunoa\u0219tere a acestuia, pentru o ghidare corect\u0103, este parte din misiunea p\u0103rin\u021bilor. Cuprinde analiza h\u0103r\u021bii natale \u00een astrologia vestic\u0103 \u0219i estic\u0103, dar \u0219i pedispozi\u021biile \u00een via\u021b\u0103 \u0219i umbrelele energetice care definesc ac\u021biunile specifice, \u00eenclina\u021biile c\u0103tre o carier\u0103 sau alta, predispozi\u021bii artistice [&hellip;]<\/p>","protected":false},"featured_media":404,"comment_status":"open","ping_status":"closed","template":"","meta":{"_monsterinsights_skip_tracking":false,"_monsterinsights_sitenote_active":false,"_monsterinsights_sitenote_note":"","_monsterinsights_sitenote_category":0},"product_brand":[],"product_cat":[96],"product_tag":[],"class_list":{"0":"post-10102","1":"product","2":"type-product","3":"status-publish","4":"has-post-thumbnail","6":"product_cat-astrograme","7":"wpbf-post","10":"instock","11":"virtual","12":"taxable","13":"purchasable","14":"product-type-simple"},"brizy_media":[],"post_mailing_queue_ids":[],"_links":{"self":[{"href":"https:\/\/nicoletaghiris.ro\/en\/wp-json\/wp\/v2\/product\/10102","targetHints":{"allow":["GET"]}}],"collection":[{"href":"https:\/\/nicoletaghiris.ro\/en\/wp-json\/wp\/v2\/product"}],"about":[{"href":"https:\/\/nicoletaghiris.ro\/en\/wp-json\/wp\/v2\/types\/product"}],"replies":[{"embeddable":true,"href":"https:\/\/nicoletaghiris.ro\/en\/wp-json\/wp\/v2\/comments?post=10102"}],"wp:featuredmedia":[{"embeddable":true,"href":"https:\/\/nicoletaghiris.ro\/en\/wp-json\/wp\/v2\/media\/404"}],"wp:attachment":[{"href":"https:\/\/nicoletaghiris.ro\/en\/wp-json\/wp\/v2\/media?parent=10102"}],"wp:term":[{"taxonomy":"product_brand","embeddable":true,"href":"https:\/\/nicoletaghiris.ro\/en\/wp-json\/wp\/v2\/product_brand?post=10102"},{"taxonomy":"product_cat","embeddable":true,"href":"https:\/\/nicoletaghiris.ro\/en\/wp-json\/wp\/v2\/product_cat?post=10102"},{"taxonomy":"product_tag","embeddable":true,"href":"https:\/\/nicoletaghiris.ro\/en\/wp-json\/wp\/v2\/product_tag?post=10102"}],"curies":[{"name":"wp","href":"https:\/\/api.w.org\/{rel}","templated":true}]}}