{"id":10103,"date":"2023-05-12T09:20:10","date_gmt":"2023-05-12T09:20:10","guid":{"rendered":"https:\/\/nicoletaghiris.ro\/?post_type=product&#038;p=10103"},"modified":"2025-04-04T05:50:11","modified_gmt":"2025-04-04T05:50:11","slug":"astrograma-stabilirii-datei-de-nastere-benefice","status":"publish","type":"product","link":"https:\/\/nicoletaghiris.ro\/en\/product\/astrograma-stabilirii-datei-de-nastere-benefice\/","title":{"rendered":"The astrogram for determining a beneficial date of birth"},"content":{"rendered":"<p>Every mother is interested in giving birth to a healthy child with whom there is understanding and communication. Choosing the date of birth is not our intervention in the divine plan, but rather a guidance towards the most suitable life for that child. This is possible because it is permitted in the universe, just like assisting in a laboratory conception.<\/p>","protected":false},"excerpt":{"rendered":"<p>Orice mam\u0103 este interesat\u0103 de a da na\u0219tere unui copil s\u0103n\u0103tos, cu care s\u0103 existe \u00een\u021belegere \u0219i comunicare. Alegerea datei de na\u0219tere nu este o interven\u021bie a noastr\u0103 asupra planului divin, ci un ajutor \u00een a ghida acel copil c\u0103tre cea mai potrivita via\u021b\u0103 aici. Acest lucru este posibil doar pentru c\u0103 ne este permis [&hellip;]<\/p>","protected":false},"featured_media":412,"comment_status":"open","ping_status":"closed","template":"","meta":{"_monsterinsights_skip_tracking":false,"_monsterinsights_sitenote_active":false,"_monsterinsights_sitenote_note":"","_monsterinsights_sitenote_category":0},"product_brand":[],"product_cat":[96],"product_tag":[],"class_list":{"0":"post-10103","1":"product","2":"type-product","3":"status-publish","4":"has-post-thumbnail","6":"product_cat-astrograme","7":"wpbf-post","10":"instock","11":"virtual","12":"taxable","13":"purchasable","14":"product-type-simple"},"brizy_media":[],"post_mailing_queue_ids":[],"_links":{"self":[{"href":"https:\/\/nicoletaghiris.ro\/en\/wp-json\/wp\/v2\/product\/10103","targetHints":{"allow":["GET"]}}],"collection":[{"href":"https:\/\/nicoletaghiris.ro\/en\/wp-json\/wp\/v2\/product"}],"about":[{"href":"https:\/\/nicoletaghiris.ro\/en\/wp-json\/wp\/v2\/types\/product"}],"replies":[{"embeddable":true,"href":"https:\/\/nicoletaghiris.ro\/en\/wp-json\/wp\/v2\/comments?post=10103"}],"wp:featuredmedia":[{"embeddable":true,"href":"https:\/\/nicoletaghiris.ro\/en\/wp-json\/wp\/v2\/media\/412"}],"wp:attachment":[{"href":"https:\/\/nicoletaghiris.ro\/en\/wp-json\/wp\/v2\/media?parent=10103"}],"wp:term":[{"taxonomy":"product_brand","embeddable":true,"href":"https:\/\/nicoletaghiris.ro\/en\/wp-json\/wp\/v2\/product_brand?post=10103"},{"taxonomy":"product_cat","embeddable":true,"href":"https:\/\/nicoletaghiris.ro\/en\/wp-json\/wp\/v2\/product_cat?post=10103"},{"taxonomy":"product_tag","embeddable":true,"href":"https:\/\/nicoletaghiris.ro\/en\/wp-json\/wp\/v2\/product_tag?post=10103"}],"curies":[{"name":"wp","href":"https:\/\/api.w.org\/{rel}","templated":true}]}}