{"id":13018,"date":"2025-03-20T11:59:17","date_gmt":"2025-03-20T11:59:17","guid":{"rendered":"https:\/\/nicoletaghiris.ro\/?post_type=product&#038;p=13018"},"modified":"2025-04-04T09:06:33","modified_gmt":"2025-04-04T09:06:33","slug":"participare-the-art-of-femininity-un-eveniment-dedicat-feminitatii-autentice","status":"publish","type":"product","link":"https:\/\/nicoletaghiris.ro\/en\/product\/participare-the-art-of-femininity-un-eveniment-dedicat-feminitatii-autentice\/","title":{"rendered":"Participare The Art of Femininity &#8211; Un eveniment dedicat feminitatii autentice"},"content":{"rendered":"<p><strong>PROMO: Cump\u0103r\u0103 participarea pentru dou\u0103 persoane \u0219i beneficiezi de o reducere special\u0103!<\/strong><\/p>\n<p>Pe 12 aprilie, \u00eentre orele 12:00 &#8211; 18:00, te invit\u0103m la <strong>The Art of Femininity<\/strong>, un eveniment special organizat \u00een colaborare de &#8222;Vibra\u021bii de Iubire si Love2Connect&#8221; , desf\u0103\u0219urat \u00een spa\u021biul elegant Unda.Open Possibilities,Sos Straulesti 4,Bucuresti<\/p>\n<p>O zi dedicat\u0103 rafinamentului, reconect\u0103rii cu esen\u021ba feminin\u0103 \u0219i artei de a tr\u0103i \u00een armonie cu sine. Te vei bucura de un brunch delicios, open bar \u0219i experien\u021be de neuitat al\u0103turi de femei minunate.<\/p>\n<p><strong>Programul evenimentului:<\/strong><\/p>\n<p><strong>12:00 \u2013 \u00cent\u00e2mpinarea invita\u021bilor &amp; Photocorner<\/strong><br \/>\nTe a\u0219tept\u0103m cu bra\u021bele deschise pentru a \u00eencepe aceast\u0103 experien\u021b\u0103 \u00eentr-un cadru relaxant, unde te po\u021bi bucura de un moment de networking \u0219i de capturarea unor amintiri frumoase.<\/p>\n<p><strong>13:00 \u2013 Workshop \u201eJuicy Woman\u201d cu Andreea Silvia Ioni\u021b\u0103 (SuntUnCopac Growth)<\/strong><br \/>\nUn workshop profund de reconectare cu energia ta feminin\u0103. Vei \u00eenv\u0103\u021ba s\u0103 \u00ee\u021bi onorezi feminitatea, s\u0103 \u00ee\u021bi \u00eembr\u0103\u021bi\u0219ezi autenticitatea \u0219i s\u0103 \u00ee\u021bi accesezi puterea interioar\u0103 prin tehnici de Theta Healing, introspec\u021bii ghidate \u0219i activ\u0103ri esen\u021biale.<\/p>\n<p><strong>14:30 \u2013 Pauz\u0103 de socializare &amp; schimb de experien\u021b\u0103<\/strong><br \/>\nUn moment dedicat conexiunilor autentice, \u00een care vei avea ocazia s\u0103 interac\u021bionezi \u0219i s\u0103 explorezi noi oportunit\u0103\u021bi pe plan personal \u0219i profesional.<\/p>\n<p><strong>15:00 \u2013 Workshop de analiz\u0103 cromatic\u0103 cu Mariana Romanic\u0103<\/strong><br \/>\nConsultant de imagine \u0219i trainer \u00een analiza cromatic\u0103, Mariana \u00ee\u021bi va dezv\u0103lui cum s\u0103 \u00ee\u021bi alegi culorile potrivite pentru tenul t\u0103u, astfel \u00eenc\u00e2t s\u0103 \u00ee\u021bi pui \u00een valoare frumuse\u021bea natural\u0103 \u0219i stilul personal.<\/p>\n<p><strong>16:00 \u2013 Workshop de aranjamente florale cu Ioana Uretu (C\u0103r\u021bi, Dulciuri \u0219i Flori)<\/strong><br \/>\nUn moment creativ \u0219i relaxant \u00een care 10 participante vor avea ocazia s\u0103 \u00eenve\u021be s\u0103 creeze propriile aranjamente florale \u0219i s\u0103 plece acas\u0103 cu ele.<\/p>\n<p><strong>17:00 \u2013 Surpriz\u0103 special\u0103: Prezentare de mod\u0103 Clara Rotescu<\/strong><br \/>\nCreatoarea de mod\u0103 Clara Rotescu ne va \u00eenc\u00e2nta cu o prezentare exclusiv\u0103 a colec\u021biei <strong>prim\u0103var\u0103-var\u0103 2025<\/strong>, un spectacol al elegan\u021bei \u0219i al feminit\u0103\u021bii autentice.<\/p>\n<p>\u00cen paralel, ne vom bucura \u0219i de o<strong> expozi\u021bie de fotografie semnat\u0103 de PhotoArt by Ralf (Raluca Alina Florecu), iar toate participantele vor primi goodie bags \u0219i alte surprize speciale<\/strong> din partea partenerilor no\u0219tri.<\/p>\n<p><strong>O zi dinamic\u0103, cu un vibe pozitiv \u0219i femei minunate care iubesc arta \u0219i frumosul!<\/strong><\/p>\n<p>\u00censcrie-te acum \u0219i rezerv\u0103-\u021bi locul pentru aceast\u0103 experien\u021b\u0103 unic\u0103!<\/p>","protected":false},"excerpt":{"rendered":"<p>PROMO: Cump\u0103r\u0103 participarea pentru dou\u0103 persoane \u0219i beneficiezi de o reducere special\u0103! Pe 12 aprilie, \u00eentre orele 12:00 &#8211; 18:00, te invit\u0103m la The Art of Femininity, un eveniment special organizat \u00een colaborare de &#8222;Vibra\u021bii de Iubire si Love2Connect&#8221; , desf\u0103\u0219urat \u00een spa\u021biul elegant Unda.Open Possibilities,Sos Straulesti 4,Bucuresti O zi dedicat\u0103 rafinamentului, reconect\u0103rii cu esen\u021ba [&hellip;]<\/p>","protected":false},"featured_media":13022,"comment_status":"open","ping_status":"closed","template":"","meta":{"_monsterinsights_skip_tracking":false,"_monsterinsights_sitenote_active":false,"_monsterinsights_sitenote_note":"","_monsterinsights_sitenote_category":0},"product_brand":[],"product_cat":[93],"product_tag":[],"class_list":{"0":"post-13018","1":"product","2":"type-product","3":"status-publish","4":"has-post-thumbnail","6":"product_cat-uncategorized","7":"wpbf-post","10":"instock","11":"sale","12":"sold-individually","13":"taxable","14":"shipping-taxable","15":"purchasable","16":"product-type-variable"},"brizy_media":[],"post_mailing_queue_ids":[],"_links":{"self":[{"href":"https:\/\/nicoletaghiris.ro\/en\/wp-json\/wp\/v2\/product\/13018","targetHints":{"allow":["GET"]}}],"collection":[{"href":"https:\/\/nicoletaghiris.ro\/en\/wp-json\/wp\/v2\/product"}],"about":[{"href":"https:\/\/nicoletaghiris.ro\/en\/wp-json\/wp\/v2\/types\/product"}],"replies":[{"embeddable":true,"href":"https:\/\/nicoletaghiris.ro\/en\/wp-json\/wp\/v2\/comments?post=13018"}],"wp:featuredmedia":[{"embeddable":true,"href":"https:\/\/nicoletaghiris.ro\/en\/wp-json\/wp\/v2\/media\/13022"}],"wp:attachment":[{"href":"https:\/\/nicoletaghiris.ro\/en\/wp-json\/wp\/v2\/media?parent=13018"}],"wp:term":[{"taxonomy":"product_brand","embeddable":true,"href":"https:\/\/nicoletaghiris.ro\/en\/wp-json\/wp\/v2\/product_brand?post=13018"},{"taxonomy":"product_cat","embeddable":true,"href":"https:\/\/nicoletaghiris.ro\/en\/wp-json\/wp\/v2\/product_cat?post=13018"},{"taxonomy":"product_tag","embeddable":true,"href":"https:\/\/nicoletaghiris.ro\/en\/wp-json\/wp\/v2\/product_tag?post=13018"}],"curies":[{"name":"wp","href":"https:\/\/api.w.org\/{rel}","templated":true}]}}