{"id":9102,"date":"2023-04-26T09:21:56","date_gmt":"2023-04-26T09:21:56","guid":{"rendered":"https:\/\/nicoletaghiris.ro\/?post_type=product&#038;p=9102"},"modified":"2023-07-12T13:08:42","modified_gmt":"2023-07-12T13:08:42","slug":"cursul-aleg-acces-1-an","status":"publish","type":"product","link":"https:\/\/nicoletaghiris.ro\/en\/product\/cursul-aleg-acces-1-an\/","title":{"rendered":"I CHOOSE Course 1 Year Access"},"content":{"rendered":"<p>In this course, you will learn how you can choose each day, moment by moment, everything that is most suitable for you.<\/p>\n<p>You will learn how to properly use the concept of choice to live the life you envision.<\/p>\n<p>When you choose, all the forces of the universe converge in the direction where you put your thoughts, attention, and energy. That's when magic happens.<\/p>\n<p>After purchase, you will receive: <strong>3 modules of 30-minute video course:<\/strong><\/p>\n<ul>\n<li>What is the concept of I Choose and how you can use it to achieve everything you desire, in any area of your life.<\/li>\n<li>How you can counteract negative thoughts, anxiety, and external situations that can undermine your choice.<\/li>\n<li>\"Can I manifest a relationship with x, even if he doesn't want to?\" Discover how you can manifest in relation to others.<\/li>\n<\/ul>","protected":false},"excerpt":{"rendered":"<p>\u00cen acest curs vei afla cum po\u021bI s\u0103 alegi \u00een fiecare zi, moment de moment, tot ce e mai potrivit pentru tine. Vei \u00eenv\u0103\u021ba cum s\u0103 folose\u0219ti corect conceptul aleg pentru a tr\u0103I via\u021ba pe care o \u021bI-o imaginezi. Atunci c\u00e2nd tu alegi, toate for\u021bele universului concur\u0103 \u00een direc\u021bia \u00een care \u00ee\u021bI pui g\u00e2ndul, aten\u021bia [&hellip;]<\/p>","protected":false},"featured_media":9435,"comment_status":"open","ping_status":"closed","template":"brizy-blank-template.php","meta":{"_monsterinsights_skip_tracking":false,"_monsterinsights_sitenote_active":false,"_monsterinsights_sitenote_note":"","_monsterinsights_sitenote_category":0},"product_brand":[],"product_cat":[95],"product_tag":[],"class_list":{"0":"post-9102","1":"product","2":"type-product","3":"status-publish","4":"has-post-thumbnail","6":"product_cat-memberships","7":"wpbf-post","10":"instock","11":"virtual","12":"taxable","13":"purchasable","14":"product-type-simple"},"brizy_media":[],"post_mailing_queue_ids":[],"_links":{"self":[{"href":"https:\/\/nicoletaghiris.ro\/en\/wp-json\/wp\/v2\/product\/9102","targetHints":{"allow":["GET"]}}],"collection":[{"href":"https:\/\/nicoletaghiris.ro\/en\/wp-json\/wp\/v2\/product"}],"about":[{"href":"https:\/\/nicoletaghiris.ro\/en\/wp-json\/wp\/v2\/types\/product"}],"replies":[{"embeddable":true,"href":"https:\/\/nicoletaghiris.ro\/en\/wp-json\/wp\/v2\/comments?post=9102"}],"wp:featuredmedia":[{"embeddable":true,"href":"https:\/\/nicoletaghiris.ro\/en\/wp-json\/wp\/v2\/media\/9435"}],"wp:attachment":[{"href":"https:\/\/nicoletaghiris.ro\/en\/wp-json\/wp\/v2\/media?parent=9102"}],"wp:term":[{"taxonomy":"product_brand","embeddable":true,"href":"https:\/\/nicoletaghiris.ro\/en\/wp-json\/wp\/v2\/product_brand?post=9102"},{"taxonomy":"product_cat","embeddable":true,"href":"https:\/\/nicoletaghiris.ro\/en\/wp-json\/wp\/v2\/product_cat?post=9102"},{"taxonomy":"product_tag","embeddable":true,"href":"https:\/\/nicoletaghiris.ro\/en\/wp-json\/wp\/v2\/product_tag?post=9102"}],"curies":[{"name":"wp","href":"https:\/\/api.w.org\/{rel}","templated":true}]}}